{"id":1780,"date":"2016-05-04T16:13:24","date_gmt":"2016-05-04T15:13:24","guid":{"rendered":"https:\/\/www.123ole.nl\/fr\/?page_id=1780"},"modified":"2016-05-09T08:59:56","modified_gmt":"2016-05-09T07:59:56","slug":"medias","status":"publish","type":"page","link":"https:\/\/www.123ole.nl\/fr\/medias\/","title":{"rendered":"Dans les m\u00e9dias"},"content":{"rendered":"\n<style type=\"text\/css\" data-created_by=\"avia_inline_auto\" id=\"style-css-av-av_section-2221ff307f33a889e056699615f3530e\">\n.avia-section.av-av_section-2221ff307f33a889e056699615f3530e{\nbackground-repeat:repeat;\nbackground-image:url(https:\/\/www.123ole.nl\/wp-content\/uploads\/2015\/10\/ole123-white-b.jpg);\nbackground-position:50% 50%;\nbackground-attachment:scroll;\n}\n<\/style>\n<div id='av_section_1'  class='avia-section av-av_section-2221ff307f33a889e056699615f3530e main_color avia-section-default avia-no-shadow  avia-builder-el-0  el_before_av_masonry_gallery  avia-builder-el-first  avia-bg-style-scroll container_wrap sidebar_right'  data-section-bg-repeat='repeat'><div class='container av-section-cont-open' ><main  role=\"main\" itemprop=\"mainContentOfPage\"  class='template-page content  av-content-small alpha units'><div class='post-entry post-entry-type-page post-entry-1780'><div class='entry-content-wrapper clearfix'>\n\n<style type=\"text\/css\" data-created_by=\"avia_inline_auto\" id=\"style-css-av-av_one_fifth-4b3cebe3fc43bf2633e8f7eedf75c8ce\">\n.flex_column.av-av_one_fifth-4b3cebe3fc43bf2633e8f7eedf75c8ce{\n-webkit-border-radius:0px 0px 0px 0px;\n-moz-border-radius:0px 0px 0px 0px;\nborder-radius:0px 0px 0px 0px;\npadding:0px 0px 0px 0px;\n}\n<\/style>\n<div class='flex_column av-av_one_fifth-4b3cebe3fc43bf2633e8f7eedf75c8ce av_one_fifth  avia-builder-el-1  el_before_av_three_fifth  avia-builder-el-first  introleeg first flex_column_div av-zero-column-padding '     ><\/div>\n<style type=\"text\/css\" data-created_by=\"avia_inline_auto\" id=\"style-css-av-av_three_fifth-9c1d454dc06f7247226bc4e8f931daae\">\n.flex_column.av-av_three_fifth-9c1d454dc06f7247226bc4e8f931daae{\n-webkit-border-radius:0px 0px 0px 0px;\n-moz-border-radius:0px 0px 0px 0px;\nborder-radius:0px 0px 0px 0px;\npadding:0px 0px 0px 0px;\n}\n<\/style>\n<div class='flex_column av-av_three_fifth-9c1d454dc06f7247226bc4e8f931daae av_three_fifth  avia-builder-el-2  el_after_av_one_fifth  el_before_av_one_fifth  flex_column_div av-zero-column-padding '     ><p>\n<style type=\"text\/css\" data-created_by=\"avia_inline_auto\" id=\"style-css-av-av_hr-95f113670fec3df5ac6468a92102b4a7\">\n#top .hr.av-av_hr-95f113670fec3df5ac6468a92102b4a7{\nmargin-top:0px;\nmargin-bottom:20px;\n}\n.hr.av-av_hr-95f113670fec3df5ac6468a92102b4a7 .hr-inner{\nwidth:100%;\nborder-color:#000000;\n}\n<\/style>\n<div  class='hr av-av_hr-95f113670fec3df5ac6468a92102b4a7 hr-custom  avia-builder-el-3  el_before_av_heading  avia-builder-el-first  hr-center hr-icon-no'><span class='hr-inner inner-border-av-border-thin'><span class=\"hr-inner-style\"><\/span><\/span><\/div><br \/>\n\n<style type=\"text\/css\" data-created_by=\"avia_inline_auto\" id=\"style-css-av-av_heading-68381c4dc76effa9d7fc8d01f3b03636\">\n#top .av-special-heading.av-av_heading-68381c4dc76effa9d7fc8d01f3b03636{\npadding-bottom:10px;\ncolor:#000000;\n}\nbody .av-special-heading.av-av_heading-68381c4dc76effa9d7fc8d01f3b03636 .av-special-heading-tag .heading-char{\nfont-size:25px;\n}\n.av-special-heading.av-av_heading-68381c4dc76effa9d7fc8d01f3b03636 .special-heading-inner-border{\nborder-color:#000000;\n}\n.av-special-heading.av-av_heading-68381c4dc76effa9d7fc8d01f3b03636 .av-subheading{\nfont-size:15px;\n}\n<\/style>\n<div  class='av-special-heading av-av_heading-68381c4dc76effa9d7fc8d01f3b03636 av-special-heading-h2 custom-color-heading blockquote modern-quote modern-centered  avia-builder-el-4  el_after_av_hr  el_before_av_hr '><h2 class='av-special-heading-tag'  itemprop=\"headline\"  >DANS LES M\u00c9DIAS<\/h2><div class=\"special-heading-border\"><div class=\"special-heading-inner-border\"><\/div><\/div><\/div><br \/>\n\n<style type=\"text\/css\" data-created_by=\"avia_inline_auto\" id=\"style-css-av-av_hr-66cfcdebc6ed906948bd504d8865287d\">\n#top .hr.hr-invisible.av-av_hr-66cfcdebc6ed906948bd504d8865287d{\nheight:20px;\n}\n<\/style>\n<div  class='hr av-av_hr-66cfcdebc6ed906948bd504d8865287d hr-invisible  avia-builder-el-5  el_after_av_heading  el_before_av_textblock '><span class='hr-inner '><span class=\"hr-inner-style\"><\/span><\/span><\/div><br \/>\n<section  class='av_textblock_section av-av_textblock-35972167d9f102c5ddaec0c531c98b9e'  itemscope=\"itemscope\" itemtype=\"https:\/\/schema.org\/CreativeWork\" ><div class='avia_textblock'  itemprop=\"text\" ><p>En toute modestie, chaque fois que les m\u00e9dias parlent de notre maison, nous sommes ravis des commentaires qu\u2019ils font. Nous sommes fiers d\u2019\u00eatre cit\u00e9s dans diff\u00e9rentes publications nationales et internationales.<\/p>\n<\/div><\/section><br \/>\n\n<style type=\"text\/css\" data-created_by=\"avia_inline_auto\" id=\"style-css-av-av_hr-95f113670fec3df5ac6468a92102b4a7\">\n#top .hr.av-av_hr-95f113670fec3df5ac6468a92102b4a7{\nmargin-top:0px;\nmargin-bottom:20px;\n}\n.hr.av-av_hr-95f113670fec3df5ac6468a92102b4a7 .hr-inner{\nwidth:100%;\nborder-color:#000000;\n}\n<\/style>\n<div  class='hr av-av_hr-95f113670fec3df5ac6468a92102b4a7 hr-custom  avia-builder-el-7  el_after_av_textblock  avia-builder-el-last  hr-center hr-icon-no'><span class='hr-inner inner-border-av-border-thin'><span class=\"hr-inner-style\"><\/span><\/span><\/div><\/p><\/div>\n<style type=\"text\/css\" data-created_by=\"avia_inline_auto\" id=\"style-css-av-av_one_fifth-76d3631a6a0ca4576a2c3ab7e248af1e\">\n.flex_column.av-av_one_fifth-76d3631a6a0ca4576a2c3ab7e248af1e{\n-webkit-border-radius:0px 0px 0px 0px;\n-moz-border-radius:0px 0px 0px 0px;\nborder-radius:0px 0px 0px 0px;\npadding:0px 0px 0px 0px;\n}\n<\/style>\n<div class='flex_column av-av_one_fifth-76d3631a6a0ca4576a2c3ab7e248af1e av_one_fifth  avia-builder-el-8  el_after_av_three_fifth  avia-builder-el-last  introleeg flex_column_div av-zero-column-padding '     ><\/div><div id='av-masonry-1' class='av-masonry av-av_masonry_gallery-4b3282fcf965cd8aa1af875e124f8428 noHover av-flex-size av-large-gap av-hover-overlay-active av-masonry-animation-active av-masonry-col-flexible av-caption-always av-caption-style- av-masonry-gallery '><div class=\"av-masonry-container isotope av-js-disabled\"><div class='av-masonry-entry isotope-item av-masonry-item-no-image '><\/div><div id='av-masonry-1-item-8038' data-av-masonry-item='8038' class='av-masonry-entry isotope-item post-8038 attachment type-attachment status-inherit hentry  av-masonry-item-with-image'    itemprop=\"thumbnailUrl\" ><div class='av-inner-masonry-sizer'><\/div><figure class='av-inner-masonry main_color'><div class=\"av-masonry-outerimage-container\"><div class='av-masonry-image-container'   ><img decoding=\"async\" width=\"496\" height=\"705\" class=\"wp-image-8038 avia-img-lazy-loading-not-8038\"  src=\"https:\/\/www.123ole.nl\/wp-content\/uploads\/2015\/12\/bedandbreakfast-december2013-496x705.jpg\" title=\"bedandbreakfast-december2013\" alt=\"\" srcset=\"https:\/\/www.123ole.nl\/wp-content\/uploads\/2015\/12\/bedandbreakfast-december2013-496x705.jpg 496w, https:\/\/www.123ole.nl\/wp-content\/uploads\/2015\/12\/bedandbreakfast-december2013-211x300.jpg 211w, https:\/\/www.123ole.nl\/wp-content\/uploads\/2015\/12\/bedandbreakfast-december2013-450x639.jpg 450w, https:\/\/www.123ole.nl\/wp-content\/uploads\/2015\/12\/bedandbreakfast-december2013.jpg 582w\" sizes=\"(max-width: 496px) 100vw, 496px\" \/><\/div><\/div><\/figure><\/div><!--end av-masonry entry--><div id='av-masonry-1-item-8302' data-av-masonry-item='8302' class='av-masonry-entry isotope-item post-8302 attachment type-attachment status-inherit hentry  av-masonry-item-with-image'    itemprop=\"thumbnailUrl\" ><div class='av-inner-masonry-sizer'><\/div><figure class='av-inner-masonry main_color'><div class=\"av-masonry-outerimage-container\"><div class='av-masonry-image-container'   ><img decoding=\"async\" width=\"705\" height=\"614\" class=\"wp-image-8302 avia-img-lazy-loading-not-8302\"  src=\"https:\/\/www.123ole.nl\/wp-content\/uploads\/2016\/01\/Flow-705x614.jpg\" title=\"Flow\" alt=\"\" srcset=\"https:\/\/www.123ole.nl\/wp-content\/uploads\/2016\/01\/Flow-705x614.jpg 705w, https:\/\/www.123ole.nl\/wp-content\/uploads\/2016\/01\/Flow-300x261.jpg 300w, https:\/\/www.123ole.nl\/wp-content\/uploads\/2016\/01\/Flow-768x669.jpg 768w, https:\/\/www.123ole.nl\/wp-content\/uploads\/2016\/01\/Flow-450x392.jpg 450w, https:\/\/www.123ole.nl\/wp-content\/uploads\/2016\/01\/Flow.jpg 874w\" sizes=\"(max-width: 705px) 100vw, 705px\" \/><\/div><\/div><\/figure><\/div><!--end av-masonry entry--><div id='av-masonry-1-item-8066' data-av-masonry-item='8066' class='av-masonry-entry isotope-item post-8066 attachment type-attachment status-inherit hentry  av-masonry-item-with-image'    itemprop=\"thumbnailUrl\" ><div class='av-inner-masonry-sizer'><\/div><figure class='av-inner-masonry main_color'><div class=\"av-masonry-outerimage-container\"><div class='av-masonry-image-container'   ><img decoding=\"async\" width=\"526\" height=\"705\" class=\"wp-image-8066 avia-img-lazy-loading-not-8066\"  src=\"https:\/\/www.123ole.nl\/wp-content\/uploads\/2015\/12\/dilemmas-vertrek-juli2013-526x705.jpg\" title=\"dilemmas-vertrek-juli2013\" alt=\"\" srcset=\"https:\/\/www.123ole.nl\/wp-content\/uploads\/2015\/12\/dilemmas-vertrek-juli2013-526x705.jpg 526w, https:\/\/www.123ole.nl\/wp-content\/uploads\/2015\/12\/dilemmas-vertrek-juli2013-224x300.jpg 224w, https:\/\/www.123ole.nl\/wp-content\/uploads\/2015\/12\/dilemmas-vertrek-juli2013-450x603.jpg 450w, https:\/\/www.123ole.nl\/wp-content\/uploads\/2015\/12\/dilemmas-vertrek-juli2013.jpg 634w\" sizes=\"(max-width: 526px) 100vw, 526px\" \/><\/div><\/div><\/figure><\/div><!--end av-masonry entry--><div id='av-masonry-1-item-8062' data-av-masonry-item='8062' class='av-masonry-entry isotope-item post-8062 attachment type-attachment status-inherit hentry  av-masonry-item-with-image'    itemprop=\"thumbnailUrl\" ><div class='av-inner-masonry-sizer'><\/div><figure class='av-inner-masonry main_color'><div class=\"av-masonry-outerimage-container\"><div class='av-masonry-image-container'   ><img decoding=\"async\" width=\"705\" height=\"543\" class=\"wp-image-8062 avia-img-lazy-loading-not-8062\"  src=\"https:\/\/www.123ole.nl\/wp-content\/uploads\/2015\/12\/athome-juli-2012-705x543.jpg\" title=\"athome-juli-2012\" alt=\"\" srcset=\"https:\/\/www.123ole.nl\/wp-content\/uploads\/2015\/12\/athome-juli-2012-705x543.jpg 705w, https:\/\/www.123ole.nl\/wp-content\/uploads\/2015\/12\/athome-juli-2012-300x231.jpg 300w, https:\/\/www.123ole.nl\/wp-content\/uploads\/2015\/12\/athome-juli-2012-768x592.jpg 768w, https:\/\/www.123ole.nl\/wp-content\/uploads\/2015\/12\/athome-juli-2012-1030x793.jpg 1030w, https:\/\/www.123ole.nl\/wp-content\/uploads\/2015\/12\/athome-juli-2012-450x347.jpg 450w, https:\/\/www.123ole.nl\/wp-content\/uploads\/2015\/12\/athome-juli-2012.jpg 1106w\" sizes=\"(max-width: 705px) 100vw, 705px\" \/><\/div><\/div><\/figure><\/div><!--end av-masonry entry--><div id='av-masonry-1-item-8306' data-av-masonry-item='8306' class='av-masonry-entry isotope-item post-8306 attachment type-attachment status-inherit hentry  av-masonry-item-with-image'    itemprop=\"thumbnailUrl\" ><div class='av-inner-masonry-sizer'><\/div><figure class='av-inner-masonry main_color'><div class=\"av-masonry-outerimage-container\"><div class='av-masonry-image-container'   ><img decoding=\"async\" width=\"705\" height=\"666\" class=\"wp-image-8306 avia-img-lazy-loading-not-8306\"  src=\"https:\/\/www.123ole.nl\/wp-content\/uploads\/2016\/01\/Vrouw-Magazine-705x666.jpg\" title=\"Vrouw Magazine\" alt=\"\" srcset=\"https:\/\/www.123ole.nl\/wp-content\/uploads\/2016\/01\/Vrouw-Magazine-705x666.jpg 705w, https:\/\/www.123ole.nl\/wp-content\/uploads\/2016\/01\/Vrouw-Magazine-300x283.jpg 300w, https:\/\/www.123ole.nl\/wp-content\/uploads\/2016\/01\/Vrouw-Magazine-768x726.jpg 768w, https:\/\/www.123ole.nl\/wp-content\/uploads\/2016\/01\/Vrouw-Magazine-450x425.jpg 450w, https:\/\/www.123ole.nl\/wp-content\/uploads\/2016\/01\/Vrouw-Magazine.jpg 796w\" sizes=\"(max-width: 705px) 100vw, 705px\" \/><\/div><\/div><\/figure><\/div><!--end av-masonry entry--><div id='av-masonry-1-item-8050' data-av-masonry-item='8050' class='av-masonry-entry isotope-item post-8050 attachment type-attachment status-inherit hentry  av-masonry-item-with-image'    itemprop=\"thumbnailUrl\" ><div class='av-inner-masonry-sizer'><\/div><figure class='av-inner-masonry main_color'><div class=\"av-masonry-outerimage-container\"><div class='av-masonry-image-container'   ><img decoding=\"async\" width=\"612\" height=\"705\" class=\"wp-image-8050 avia-img-lazy-loading-not-8050\"  src=\"https:\/\/www.123ole.nl\/wp-content\/uploads\/2015\/12\/girlz-8-7-2014-612x705.jpg\" title=\"girlz-8-7-2014\" alt=\"\" srcset=\"https:\/\/www.123ole.nl\/wp-content\/uploads\/2015\/12\/girlz-8-7-2014-612x705.jpg 612w, https:\/\/www.123ole.nl\/wp-content\/uploads\/2015\/12\/girlz-8-7-2014-260x300.jpg 260w, https:\/\/www.123ole.nl\/wp-content\/uploads\/2015\/12\/girlz-8-7-2014-450x519.jpg 450w, https:\/\/www.123ole.nl\/wp-content\/uploads\/2015\/12\/girlz-8-7-2014.jpg 674w\" sizes=\"(max-width: 612px) 100vw, 612px\" \/><\/div><\/div><\/figure><\/div><!--end av-masonry entry--><div id='av-masonry-1-item-8070' data-av-masonry-item='8070' class='av-masonry-entry isotope-item post-8070 attachment type-attachment status-inherit hentry  av-masonry-item-with-image'    itemprop=\"thumbnailUrl\" ><div class='av-inner-masonry-sizer'><\/div><figure class='av-inner-masonry main_color'><div class=\"av-masonry-outerimage-container\"><div class='av-masonry-image-container'   ><img decoding=\"async\" width=\"515\" height=\"705\" class=\"wp-image-8070 avia-img-lazy-loading-not-8070\"  src=\"https:\/\/www.123ole.nl\/wp-content\/uploads\/2015\/12\/weloveloving-2012-515x705.jpg\" title=\"weloveloving-2012\" alt=\"\" srcset=\"https:\/\/www.123ole.nl\/wp-content\/uploads\/2015\/12\/weloveloving-2012-515x705.jpg 515w, https:\/\/www.123ole.nl\/wp-content\/uploads\/2015\/12\/weloveloving-2012-219x300.jpg 219w, https:\/\/www.123ole.nl\/wp-content\/uploads\/2015\/12\/weloveloving-2012-450x615.jpg 450w, https:\/\/www.123ole.nl\/wp-content\/uploads\/2015\/12\/weloveloving-2012.jpg 620w\" sizes=\"(max-width: 515px) 100vw, 515px\" \/><\/div><\/div><\/figure><\/div><!--end av-masonry entry--><\/div><\/div><\/p>\n","protected":false},"excerpt":{"rendered":"","protected":false},"author":12,"featured_media":0,"parent":0,"menu_order":0,"comment_status":"closed","ping_status":"closed","template":"","meta":{"footnotes":""},"class_list":["post-1780","page","type-page","status-publish","hentry"],"yoast_head":"<!-- This site is optimized with the Yoast SEO plugin v26.5 - https:\/\/yoast.com\/wordpress\/plugins\/seo\/ -->\n<title>Dans les m\u00e9dias - Variee ole!<\/title>\n<meta name=\"robots\" content=\"index, follow, max-snippet:-1, max-image-preview:large, max-video-preview:-1\" \/>\n<link rel=\"canonical\" href=\"https:\/\/www.123ole.nl\/fr\/medias\/\" \/>\n<meta property=\"og:locale\" content=\"fr_FR\" \/>\n<meta property=\"og:type\" content=\"article\" \/>\n<meta property=\"og:title\" content=\"Dans les m\u00e9dias - Variee ole!\" \/>\n<meta property=\"og:url\" content=\"https:\/\/www.123ole.nl\/fr\/medias\/\" \/>\n<meta property=\"og:site_name\" content=\"Variee ole!\" \/>\n<meta property=\"article:publisher\" content=\"https:\/\/www.facebook.com\/123ole\/\" \/>\n<meta property=\"article:modified_time\" content=\"2016-05-09T07:59:56+00:00\" \/>\n<meta property=\"og:image\" content=\"https:\/\/www.123ole.nl\/wp-content\/uploads\/2015\/04\/Can-Portell-Spanje.jpg\" \/>\n\t<meta property=\"og:image:width\" content=\"1500\" \/>\n\t<meta property=\"og:image:height\" content=\"996\" \/>\n\t<meta property=\"og:image:type\" content=\"image\/jpeg\" \/>\n<meta name=\"twitter:card\" content=\"summary_large_image\" \/>\n<meta name=\"twitter:label1\" content=\"Est. reading time\" \/>\n\t<meta name=\"twitter:data1\" content=\"3 minutes\" \/>\n<script type=\"application\/ld+json\" class=\"yoast-schema-graph\">{\"@context\":\"https:\/\/schema.org\",\"@graph\":[{\"@type\":\"WebPage\",\"@id\":\"https:\/\/www.123ole.nl\/fr\/medias\/\",\"url\":\"https:\/\/www.123ole.nl\/fr\/medias\/\",\"name\":\"Dans les m\u00e9dias - Variee ole!\",\"isPartOf\":{\"@id\":\"https:\/\/www.123ole.nl\/ca\/#website\"},\"datePublished\":\"2016-05-04T15:13:24+00:00\",\"dateModified\":\"2016-05-09T07:59:56+00:00\",\"breadcrumb\":{\"@id\":\"https:\/\/www.123ole.nl\/fr\/medias\/#breadcrumb\"},\"inLanguage\":\"fr-FR\",\"potentialAction\":[{\"@type\":\"ReadAction\",\"target\":[\"https:\/\/www.123ole.nl\/fr\/medias\/\"]}]},{\"@type\":\"BreadcrumbList\",\"@id\":\"https:\/\/www.123ole.nl\/fr\/medias\/#breadcrumb\",\"itemListElement\":[{\"@type\":\"ListItem\",\"position\":1,\"name\":\"Home\",\"item\":\"https:\/\/www.123ole.nl\/fr\/home\/\"},{\"@type\":\"ListItem\",\"position\":2,\"name\":\"Dans les m\u00e9dias\"}]},{\"@type\":\"WebSite\",\"@id\":\"https:\/\/www.123ole.nl\/ca\/#website\",\"url\":\"https:\/\/www.123ole.nl\/ca\/\",\"name\":\"Variee ole!\",\"description\":\"&quot;123 ole!&quot;\",\"potentialAction\":[{\"@type\":\"SearchAction\",\"target\":{\"@type\":\"EntryPoint\",\"urlTemplate\":\"https:\/\/www.123ole.nl\/ca\/?s={search_term_string}\"},\"query-input\":{\"@type\":\"PropertyValueSpecification\",\"valueRequired\":true,\"valueName\":\"search_term_string\"}}],\"inLanguage\":\"fr-FR\"}]}<\/script>\n<!-- \/ Yoast SEO plugin. -->","yoast_head_json":{"title":"Dans les m\u00e9dias - Variee ole!","robots":{"index":"index","follow":"follow","max-snippet":"max-snippet:-1","max-image-preview":"max-image-preview:large","max-video-preview":"max-video-preview:-1"},"canonical":"https:\/\/www.123ole.nl\/fr\/medias\/","og_locale":"fr_FR","og_type":"article","og_title":"Dans les m\u00e9dias - Variee ole!","og_url":"https:\/\/www.123ole.nl\/fr\/medias\/","og_site_name":"Variee ole!","article_publisher":"https:\/\/www.facebook.com\/123ole\/","article_modified_time":"2016-05-09T07:59:56+00:00","og_image":[{"width":1500,"height":996,"url":"https:\/\/www.123ole.nl\/wp-content\/uploads\/2015\/04\/Can-Portell-Spanje.jpg","type":"image\/jpeg"}],"twitter_card":"summary_large_image","twitter_misc":{"Est. reading time":"3 minutes"},"schema":{"@context":"https:\/\/schema.org","@graph":[{"@type":"WebPage","@id":"https:\/\/www.123ole.nl\/fr\/medias\/","url":"https:\/\/www.123ole.nl\/fr\/medias\/","name":"Dans les m\u00e9dias - Variee ole!","isPartOf":{"@id":"https:\/\/www.123ole.nl\/ca\/#website"},"datePublished":"2016-05-04T15:13:24+00:00","dateModified":"2016-05-09T07:59:56+00:00","breadcrumb":{"@id":"https:\/\/www.123ole.nl\/fr\/medias\/#breadcrumb"},"inLanguage":"fr-FR","potentialAction":[{"@type":"ReadAction","target":["https:\/\/www.123ole.nl\/fr\/medias\/"]}]},{"@type":"BreadcrumbList","@id":"https:\/\/www.123ole.nl\/fr\/medias\/#breadcrumb","itemListElement":[{"@type":"ListItem","position":1,"name":"Home","item":"https:\/\/www.123ole.nl\/fr\/home\/"},{"@type":"ListItem","position":2,"name":"Dans les m\u00e9dias"}]},{"@type":"WebSite","@id":"https:\/\/www.123ole.nl\/ca\/#website","url":"https:\/\/www.123ole.nl\/ca\/","name":"Variee ole!","description":"&quot;123 ole!&quot;","potentialAction":[{"@type":"SearchAction","target":{"@type":"EntryPoint","urlTemplate":"https:\/\/www.123ole.nl\/ca\/?s={search_term_string}"},"query-input":{"@type":"PropertyValueSpecification","valueRequired":true,"valueName":"search_term_string"}}],"inLanguage":"fr-FR"}]}},"_links":{"self":[{"href":"https:\/\/www.123ole.nl\/fr\/wp-json\/wp\/v2\/pages\/1780","targetHints":{"allow":["GET"]}}],"collection":[{"href":"https:\/\/www.123ole.nl\/fr\/wp-json\/wp\/v2\/pages"}],"about":[{"href":"https:\/\/www.123ole.nl\/fr\/wp-json\/wp\/v2\/types\/page"}],"author":[{"embeddable":true,"href":"https:\/\/www.123ole.nl\/fr\/wp-json\/wp\/v2\/users\/12"}],"replies":[{"embeddable":true,"href":"https:\/\/www.123ole.nl\/fr\/wp-json\/wp\/v2\/comments?post=1780"}],"version-history":[{"count":0,"href":"https:\/\/www.123ole.nl\/fr\/wp-json\/wp\/v2\/pages\/1780\/revisions"}],"wp:attachment":[{"href":"https:\/\/www.123ole.nl\/fr\/wp-json\/wp\/v2\/media?parent=1780"}],"curies":[{"name":"wp","href":"https:\/\/api.w.org\/{rel}","templated":true}]}}