{"id":1765,"date":"2016-05-04T15:46:27","date_gmt":"2016-05-04T14:46:27","guid":{"rendered":"https:\/\/www.123ole.nl\/fr\/?page_id=1765"},"modified":"2016-05-09T09:41:45","modified_gmt":"2016-05-09T08:41:45","slug":"lieu-et-region","status":"publish","type":"page","link":"https:\/\/www.123ole.nl\/fr\/lieu-et-region\/","title":{"rendered":"Lieu et R\u00e9gion"},"content":{"rendered":"\n<style type=\"text\/css\" data-created_by=\"avia_inline_auto\" id=\"style-css-av-av_section-08f622b9e14beae2c959d4a3cd17693f\">\n.avia-section.av-av_section-08f622b9e14beae2c959d4a3cd17693f{\nbackground-repeat:no-repeat;\nbackground-image:url(https:\/\/www.123ole.nl\/wp-content\/uploads\/2015\/12\/OLE123-banner-c.jpg);\nbackground-position:50% 50%;\nbackground-attachment:scroll;\n}\n<\/style>\n<div id='av_section_1'  class='avia-section av-av_section-08f622b9e14beae2c959d4a3cd17693f main_color avia-section-small avia-no-border-styling  avia-builder-el-0  el_before_av_section  avia-builder-el-first  avia-full-stretch avia-bg-style-scroll av-minimum-height av-minimum-height-custom  container_wrap sidebar_right'  data-section-bg-repeat='stretch' data-av_minimum_height_px='70'><div class='container av-section-cont-open' style='height:70px'><main  role=\"main\" itemprop=\"mainContentOfPage\"  class='template-page content  av-content-small alpha units'><div class='post-entry post-entry-type-page post-entry-1765'><div class='entry-content-wrapper clearfix'>\n<\/div><\/div><\/main><!-- close content main element --><\/div><\/div>\n<style type=\"text\/css\" data-created_by=\"avia_inline_auto\" id=\"style-css-av-av_section-25c5470a953fd66951791a7763f26195\">\n.avia-section.av-av_section-25c5470a953fd66951791a7763f26195{\nbackground-repeat:repeat;\nbackground-image:url(https:\/\/www.123ole.nl\/wp-content\/uploads\/2015\/10\/ole123-white-b.jpg);\nbackground-position:50% 50%;\nbackground-attachment:scroll;\n}\n<\/style>\n<div id='av_section_2'  class='avia-section av-av_section-25c5470a953fd66951791a7763f26195 main_color avia-section-default avia-no-border-styling  avia-builder-el-1  el_after_av_section  el_before_av_section  avia-bg-style-scroll container_wrap sidebar_right'  data-section-bg-repeat='repeat'><div class='container av-section-cont-open' ><div class='template-page content  av-content-small alpha units'><div class='post-entry post-entry-type-page post-entry-1765'><div class='entry-content-wrapper clearfix'>\n\n<style type=\"text\/css\" data-created_by=\"avia_inline_auto\" id=\"style-css-av-av_hr-921fee5c460087b48939f6789d922a66\">\n#top .hr.hr-invisible.av-av_hr-921fee5c460087b48939f6789d922a66{\nheight:10px;\n}\n<\/style>\n<div  class='hr av-av_hr-921fee5c460087b48939f6789d922a66 hr-invisible  avia-builder-el-2  el_before_av_textblock  avia-builder-el-first '><span class='hr-inner '><span class=\"hr-inner-style\"><\/span><\/span><\/div>\n<section  class='av_textblock_section av-av_textblock-35972167d9f102c5ddaec0c531c98b9e'  itemscope=\"itemscope\" itemtype=\"https:\/\/schema.org\/CreativeWork\" ><div class='avia_textblock'  itemprop=\"text\" ><h1 style=\"text-align: center;\"><span style=\"font-family: matador;\">Lieu\u00a0et\u00a0r\u00e9gion<\/span><\/h1>\n<\/div><\/section>\n\n<\/div><\/div><\/div><!-- close content main div --><\/div><\/div><div id='fwcs'  class='avia-section av-av_section-ec17d147525af579deec72f303124710 main_color avia-section-no-padding avia-no-border-styling  avia-builder-el-4  el_after_av_section  el_before_av_section  swap-mobile-1 avia-bg-style-scroll container_wrap sidebar_right'  ><div class='container av-section-cont-open' ><div class='template-page content  av-content-small alpha units'><div class='post-entry post-entry-type-page post-entry-1765'><div class='entry-content-wrapper clearfix'>\n<div class='flex_column_table av-av_one_half-23502eecd61398e1e0262ee280d3b160 sc-av_one_half av-equal-height-column-flextable'>\n<style type=\"text\/css\" data-created_by=\"avia_inline_auto\" id=\"style-css-av-av_one_half-23502eecd61398e1e0262ee280d3b160\">\n.flex_column.av-av_one_half-23502eecd61398e1e0262ee280d3b160{\nborder-width:3px;\nborder-style:solid;\n-webkit-border-radius:0px 0px 0px 0px;\n-moz-border-radius:0px 0px 0px 0px;\nborder-radius:0px 0px 0px 0px;\npadding:150px 30px 30px 30px;\nbackground:url(https:\/\/www.123ole.nl\/wp-content\/uploads\/2015\/12\/Outside-Ole123.jpg) 50% 50% no-repeat scroll ;\n}\n<\/style>\n<div class='flex_column av-av_one_half-23502eecd61398e1e0262ee280d3b160 av_one_half  avia-builder-el-5  el_before_av_one_half  avia-builder-el-first  eentweedeblok first flex_column_table_cell av-equal-height-column av-align-top avia-full-stretch '     ><style type=\"text\/css\" data-created_by=\"avia_inline_auto\" id=\"style-css-av-av_hr-901f9e35224a97c8fb975e601b284006\">\n#top .hr.hr-invisible.av-av_hr-901f9e35224a97c8fb975e601b284006{\nheight:70px;\n}\n<\/style>\n<div  class='hr av-av_hr-901f9e35224a97c8fb975e601b284006 hr-invisible  avia-builder-el-6  avia-builder-el-no-sibling '><span class='hr-inner '><span class=\"hr-inner-style\"><\/span><\/span><\/div><\/div><div class='av-flex-placeholder'><\/div>\n<style type=\"text\/css\" data-created_by=\"avia_inline_auto\" id=\"style-css-av-av_one_half-76470e038064fd203dc882d2d84908eb\">\n.flex_column.av-av_one_half-76470e038064fd203dc882d2d84908eb{\nborder-width:3px;\nborder-style:solid;\n-webkit-border-radius:0px 0px 0px 0px;\n-moz-border-radius:0px 0px 0px 0px;\nborder-radius:0px 0px 0px 0px;\npadding:100px 30px 30px 30px;\nbackground:url(https:\/\/www.123ole.nl\/wp-content\/uploads\/2015\/10\/ole123-white-b.jpg) 50% 50% no-repeat scroll ;\n}\n<\/style>\n<div class='flex_column av-av_one_half-76470e038064fd203dc882d2d84908eb av_one_half  avia-builder-el-7  el_after_av_one_half  avia-builder-el-last  eentweedeblok flex_column_table_cell av-equal-height-column av-align-top avia-full-stretch '     ><section  class='av_textblock_section av-av_textblock-35972167d9f102c5ddaec0c531c98b9e'  itemscope=\"itemscope\" itemtype=\"https:\/\/schema.org\/CreativeWork\" ><div class='avia_textblock'  itemprop=\"text\" ><h2 style=\"text-align: center;\">Lieu et accessibilit\u00e9<\/h2>\n<\/div><\/section><br \/>\n\n<style type=\"text\/css\" data-created_by=\"avia_inline_auto\" id=\"style-css-av-av_hr-bd84104f09c397338597807ab31c6aca\">\n#top .hr.hr-invisible.av-av_hr-bd84104f09c397338597807ab31c6aca{\nheight:15px;\n}\n<\/style>\n<div  class='hr av-av_hr-bd84104f09c397338597807ab31c6aca hr-invisible  avia-builder-el-9  el_after_av_textblock  el_before_av_textblock '><span class='hr-inner '><span class=\"hr-inner-style\"><\/span><\/span><\/div><br \/>\n\n<style type=\"text\/css\" data-created_by=\"avia_inline_auto\" id=\"style-css-av-av_textblock-6763aea0c97f3484dbd068e780623504\">\n#top .av_textblock_section.av-av_textblock-6763aea0c97f3484dbd068e780623504 .avia_textblock{\ncolor:#000000;\n}\n<\/style>\n<section  class='av_textblock_section av-av_textblock-6763aea0c97f3484dbd068e780623504'  itemscope=\"itemscope\" itemtype=\"https:\/\/schema.org\/CreativeWork\" ><div class='avia_textblock av_inherit_color'  itemprop=\"text\" ><p>Can Portell, \u00e0 Sant Andreu del Terri, \u00e0 pr\u00e8s d\u2019une demi-heure de voiture de la fronti\u00e8re franco-espagnole, est plut\u00f4t cach\u00e9 au fond de la campagne catalane. Il est situ\u00e9 \u00e0 \u00e9quidistance de Perpignan et de Barcelone, \u00e0 30\u00a0km des plages idylliques de la Costa Brava. Les Pyr\u00e9n\u00e9es s\u2019\u00e9tendent sur toute la largeur de l\u2019horizon. Sant Andreu del Terri est un hameau, o\u00f9 la population a doubl\u00e9 \u00e0 notre arriv\u00e9e.<\/p>\n<p>Notre masia se trouve \u00e0 15\u00a0minutes du lac de Banyoles, site de la comp\u00e9tition d\u2019aviron des Jeux Olympiques de 1992, et de la charmante ville de G\u00e9rone. Un point de d\u00e9part id\u00e9al donc pour tous types d\u2019activit\u00e9s et un endroit d\u00e9licieux pour se relaxer dans la tranquillit\u00e9 de la campagne, effectuer une marche agr\u00e9able et r\u00eavasser dans notre spacieux jardin.<\/p>\n<\/div><\/section><br \/>\n\n<style type=\"text\/css\" data-created_by=\"avia_inline_auto\" id=\"style-css-av-av_hr-bd84104f09c397338597807ab31c6aca\">\n#top .hr.hr-invisible.av-av_hr-bd84104f09c397338597807ab31c6aca{\nheight:15px;\n}\n<\/style>\n<div  class='hr av-av_hr-bd84104f09c397338597807ab31c6aca hr-invisible  avia-builder-el-11  el_after_av_textblock  el_before_av_textblock '><span class='hr-inner '><span class=\"hr-inner-style\"><\/span><\/span><\/div><br \/>\n\n<style type=\"text\/css\" data-created_by=\"avia_inline_auto\" id=\"style-css-av-av_textblock-6763aea0c97f3484dbd068e780623504\">\n#top .av_textblock_section.av-av_textblock-6763aea0c97f3484dbd068e780623504 .avia_textblock{\ncolor:#000000;\n}\n<\/style>\n<section  class='av_textblock_section av-av_textblock-6763aea0c97f3484dbd068e780623504'  itemscope=\"itemscope\" itemtype=\"https:\/\/schema.org\/CreativeWork\" ><div class='avia_textblock av_inherit_color'  itemprop=\"text\" ><p style=\"text-align: center;\"><a href=\"https:\/\/www.123ole.nl\/fr\/lieu-et-region\/indications-routieres\/\">En savoir plus\u00a0&gt;&gt;<\/a><\/p>\n<\/div><\/section><\/p><\/div><\/div><!--close column table wrapper. Autoclose: 1 --><\/div><\/div><\/div><!-- close content main div --><\/div><\/div><div id='fwcs'  class='avia-section av-av_section-1aba36570215b0cacb54f9b43ead8ac1 main_color avia-section-no-padding avia-no-border-styling  avia-builder-el-13  el_after_av_section  el_before_av_section  avia-bg-style-scroll container_wrap sidebar_right'  ><div class='container av-section-cont-open' ><div class='template-page content  av-content-small alpha units'><div class='post-entry post-entry-type-page post-entry-1765'><div class='entry-content-wrapper clearfix'>\n<div class='flex_column_table av-av_one_half-6e5d458737d301545ac8cfd71547e953 sc-av_one_half av-equal-height-column-flextable'>\n<style type=\"text\/css\" data-created_by=\"avia_inline_auto\" id=\"style-css-av-av_one_half-6e5d458737d301545ac8cfd71547e953\">\n.flex_column.av-av_one_half-6e5d458737d301545ac8cfd71547e953{\nborder-width:3px;\nborder-style:solid;\n-webkit-border-radius:0px 0px 0px 0px;\n-moz-border-radius:0px 0px 0px 0px;\nborder-radius:0px 0px 0px 0px;\npadding:0px 0px 0px 0px;\nbackground:url(https:\/\/www.123ole.nl\/wp-content\/uploads\/2016\/04\/Girona2.jpg) 50% 50% no-repeat scroll ;\n}\n<\/style>\n<div class='flex_column av-av_one_half-6e5d458737d301545ac8cfd71547e953 av_one_half  avia-builder-el-14  el_before_av_one_half  avia-builder-el-first  eentweedeblok first flex_column_table_cell av-equal-height-column av-align-top av-zero-column-padding avia-full-stretch '     ><style type=\"text\/css\" data-created_by=\"avia_inline_auto\" id=\"style-css-av-av_hr-901f9e35224a97c8fb975e601b284006\">\n#top .hr.hr-invisible.av-av_hr-901f9e35224a97c8fb975e601b284006{\nheight:70px;\n}\n<\/style>\n<div  class='hr av-av_hr-901f9e35224a97c8fb975e601b284006 hr-invisible  avia-builder-el-15  avia-builder-el-no-sibling '><span class='hr-inner '><span class=\"hr-inner-style\"><\/span><\/span><\/div><\/div><div class='av-flex-placeholder'><\/div>\n<style type=\"text\/css\" data-created_by=\"avia_inline_auto\" id=\"style-css-av-av_one_half-76470e038064fd203dc882d2d84908eb\">\n.flex_column.av-av_one_half-76470e038064fd203dc882d2d84908eb{\nborder-width:3px;\nborder-style:solid;\n-webkit-border-radius:0px 0px 0px 0px;\n-moz-border-radius:0px 0px 0px 0px;\nborder-radius:0px 0px 0px 0px;\npadding:100px 30px 30px 30px;\nbackground:url(https:\/\/www.123ole.nl\/wp-content\/uploads\/2015\/10\/ole123-white-b.jpg) 50% 50% no-repeat scroll ;\n}\n<\/style>\n<div class='flex_column av-av_one_half-76470e038064fd203dc882d2d84908eb av_one_half  avia-builder-el-16  el_after_av_one_half  avia-builder-el-last  eentweedeblok flex_column_table_cell av-equal-height-column av-align-top avia-full-stretch '     ><section  class='av_textblock_section av-av_textblock-35972167d9f102c5ddaec0c531c98b9e'  itemscope=\"itemscope\" itemtype=\"https:\/\/schema.org\/CreativeWork\" ><div class='avia_textblock'  itemprop=\"text\" ><h2 style=\"text-align: center;\">La Catalogne<\/h2>\n<\/div><\/section><br \/>\n\n<style type=\"text\/css\" data-created_by=\"avia_inline_auto\" id=\"style-css-av-av_hr-bd84104f09c397338597807ab31c6aca\">\n#top .hr.hr-invisible.av-av_hr-bd84104f09c397338597807ab31c6aca{\nheight:15px;\n}\n<\/style>\n<div  class='hr av-av_hr-bd84104f09c397338597807ab31c6aca hr-invisible  avia-builder-el-18  el_after_av_textblock  el_before_av_textblock '><span class='hr-inner '><span class=\"hr-inner-style\"><\/span><\/span><\/div><br \/>\n\n<style type=\"text\/css\" data-created_by=\"avia_inline_auto\" id=\"style-css-av-av_textblock-6763aea0c97f3484dbd068e780623504\">\n#top .av_textblock_section.av-av_textblock-6763aea0c97f3484dbd068e780623504 .avia_textblock{\ncolor:#000000;\n}\n<\/style>\n<section  class='av_textblock_section av-av_textblock-6763aea0c97f3484dbd068e780623504'  itemscope=\"itemscope\" itemtype=\"https:\/\/schema.org\/CreativeWork\" ><div class='avia_textblock av_inherit_color'  itemprop=\"text\" ><p>Cette r\u00e9gion de l\u2019Espagne est l\u2019un des rares endroits au monde o\u00f9 l\u2019on peut faire une randonn\u00e9e en montage le matin (et skier en hiver car, \u00e0 1,5\u00a0heure de notre B&amp;B, on est \u00e0 2400\u00a0m\u00e8tres d\u2019altitude), d\u00e9plier sa serviette de plage l\u2019apr\u00e8s-midi et d\u00e9guster un verre de vin sur l\u2019une des terrasses anim\u00e9es de G\u00e9rone le soir. En outre, on y trouve tout ce qu\u2019on peut attendre d\u2019une destination de vacances\u00a0: les plages \u00e0 perte de vue et les criques cach\u00e9s de la Costa Brava, l\u2019impressionnant triangle dalinien, les villages et ch\u00e2teaux oubli\u00e9s, pr\u00e8s des villes culturelles de G\u00e9rone, Figueras et Barcelone, les plus beaux sentiers p\u00e9destres qui jamais ne terminent, les march\u00e9s aux puces chaque week-end et les meilleurs parcours de golf en Catalogne (PGA Catalunya, Golf Girona, Emporda Golf, Golf Platja de Pals, Golf Costa Brava, etc.). Durant l\u2019\u00e9t\u00e9, vous pourrez vous divertir le soir \u00e0 la lueur des \u00e9toiles en assistant \u00e0 l\u2019un des nombreux festivals en plein air de musique (Festival de Cap Roig, Festival Castell de Peralada, Festival de la Porta Ferrada). Ou faire un saut en France et savourer un Pernod \u00e0 Collioure. Fatigu\u00e9 de toutes ces activit\u00e9s\u00a0? Il vous suffira de passer une journ\u00e9e \u00ab\u00a0\u00e0 la maison\u00a0\u00bb au bord de notre piscine.<\/p>\n<\/div><\/section><br \/>\n\n<style type=\"text\/css\" data-created_by=\"avia_inline_auto\" id=\"style-css-av-av_hr-bd84104f09c397338597807ab31c6aca\">\n#top .hr.hr-invisible.av-av_hr-bd84104f09c397338597807ab31c6aca{\nheight:15px;\n}\n<\/style>\n<div  class='hr av-av_hr-bd84104f09c397338597807ab31c6aca hr-invisible  avia-builder-el-20  el_after_av_textblock  el_before_av_textblock '><span class='hr-inner '><span class=\"hr-inner-style\"><\/span><\/span><\/div><br \/>\n\n<style type=\"text\/css\" data-created_by=\"avia_inline_auto\" id=\"style-css-av-av_textblock-6763aea0c97f3484dbd068e780623504\">\n#top .av_textblock_section.av-av_textblock-6763aea0c97f3484dbd068e780623504 .avia_textblock{\ncolor:#000000;\n}\n<\/style>\n<section  class='av_textblock_section av-av_textblock-6763aea0c97f3484dbd068e780623504'  itemscope=\"itemscope\" itemtype=\"https:\/\/schema.org\/CreativeWork\" ><div class='avia_textblock av_inherit_color'  itemprop=\"text\" ><p style=\"text-align: center;\"><a href=\"https:\/\/www.123ole.nl\/fr\/lieu-et-region\/region\/\">En savoir plus\u00a0&gt;&gt;<\/a><\/p>\n<\/div><\/section><\/p><\/div><\/div><!--close column table wrapper. Autoclose: 1 --><\/div><\/div><\/div><!-- close content main div --><\/div><\/div>\n<style type=\"text\/css\" data-created_by=\"avia_inline_auto\" id=\"style-css-av-av_section-c669eb898479911e34664401d1422df4\">\n.avia-section.av-av_section-c669eb898479911e34664401d1422df4{\nbackground-repeat:no-repeat;\nbackground-image:url(https:\/\/www.123ole.nl\/wp-content\/uploads\/2015\/12\/OLE123-banner-f.jpg);\nbackground-position:50% 50%;\nbackground-attachment:scroll;\n}\n<\/style>\n<div id='av_section_5'  class='avia-section av-av_section-c669eb898479911e34664401d1422df4 main_color avia-section-small avia-no-border-styling  avia-builder-el-22  el_after_av_section  avia-builder-el-last  avia-full-stretch avia-bg-style-scroll av-minimum-height av-minimum-height-custom  container_wrap sidebar_right'  data-section-bg-repeat='stretch' data-av_minimum_height_px='70'><div class='container av-section-cont-open' style='height:70px'><div class='template-page content  av-content-small alpha units'><div class='post-entry post-entry-type-page post-entry-1765'><div class='entry-content-wrapper clearfix'><\/div><\/div><\/div><!-- close content main div --><\/div><\/div><div id='after_section_5'  class='main_color av_default_container_wrap container_wrap sidebar_right'  ><div class='container av-section-cont-open' ><div class='template-page content  av-content-small alpha units'><div class='post-entry post-entry-type-page post-entry-1765'><div class='entry-content-wrapper clearfix'><\/p>\n","protected":false},"excerpt":{"rendered":"","protected":false},"author":12,"featured_media":0,"parent":0,"menu_order":0,"comment_status":"closed","ping_status":"closed","template":"","meta":{"footnotes":""},"class_list":["post-1765","page","type-page","status-publish","hentry"],"yoast_head":"<!-- This site is optimized with the Yoast SEO plugin v26.5 - https:\/\/yoast.com\/wordpress\/plugins\/seo\/ -->\n<title>Lieu et R\u00e9gion - Variee ole!<\/title>\n<meta name=\"robots\" content=\"index, follow, max-snippet:-1, max-image-preview:large, max-video-preview:-1\" \/>\n<link rel=\"canonical\" href=\"https:\/\/www.123ole.nl\/fr\/lieu-et-region\/\" \/>\n<meta property=\"og:locale\" content=\"fr_FR\" \/>\n<meta property=\"og:type\" content=\"article\" \/>\n<meta property=\"og:title\" content=\"Lieu et R\u00e9gion - Variee ole!\" \/>\n<meta property=\"og:url\" content=\"https:\/\/www.123ole.nl\/fr\/lieu-et-region\/\" \/>\n<meta property=\"og:site_name\" content=\"Variee ole!\" \/>\n<meta property=\"article:publisher\" content=\"https:\/\/www.facebook.com\/123ole\/\" \/>\n<meta property=\"article:modified_time\" content=\"2016-05-09T08:41:45+00:00\" \/>\n<meta property=\"og:image\" content=\"https:\/\/www.123ole.nl\/wp-content\/uploads\/2015\/04\/Can-Portell-Spanje.jpg\" \/>\n\t<meta property=\"og:image:width\" content=\"1500\" \/>\n\t<meta property=\"og:image:height\" content=\"996\" \/>\n\t<meta property=\"og:image:type\" content=\"image\/jpeg\" \/>\n<meta name=\"twitter:card\" content=\"summary_large_image\" \/>\n<meta name=\"twitter:label1\" content=\"Est. reading time\" \/>\n\t<meta name=\"twitter:data1\" content=\"7 minutes\" \/>\n<script type=\"application\/ld+json\" class=\"yoast-schema-graph\">{\"@context\":\"https:\/\/schema.org\",\"@graph\":[{\"@type\":\"WebPage\",\"@id\":\"https:\/\/www.123ole.nl\/fr\/lieu-et-region\/\",\"url\":\"https:\/\/www.123ole.nl\/fr\/lieu-et-region\/\",\"name\":\"Lieu et R\u00e9gion - Variee ole!\",\"isPartOf\":{\"@id\":\"https:\/\/www.123ole.nl\/ca\/#website\"},\"datePublished\":\"2016-05-04T14:46:27+00:00\",\"dateModified\":\"2016-05-09T08:41:45+00:00\",\"breadcrumb\":{\"@id\":\"https:\/\/www.123ole.nl\/fr\/lieu-et-region\/#breadcrumb\"},\"inLanguage\":\"fr-FR\",\"potentialAction\":[{\"@type\":\"ReadAction\",\"target\":[\"https:\/\/www.123ole.nl\/fr\/lieu-et-region\/\"]}]},{\"@type\":\"BreadcrumbList\",\"@id\":\"https:\/\/www.123ole.nl\/fr\/lieu-et-region\/#breadcrumb\",\"itemListElement\":[{\"@type\":\"ListItem\",\"position\":1,\"name\":\"Home\",\"item\":\"https:\/\/www.123ole.nl\/fr\/home\/\"},{\"@type\":\"ListItem\",\"position\":2,\"name\":\"Lieu et R\u00e9gion\"}]},{\"@type\":\"WebSite\",\"@id\":\"https:\/\/www.123ole.nl\/ca\/#website\",\"url\":\"https:\/\/www.123ole.nl\/ca\/\",\"name\":\"Variee ole!\",\"description\":\"&quot;123 ole!&quot;\",\"potentialAction\":[{\"@type\":\"SearchAction\",\"target\":{\"@type\":\"EntryPoint\",\"urlTemplate\":\"https:\/\/www.123ole.nl\/ca\/?s={search_term_string}\"},\"query-input\":{\"@type\":\"PropertyValueSpecification\",\"valueRequired\":true,\"valueName\":\"search_term_string\"}}],\"inLanguage\":\"fr-FR\"}]}<\/script>\n<!-- \/ Yoast SEO plugin. -->","yoast_head_json":{"title":"Lieu et R\u00e9gion - Variee ole!","robots":{"index":"index","follow":"follow","max-snippet":"max-snippet:-1","max-image-preview":"max-image-preview:large","max-video-preview":"max-video-preview:-1"},"canonical":"https:\/\/www.123ole.nl\/fr\/lieu-et-region\/","og_locale":"fr_FR","og_type":"article","og_title":"Lieu et R\u00e9gion - Variee ole!","og_url":"https:\/\/www.123ole.nl\/fr\/lieu-et-region\/","og_site_name":"Variee ole!","article_publisher":"https:\/\/www.facebook.com\/123ole\/","article_modified_time":"2016-05-09T08:41:45+00:00","og_image":[{"width":1500,"height":996,"url":"https:\/\/www.123ole.nl\/wp-content\/uploads\/2015\/04\/Can-Portell-Spanje.jpg","type":"image\/jpeg"}],"twitter_card":"summary_large_image","twitter_misc":{"Est. reading time":"7 minutes"},"schema":{"@context":"https:\/\/schema.org","@graph":[{"@type":"WebPage","@id":"https:\/\/www.123ole.nl\/fr\/lieu-et-region\/","url":"https:\/\/www.123ole.nl\/fr\/lieu-et-region\/","name":"Lieu et R\u00e9gion - Variee ole!","isPartOf":{"@id":"https:\/\/www.123ole.nl\/ca\/#website"},"datePublished":"2016-05-04T14:46:27+00:00","dateModified":"2016-05-09T08:41:45+00:00","breadcrumb":{"@id":"https:\/\/www.123ole.nl\/fr\/lieu-et-region\/#breadcrumb"},"inLanguage":"fr-FR","potentialAction":[{"@type":"ReadAction","target":["https:\/\/www.123ole.nl\/fr\/lieu-et-region\/"]}]},{"@type":"BreadcrumbList","@id":"https:\/\/www.123ole.nl\/fr\/lieu-et-region\/#breadcrumb","itemListElement":[{"@type":"ListItem","position":1,"name":"Home","item":"https:\/\/www.123ole.nl\/fr\/home\/"},{"@type":"ListItem","position":2,"name":"Lieu et R\u00e9gion"}]},{"@type":"WebSite","@id":"https:\/\/www.123ole.nl\/ca\/#website","url":"https:\/\/www.123ole.nl\/ca\/","name":"Variee ole!","description":"&quot;123 ole!&quot;","potentialAction":[{"@type":"SearchAction","target":{"@type":"EntryPoint","urlTemplate":"https:\/\/www.123ole.nl\/ca\/?s={search_term_string}"},"query-input":{"@type":"PropertyValueSpecification","valueRequired":true,"valueName":"search_term_string"}}],"inLanguage":"fr-FR"}]}},"_links":{"self":[{"href":"https:\/\/www.123ole.nl\/fr\/wp-json\/wp\/v2\/pages\/1765","targetHints":{"allow":["GET"]}}],"collection":[{"href":"https:\/\/www.123ole.nl\/fr\/wp-json\/wp\/v2\/pages"}],"about":[{"href":"https:\/\/www.123ole.nl\/fr\/wp-json\/wp\/v2\/types\/page"}],"author":[{"embeddable":true,"href":"https:\/\/www.123ole.nl\/fr\/wp-json\/wp\/v2\/users\/12"}],"replies":[{"embeddable":true,"href":"https:\/\/www.123ole.nl\/fr\/wp-json\/wp\/v2\/comments?post=1765"}],"version-history":[{"count":0,"href":"https:\/\/www.123ole.nl\/fr\/wp-json\/wp\/v2\/pages\/1765\/revisions"}],"wp:attachment":[{"href":"https:\/\/www.123ole.nl\/fr\/wp-json\/wp\/v2\/media?parent=1765"}],"curies":[{"name":"wp","href":"https:\/\/api.w.org\/{rel}","templated":true}]}}