{"id":1745,"date":"2016-05-04T14:46:48","date_gmt":"2016-05-04T13:46:48","guid":{"rendered":"https:\/\/www.123ole.nl\/fr\/?page_id=1745"},"modified":"2025-03-18T20:16:00","modified_gmt":"2025-03-18T19:16:00","slug":"offres-speciales","status":"publish","type":"page","link":"https:\/\/www.123ole.nl\/fr\/offres-speciales\/","title":{"rendered":"Offres sp\u00e9ciales"},"content":{"rendered":"\n<style type=\"text\/css\" data-created_by=\"avia_inline_auto\" id=\"style-css-av-av_section-08f622b9e14beae2c959d4a3cd17693f\">\n.avia-section.av-av_section-08f622b9e14beae2c959d4a3cd17693f{\nbackground-repeat:no-repeat;\nbackground-image:url(https:\/\/www.123ole.nl\/wp-content\/uploads\/2015\/12\/OLE123-banner-c.jpg);\nbackground-position:50% 50%;\nbackground-attachment:scroll;\n}\n<\/style>\n<div id='av_section_1'  class='avia-section av-av_section-08f622b9e14beae2c959d4a3cd17693f main_color avia-section-small avia-no-border-styling  avia-builder-el-0  el_before_av_section  avia-builder-el-first  avia-full-stretch avia-bg-style-scroll av-minimum-height av-minimum-height-custom  container_wrap sidebar_right'  data-section-bg-repeat='stretch' data-av_minimum_height_px='70'><div class='container av-section-cont-open' style='height:70px'><main  role=\"main\" itemprop=\"mainContentOfPage\"  class='template-page content  av-content-small alpha units'><div class='post-entry post-entry-type-page post-entry-1745'><div class='entry-content-wrapper clearfix'>\n<\/div><\/div><\/main><!-- close content main element --><\/div><\/div>\n<style type=\"text\/css\" data-created_by=\"avia_inline_auto\" id=\"style-css-av-av_section-25c5470a953fd66951791a7763f26195\">\n.avia-section.av-av_section-25c5470a953fd66951791a7763f26195{\nbackground-repeat:repeat;\nbackground-image:url(https:\/\/www.123ole.nl\/wp-content\/uploads\/2015\/10\/ole123-white-b.jpg);\nbackground-position:50% 50%;\nbackground-attachment:scroll;\n}\n<\/style>\n<div id='av_section_2'  class='avia-section av-av_section-25c5470a953fd66951791a7763f26195 main_color avia-section-default avia-no-border-styling  avia-builder-el-1  el_after_av_section  el_before_av_section  avia-bg-style-scroll container_wrap sidebar_right'  data-section-bg-repeat='repeat'><div class='container av-section-cont-open' ><div class='template-page content  av-content-small alpha units'><div class='post-entry post-entry-type-page post-entry-1745'><div class='entry-content-wrapper clearfix'>\n\n<style type=\"text\/css\" data-created_by=\"avia_inline_auto\" id=\"style-css-av-av_hr-921fee5c460087b48939f6789d922a66\">\n#top .hr.hr-invisible.av-av_hr-921fee5c460087b48939f6789d922a66{\nheight:10px;\n}\n<\/style>\n<div  class='hr av-av_hr-921fee5c460087b48939f6789d922a66 hr-invisible  avia-builder-el-2  el_before_av_textblock  avia-builder-el-first '><span class='hr-inner '><span class=\"hr-inner-style\"><\/span><\/span><\/div>\n<section  class='av_textblock_section av-av_textblock-35972167d9f102c5ddaec0c531c98b9e'  itemscope=\"itemscope\" itemtype=\"https:\/\/schema.org\/CreativeWork\" ><div class='avia_textblock'  itemprop=\"text\" ><h1 style=\"text-align: center;\"><span style=\"font-family: matador;\"><strong>OFFRES SP\u00c9CIALES<\/strong><\/span><\/h1>\n<\/div><\/section>\n\n<\/div><\/div><\/div><!-- close content main div --><\/div><\/div><div id='fwcs'  class='avia-section av-av_section-1aba36570215b0cacb54f9b43ead8ac1 main_color avia-section-no-padding avia-no-border-styling  avia-builder-el-4  el_after_av_section  el_before_av_section  avia-bg-style-scroll container_wrap sidebar_right'  ><div class='container av-section-cont-open' ><div class='template-page content  av-content-small alpha units'><div class='post-entry post-entry-type-page post-entry-1745'><div class='entry-content-wrapper clearfix'>\n<div class='flex_column_table av-av_one_half-b94af1257074507c3ca5d73b6e397784 sc-av_one_half av-equal-height-column-flextable'>\n<style type=\"text\/css\" data-created_by=\"avia_inline_auto\" id=\"style-css-av-av_one_half-b94af1257074507c3ca5d73b6e397784\">\n.flex_column.av-av_one_half-b94af1257074507c3ca5d73b6e397784{\nborder-width:3px;\nborder-style:solid;\n-webkit-border-radius:0px 0px 0px 0px;\n-moz-border-radius:0px 0px 0px 0px;\nborder-radius:0px 0px 0px 0px;\npadding:100px 30px 30px 30px;\nbackground:url(https:\/\/www.123ole.nl\/wp-content\/uploads\/2015\/10\/ole123-white-b.jpg) 50% 50% no-repeat scroll ;\n}\n<\/style>\n<div class='flex_column av-av_one_half-b94af1257074507c3ca5d73b6e397784 av_one_half  avia-builder-el-5  el_before_av_one_half  avia-builder-el-first  eentweedeblok first flex_column_table_cell av-equal-height-column av-align-top avia-full-stretch '     ><section  class='av_textblock_section av-av_textblock-35972167d9f102c5ddaec0c531c98b9e'  itemscope=\"itemscope\" itemtype=\"https:\/\/schema.org\/CreativeWork\" ><div class='avia_textblock'  itemprop=\"text\" ><h2 style=\"text-align: center;\"><strong>\u00abUN AIR DE PRINTEMPS\u00bb<\/strong><\/h2>\n<\/div><\/section><br \/>\n<section  class='av_textblock_section av-m8evinbe-b47b56c77ae63db5406d052e174a0318'  itemscope=\"itemscope\" itemtype=\"https:\/\/schema.org\/CreativeWork\" ><div class='avia_textblock'  itemprop=\"text\" ><h4 style=\"text-align: center;\">2 nuit\u00e9es dans une chambre double ensoleill\u00e9e \u00e0 partir de 320 \u20ac.<\/h4>\n<\/div><\/section><br \/>\n\n<style type=\"text\/css\" data-created_by=\"avia_inline_auto\" id=\"style-css-av-av_hr-bd84104f09c397338597807ab31c6aca\">\n#top .hr.hr-invisible.av-av_hr-bd84104f09c397338597807ab31c6aca{\nheight:15px;\n}\n<\/style>\n<div  class='hr av-av_hr-bd84104f09c397338597807ab31c6aca hr-invisible  avia-builder-el-8  el_after_av_textblock  el_before_av_textblock '><span class='hr-inner '><span class=\"hr-inner-style\"><\/span><\/span><\/div><br \/>\n\n<style type=\"text\/css\" data-created_by=\"avia_inline_auto\" id=\"style-css-av-av_textblock-6763aea0c97f3484dbd068e780623504\">\n#top .av_textblock_section.av-av_textblock-6763aea0c97f3484dbd068e780623504 .avia_textblock{\ncolor:#000000;\n}\n<\/style>\n<section  class='av_textblock_section av-av_textblock-6763aea0c97f3484dbd068e780623504'  itemscope=\"itemscope\" itemtype=\"https:\/\/schema.org\/CreativeWork\" ><div class='avia_textblock av_inherit_color'  itemprop=\"text\" ><p>Petit-d\u00e9jeuner, bouteille de sangria et menu de tapas pour deux inclus<\/p>\n<\/div><\/section><br \/>\n\n<style type=\"text\/css\" data-created_by=\"avia_inline_auto\" id=\"style-css-av-av_hr-bd84104f09c397338597807ab31c6aca\">\n#top .hr.hr-invisible.av-av_hr-bd84104f09c397338597807ab31c6aca{\nheight:15px;\n}\n<\/style>\n<div  class='hr av-av_hr-bd84104f09c397338597807ab31c6aca hr-invisible  avia-builder-el-10  el_after_av_textblock  el_before_av_textblock '><span class='hr-inner '><span class=\"hr-inner-style\"><\/span><\/span><\/div><br \/>\n\n<style type=\"text\/css\" data-created_by=\"avia_inline_auto\" id=\"style-css-av-av_textblock-6763aea0c97f3484dbd068e780623504\">\n#top .av_textblock_section.av-av_textblock-6763aea0c97f3484dbd068e780623504 .avia_textblock{\ncolor:#000000;\n}\n<\/style>\n<section  class='av_textblock_section av-av_textblock-6763aea0c97f3484dbd068e780623504'  itemscope=\"itemscope\" itemtype=\"https:\/\/schema.org\/CreativeWork\" ><div class='avia_textblock av_inherit_color'  itemprop=\"text\" ><p style=\"text-align: center;\"><a href=\"https:\/\/www.123ole.nl\/fr\/offres-speciales\/un-air-printemps\/\">En savoir plus &gt;&gt;<\/a><\/p>\n<\/div><\/section><\/p><\/div><div class='av-flex-placeholder'><\/div>\n<style type=\"text\/css\" data-created_by=\"avia_inline_auto\" id=\"style-css-av-av_one_half-0b978db2dcae5ef87a5212430ccca94b\">\n.flex_column.av-av_one_half-0b978db2dcae5ef87a5212430ccca94b{\nborder-width:3px;\nborder-style:solid;\n-webkit-border-radius:0px 0px 0px 0px;\n-moz-border-radius:0px 0px 0px 0px;\nborder-radius:0px 0px 0px 0px;\npadding:30px 30px 30px 30px;\nbackground:url(https:\/\/www.123ole.nl\/wp-content\/uploads\/2015\/12\/Het-Groen-Genoegen-4.jpg) 50% 50% no-repeat scroll ;\n}\n<\/style>\n<div class='flex_column av-av_one_half-0b978db2dcae5ef87a5212430ccca94b av_one_half  avia-builder-el-12  el_after_av_one_half  avia-builder-el-last  eentweedeblok flex_column_table_cell av-equal-height-column av-align-top avia-full-stretch '     ><style type=\"text\/css\" data-created_by=\"avia_inline_auto\" id=\"style-css-av-av_hr-901f9e35224a97c8fb975e601b284006\">\n#top .hr.hr-invisible.av-av_hr-901f9e35224a97c8fb975e601b284006{\nheight:70px;\n}\n<\/style>\n<div  class='hr av-av_hr-901f9e35224a97c8fb975e601b284006 hr-invisible  avia-builder-el-13  avia-builder-el-no-sibling '><span class='hr-inner '><span class=\"hr-inner-style\"><\/span><\/span><\/div><\/div><\/div><!--close column table wrapper. Autoclose: 1 --><\/div><\/div><\/div><!-- close content main div --><\/div><\/div><div id='fwcs'  class='avia-section av-av_section-ec17d147525af579deec72f303124710 main_color avia-section-no-padding avia-no-border-styling  avia-builder-el-14  el_after_av_section  el_before_av_section  swap-mobile-1 avia-bg-style-scroll container_wrap sidebar_right'  ><div class='container av-section-cont-open' ><div class='template-page content  av-content-small alpha units'><div class='post-entry post-entry-type-page post-entry-1745'><div class='entry-content-wrapper clearfix'>\n<div class='flex_column_table av-av_one_half-bf38fb3baf4d1995e8beb1a7aa43b541 sc-av_one_half av-equal-height-column-flextable'>\n<style type=\"text\/css\" data-created_by=\"avia_inline_auto\" id=\"style-css-av-av_one_half-bf38fb3baf4d1995e8beb1a7aa43b541\">\n.flex_column.av-av_one_half-bf38fb3baf4d1995e8beb1a7aa43b541{\nborder-width:3px;\nborder-style:solid;\n-webkit-border-radius:0px 0px 0px 0px;\n-moz-border-radius:0px 0px 0px 0px;\nborder-radius:0px 0px 0px 0px;\npadding:150px 30px 30px 30px;\nbackground:url(https:\/\/www.123ole.nl\/wp-content\/uploads\/2015\/05\/Activiteiten-KunstCultuur.jpg) 50% 50% no-repeat scroll ;\n}\n<\/style>\n<div class='flex_column av-av_one_half-bf38fb3baf4d1995e8beb1a7aa43b541 av_one_half  avia-builder-el-15  el_before_av_one_half  avia-builder-el-first  eentweedeblok first flex_column_table_cell av-equal-height-column av-align-top avia-full-stretch '     ><style type=\"text\/css\" data-created_by=\"avia_inline_auto\" id=\"style-css-av-av_hr-901f9e35224a97c8fb975e601b284006\">\n#top .hr.hr-invisible.av-av_hr-901f9e35224a97c8fb975e601b284006{\nheight:70px;\n}\n<\/style>\n<div  class='hr av-av_hr-901f9e35224a97c8fb975e601b284006 hr-invisible  avia-builder-el-16  avia-builder-el-no-sibling '><span class='hr-inner '><span class=\"hr-inner-style\"><\/span><\/span><\/div><\/div><div class='av-flex-placeholder'><\/div>\n<style type=\"text\/css\" data-created_by=\"avia_inline_auto\" id=\"style-css-av-av_one_half-76470e038064fd203dc882d2d84908eb\">\n.flex_column.av-av_one_half-76470e038064fd203dc882d2d84908eb{\nborder-width:3px;\nborder-style:solid;\n-webkit-border-radius:0px 0px 0px 0px;\n-moz-border-radius:0px 0px 0px 0px;\nborder-radius:0px 0px 0px 0px;\npadding:100px 30px 30px 30px;\nbackground:url(https:\/\/www.123ole.nl\/wp-content\/uploads\/2015\/10\/ole123-white-b.jpg) 50% 50% no-repeat scroll ;\n}\n<\/style>\n<div class='flex_column av-av_one_half-76470e038064fd203dc882d2d84908eb av_one_half  avia-builder-el-17  el_after_av_one_half  avia-builder-el-last  eentweedeblok flex_column_table_cell av-equal-height-column av-align-top avia-full-stretch '     ><section  class='av_textblock_section av-av_textblock-35972167d9f102c5ddaec0c531c98b9e'  itemscope=\"itemscope\" itemtype=\"https:\/\/schema.org\/CreativeWork\" ><div class='avia_textblock'  itemprop=\"text\" ><h2 style=\"text-align: center;\"><strong>\u00abSUR LES PAS DE DALI\u00bb<\/strong><\/h2>\n<\/div><\/section><br \/>\n<section  class='av_textblock_section av-m8evivhq-7c2cd93ee9d24730b2fde6c585288256'  itemscope=\"itemscope\" itemtype=\"https:\/\/schema.org\/CreativeWork\" ><div class='avia_textblock'  itemprop=\"text\" ><h4 style=\"text-align: center;\">2 nuit\u00e9es dans une chambre double ensoleill\u00e9e \u00e0 partir de 320 \u20ac.<\/h4>\n<\/div><\/section><br \/>\n\n<style type=\"text\/css\" data-created_by=\"avia_inline_auto\" id=\"style-css-av-av_hr-bd84104f09c397338597807ab31c6aca\">\n#top .hr.hr-invisible.av-av_hr-bd84104f09c397338597807ab31c6aca{\nheight:15px;\n}\n<\/style>\n<div  class='hr av-av_hr-bd84104f09c397338597807ab31c6aca hr-invisible  avia-builder-el-20  el_after_av_textblock  el_before_av_textblock '><span class='hr-inner '><span class=\"hr-inner-style\"><\/span><\/span><\/div><br \/>\n\n<style type=\"text\/css\" data-created_by=\"avia_inline_auto\" id=\"style-css-av-av_textblock-6763aea0c97f3484dbd068e780623504\">\n#top .av_textblock_section.av-av_textblock-6763aea0c97f3484dbd068e780623504 .avia_textblock{\ncolor:#000000;\n}\n<\/style>\n<section  class='av_textblock_section av-av_textblock-6763aea0c97f3484dbd068e780623504'  itemscope=\"itemscope\" itemtype=\"https:\/\/schema.org\/CreativeWork\" ><div class='avia_textblock av_inherit_color'  itemprop=\"text\" ><p>Petit-d\u00e9jeuner, bouteille de cava et 2\u00a0entr\u00e9es pour la maison de Salvador Dali \u00e0 Portlligat inclus.<\/p>\n<\/div><\/section><br \/>\n\n<style type=\"text\/css\" data-created_by=\"avia_inline_auto\" id=\"style-css-av-av_hr-bd84104f09c397338597807ab31c6aca\">\n#top .hr.hr-invisible.av-av_hr-bd84104f09c397338597807ab31c6aca{\nheight:15px;\n}\n<\/style>\n<div  class='hr av-av_hr-bd84104f09c397338597807ab31c6aca hr-invisible  avia-builder-el-22  el_after_av_textblock  el_before_av_textblock '><span class='hr-inner '><span class=\"hr-inner-style\"><\/span><\/span><\/div><br \/>\n\n<style type=\"text\/css\" data-created_by=\"avia_inline_auto\" id=\"style-css-av-av_textblock-6763aea0c97f3484dbd068e780623504\">\n#top .av_textblock_section.av-av_textblock-6763aea0c97f3484dbd068e780623504 .avia_textblock{\ncolor:#000000;\n}\n<\/style>\n<section  class='av_textblock_section av-av_textblock-6763aea0c97f3484dbd068e780623504'  itemscope=\"itemscope\" itemtype=\"https:\/\/schema.org\/CreativeWork\" ><div class='avia_textblock av_inherit_color'  itemprop=\"text\" ><p style=\"text-align: center;\"><a href=\"https:\/\/www.123ole.nl\/fr\/offres-speciales\/sur-les-dali\/\">En savoir plus&gt;&gt;<\/a><\/p>\n<\/div><\/section><\/p><\/div><\/div><!--close column table wrapper. Autoclose: 1 --><\/div><\/div><\/div><!-- close content main div --><\/div><\/div><div id='fwcs'  class='avia-section av-av_section-1aba36570215b0cacb54f9b43ead8ac1 main_color avia-section-no-padding avia-no-border-styling  avia-builder-el-24  el_after_av_section  el_before_av_section  avia-bg-style-scroll container_wrap sidebar_right'  ><div class='container av-section-cont-open' ><div class='template-page content  av-content-small alpha units'><div class='post-entry post-entry-type-page post-entry-1745'><div class='entry-content-wrapper clearfix'>\n<div class='flex_column_table av-av_one_half-b94af1257074507c3ca5d73b6e397784 sc-av_one_half av-equal-height-column-flextable'>\n<style type=\"text\/css\" data-created_by=\"avia_inline_auto\" id=\"style-css-av-av_one_half-b94af1257074507c3ca5d73b6e397784\">\n.flex_column.av-av_one_half-b94af1257074507c3ca5d73b6e397784{\nborder-width:3px;\nborder-style:solid;\n-webkit-border-radius:0px 0px 0px 0px;\n-moz-border-radius:0px 0px 0px 0px;\nborder-radius:0px 0px 0px 0px;\npadding:100px 30px 30px 30px;\nbackground:url(https:\/\/www.123ole.nl\/wp-content\/uploads\/2015\/10\/ole123-white-b.jpg) 50% 50% no-repeat scroll ;\n}\n<\/style>\n<div class='flex_column av-av_one_half-b94af1257074507c3ca5d73b6e397784 av_one_half  avia-builder-el-25  el_before_av_one_half  avia-builder-el-first  eentweedeblok first flex_column_table_cell av-equal-height-column av-align-top avia-full-stretch '     ><section  class='av_textblock_section av-av_textblock-35972167d9f102c5ddaec0c531c98b9e'  itemscope=\"itemscope\" itemtype=\"https:\/\/schema.org\/CreativeWork\" ><div class='avia_textblock'  itemprop=\"text\" ><h2 style=\"text-align: center;\"><strong>\u00abL<\/strong>\u2019<strong>AMOUR TOUJOURS\u00bb<\/strong><\/h2>\n<\/div><\/section><br \/>\n<section  class='av_textblock_section av-m8evj2g8-db522555ac1330571e8e40c4af2b7d2f'  itemscope=\"itemscope\" itemtype=\"https:\/\/schema.org\/CreativeWork\" ><div class='avia_textblock'  itemprop=\"text\" ><h4 style=\"text-align: center;\">2 nuit\u00e9es dans une chambre double ensoleill\u00e9e \u00e0 partir de 320 \u20ac.<\/h4>\n<\/div><\/section><br \/>\n\n<style type=\"text\/css\" data-created_by=\"avia_inline_auto\" id=\"style-css-av-av_hr-bd84104f09c397338597807ab31c6aca\">\n#top .hr.hr-invisible.av-av_hr-bd84104f09c397338597807ab31c6aca{\nheight:15px;\n}\n<\/style>\n<div  class='hr av-av_hr-bd84104f09c397338597807ab31c6aca hr-invisible  avia-builder-el-28  el_after_av_textblock  el_before_av_textblock '><span class='hr-inner '><span class=\"hr-inner-style\"><\/span><\/span><\/div><br \/>\n\n<style type=\"text\/css\" data-created_by=\"avia_inline_auto\" id=\"style-css-av-av_textblock-6763aea0c97f3484dbd068e780623504\">\n#top .av_textblock_section.av-av_textblock-6763aea0c97f3484dbd068e780623504 .avia_textblock{\ncolor:#000000;\n}\n<\/style>\n<section  class='av_textblock_section av-av_textblock-6763aea0c97f3484dbd068e780623504'  itemscope=\"itemscope\" itemtype=\"https:\/\/schema.org\/CreativeWork\" ><div class='avia_textblock av_inherit_color'  itemprop=\"text\" ><p>Petit-d\u00e9jeuner, assortiment de fleurs comestibles et bouteille de sangria \u00e0 base de cava inclus.<\/p>\n<\/div><\/section><br \/>\n\n<style type=\"text\/css\" data-created_by=\"avia_inline_auto\" id=\"style-css-av-av_hr-bd84104f09c397338597807ab31c6aca\">\n#top .hr.hr-invisible.av-av_hr-bd84104f09c397338597807ab31c6aca{\nheight:15px;\n}\n<\/style>\n<div  class='hr av-av_hr-bd84104f09c397338597807ab31c6aca hr-invisible  avia-builder-el-30  el_after_av_textblock  el_before_av_textblock '><span class='hr-inner '><span class=\"hr-inner-style\"><\/span><\/span><\/div><br \/>\n\n<style type=\"text\/css\" data-created_by=\"avia_inline_auto\" id=\"style-css-av-av_textblock-6763aea0c97f3484dbd068e780623504\">\n#top .av_textblock_section.av-av_textblock-6763aea0c97f3484dbd068e780623504 .avia_textblock{\ncolor:#000000;\n}\n<\/style>\n<section  class='av_textblock_section av-av_textblock-6763aea0c97f3484dbd068e780623504'  itemscope=\"itemscope\" itemtype=\"https:\/\/schema.org\/CreativeWork\" ><div class='avia_textblock av_inherit_color'  itemprop=\"text\" ><p style=\"text-align: center;\"><a href=\"https:\/\/www.123ole.nl\/fr\/offres-speciales\/lamour-toujours\/\">En savoir plus &gt;&gt;<\/a><\/p>\n<\/div><\/section><\/p><\/div><div class='av-flex-placeholder'><\/div>\n<style type=\"text\/css\" data-created_by=\"avia_inline_auto\" id=\"style-css-av-av_one_half-7fd71993c234d7bbeb7659c2df5b2dc9\">\n.flex_column.av-av_one_half-7fd71993c234d7bbeb7659c2df5b2dc9{\nborder-width:3px;\nborder-style:solid;\n-webkit-border-radius:0px 0px 0px 0px;\n-moz-border-radius:0px 0px 0px 0px;\nborder-radius:0px 0px 0px 0px;\npadding:150px 150px 150px 150px;\nbackground:url(https:\/\/www.123ole.nl\/wp-content\/uploads\/2015\/12\/kissing-statue-Ole123.jpg) 50% 50% no-repeat scroll ;\n}\n<\/style>\n<div class='flex_column av-av_one_half-7fd71993c234d7bbeb7659c2df5b2dc9 av_one_half  avia-builder-el-32  el_after_av_one_half  avia-builder-el-last  eentweedeblok flex_column_table_cell av-equal-height-column av-align-top avia-full-stretch '     ><style type=\"text\/css\" data-created_by=\"avia_inline_auto\" id=\"style-css-av-av_hr-901f9e35224a97c8fb975e601b284006\">\n#top .hr.hr-invisible.av-av_hr-901f9e35224a97c8fb975e601b284006{\nheight:70px;\n}\n<\/style>\n<div  class='hr av-av_hr-901f9e35224a97c8fb975e601b284006 hr-invisible  avia-builder-el-33  avia-builder-el-no-sibling '><span class='hr-inner '><span class=\"hr-inner-style\"><\/span><\/span><\/div><\/div><\/div><!--close column table wrapper. Autoclose: 1 --><\/div><\/div><\/div><!-- close content main div --><\/div><\/div>\n<style type=\"text\/css\" data-created_by=\"avia_inline_auto\" id=\"style-css-av-av_section-c669eb898479911e34664401d1422df4\">\n.avia-section.av-av_section-c669eb898479911e34664401d1422df4{\nbackground-repeat:no-repeat;\nbackground-image:url(https:\/\/www.123ole.nl\/wp-content\/uploads\/2015\/12\/OLE123-banner-f.jpg);\nbackground-position:50% 50%;\nbackground-attachment:scroll;\n}\n<\/style>\n<div id='av_section_6'  class='avia-section av-av_section-c669eb898479911e34664401d1422df4 main_color avia-section-small avia-no-border-styling  avia-builder-el-34  el_after_av_section  avia-builder-el-last  avia-full-stretch avia-bg-style-scroll av-minimum-height av-minimum-height-custom  container_wrap sidebar_right'  data-section-bg-repeat='stretch' data-av_minimum_height_px='70'><div class='container av-section-cont-open' style='height:70px'><div class='template-page content  av-content-small alpha units'><div class='post-entry post-entry-type-page post-entry-1745'><div class='entry-content-wrapper clearfix'><\/div><\/div><\/div><!-- close content main div --><\/div><\/div><div id='after_section_6'  class='main_color av_default_container_wrap container_wrap sidebar_right'  ><div class='container av-section-cont-open' ><div class='template-page content  av-content-small alpha units'><div class='post-entry post-entry-type-page post-entry-1745'><div class='entry-content-wrapper clearfix'><\/p>\n","protected":false},"excerpt":{"rendered":"","protected":false},"author":12,"featured_media":0,"parent":0,"menu_order":0,"comment_status":"closed","ping_status":"closed","template":"","meta":{"footnotes":""},"class_list":["post-1745","page","type-page","status-publish","hentry"],"yoast_head":"<!-- This site is optimized with the Yoast SEO plugin v26.5 - https:\/\/yoast.com\/wordpress\/plugins\/seo\/ -->\n<title>Offres sp\u00e9ciales - Variee ole!<\/title>\n<meta name=\"robots\" content=\"index, follow, max-snippet:-1, max-image-preview:large, max-video-preview:-1\" \/>\n<link rel=\"canonical\" href=\"https:\/\/www.123ole.nl\/fr\/offres-speciales\/\" \/>\n<meta property=\"og:locale\" content=\"fr_FR\" \/>\n<meta property=\"og:type\" content=\"article\" \/>\n<meta property=\"og:title\" content=\"Offres sp\u00e9ciales - Variee ole!\" \/>\n<meta property=\"og:url\" content=\"https:\/\/www.123ole.nl\/fr\/offres-speciales\/\" \/>\n<meta property=\"og:site_name\" content=\"Variee ole!\" \/>\n<meta property=\"article:publisher\" content=\"https:\/\/www.facebook.com\/123ole\/\" \/>\n<meta property=\"article:modified_time\" content=\"2025-03-18T19:16:00+00:00\" \/>\n<meta property=\"og:image\" content=\"https:\/\/www.123ole.nl\/wp-content\/uploads\/2015\/04\/Can-Portell-Spanje.jpg\" \/>\n\t<meta property=\"og:image:width\" content=\"1500\" \/>\n\t<meta property=\"og:image:height\" content=\"996\" \/>\n\t<meta property=\"og:image:type\" content=\"image\/jpeg\" \/>\n<meta name=\"twitter:card\" content=\"summary_large_image\" \/>\n<meta name=\"twitter:label1\" content=\"Est. reading time\" \/>\n\t<meta name=\"twitter:data1\" content=\"1 minute\" \/>\n<script type=\"application\/ld+json\" class=\"yoast-schema-graph\">{\"@context\":\"https:\/\/schema.org\",\"@graph\":[{\"@type\":\"WebPage\",\"@id\":\"https:\/\/www.123ole.nl\/fr\/offres-speciales\/\",\"url\":\"https:\/\/www.123ole.nl\/fr\/offres-speciales\/\",\"name\":\"Offres sp\u00e9ciales - Variee ole!\",\"isPartOf\":{\"@id\":\"https:\/\/www.123ole.nl\/ca\/#website\"},\"datePublished\":\"2016-05-04T13:46:48+00:00\",\"dateModified\":\"2025-03-18T19:16:00+00:00\",\"breadcrumb\":{\"@id\":\"https:\/\/www.123ole.nl\/fr\/offres-speciales\/#breadcrumb\"},\"inLanguage\":\"fr-FR\",\"potentialAction\":[{\"@type\":\"ReadAction\",\"target\":[\"https:\/\/www.123ole.nl\/fr\/offres-speciales\/\"]}]},{\"@type\":\"BreadcrumbList\",\"@id\":\"https:\/\/www.123ole.nl\/fr\/offres-speciales\/#breadcrumb\",\"itemListElement\":[{\"@type\":\"ListItem\",\"position\":1,\"name\":\"Home\",\"item\":\"https:\/\/www.123ole.nl\/fr\/home\/\"},{\"@type\":\"ListItem\",\"position\":2,\"name\":\"Offres sp\u00e9ciales\"}]},{\"@type\":\"WebSite\",\"@id\":\"https:\/\/www.123ole.nl\/ca\/#website\",\"url\":\"https:\/\/www.123ole.nl\/ca\/\",\"name\":\"Variee ole!\",\"description\":\"&quot;123 ole!&quot;\",\"potentialAction\":[{\"@type\":\"SearchAction\",\"target\":{\"@type\":\"EntryPoint\",\"urlTemplate\":\"https:\/\/www.123ole.nl\/ca\/?s={search_term_string}\"},\"query-input\":{\"@type\":\"PropertyValueSpecification\",\"valueRequired\":true,\"valueName\":\"search_term_string\"}}],\"inLanguage\":\"fr-FR\"}]}<\/script>\n<!-- \/ Yoast SEO plugin. -->","yoast_head_json":{"title":"Offres sp\u00e9ciales - Variee ole!","robots":{"index":"index","follow":"follow","max-snippet":"max-snippet:-1","max-image-preview":"max-image-preview:large","max-video-preview":"max-video-preview:-1"},"canonical":"https:\/\/www.123ole.nl\/fr\/offres-speciales\/","og_locale":"fr_FR","og_type":"article","og_title":"Offres sp\u00e9ciales - Variee ole!","og_url":"https:\/\/www.123ole.nl\/fr\/offres-speciales\/","og_site_name":"Variee ole!","article_publisher":"https:\/\/www.facebook.com\/123ole\/","article_modified_time":"2025-03-18T19:16:00+00:00","og_image":[{"width":1500,"height":996,"url":"https:\/\/www.123ole.nl\/wp-content\/uploads\/2015\/04\/Can-Portell-Spanje.jpg","type":"image\/jpeg"}],"twitter_card":"summary_large_image","twitter_misc":{"Est. reading time":"1 minute"},"schema":{"@context":"https:\/\/schema.org","@graph":[{"@type":"WebPage","@id":"https:\/\/www.123ole.nl\/fr\/offres-speciales\/","url":"https:\/\/www.123ole.nl\/fr\/offres-speciales\/","name":"Offres sp\u00e9ciales - Variee ole!","isPartOf":{"@id":"https:\/\/www.123ole.nl\/ca\/#website"},"datePublished":"2016-05-04T13:46:48+00:00","dateModified":"2025-03-18T19:16:00+00:00","breadcrumb":{"@id":"https:\/\/www.123ole.nl\/fr\/offres-speciales\/#breadcrumb"},"inLanguage":"fr-FR","potentialAction":[{"@type":"ReadAction","target":["https:\/\/www.123ole.nl\/fr\/offres-speciales\/"]}]},{"@type":"BreadcrumbList","@id":"https:\/\/www.123ole.nl\/fr\/offres-speciales\/#breadcrumb","itemListElement":[{"@type":"ListItem","position":1,"name":"Home","item":"https:\/\/www.123ole.nl\/fr\/home\/"},{"@type":"ListItem","position":2,"name":"Offres sp\u00e9ciales"}]},{"@type":"WebSite","@id":"https:\/\/www.123ole.nl\/ca\/#website","url":"https:\/\/www.123ole.nl\/ca\/","name":"Variee ole!","description":"&quot;123 ole!&quot;","potentialAction":[{"@type":"SearchAction","target":{"@type":"EntryPoint","urlTemplate":"https:\/\/www.123ole.nl\/ca\/?s={search_term_string}"},"query-input":{"@type":"PropertyValueSpecification","valueRequired":true,"valueName":"search_term_string"}}],"inLanguage":"fr-FR"}]}},"_links":{"self":[{"href":"https:\/\/www.123ole.nl\/fr\/wp-json\/wp\/v2\/pages\/1745","targetHints":{"allow":["GET"]}}],"collection":[{"href":"https:\/\/www.123ole.nl\/fr\/wp-json\/wp\/v2\/pages"}],"about":[{"href":"https:\/\/www.123ole.nl\/fr\/wp-json\/wp\/v2\/types\/page"}],"author":[{"embeddable":true,"href":"https:\/\/www.123ole.nl\/fr\/wp-json\/wp\/v2\/users\/12"}],"replies":[{"embeddable":true,"href":"https:\/\/www.123ole.nl\/fr\/wp-json\/wp\/v2\/comments?post=1745"}],"version-history":[{"count":0,"href":"https:\/\/www.123ole.nl\/fr\/wp-json\/wp\/v2\/pages\/1745\/revisions"}],"wp:attachment":[{"href":"https:\/\/www.123ole.nl\/fr\/wp-json\/wp\/v2\/media?parent=1745"}],"curies":[{"name":"wp","href":"https:\/\/api.w.org\/{rel}","templated":true}]}}