{"id":1490,"date":"2016-04-20T08:49:02","date_gmt":"2016-04-20T07:49:02","guid":{"rendered":"https:\/\/www.123ole.nl\/es\/?page_id=1490"},"modified":"2016-04-20T08:49:02","modified_gmt":"2016-04-20T07:49:02","slug":"con-ninos","status":"publish","type":"page","link":"https:\/\/www.123ole.nl\/es\/con-ninos\/","title":{"rendered":"Con ni\u00f1os"},"content":{"rendered":"\n<style type=\"text\/css\" data-created_by=\"avia_inline_auto\" id=\"style-css-av-av_section-1f0cdcab9d7a800713d9eef3becfe778\">\n.avia-section.av-av_section-1f0cdcab9d7a800713d9eef3becfe778{\nbackground-repeat:no-repeat;\nbackground-image:url(https:\/\/www.123ole.nl\/wp-content\/uploads\/2015\/12\/OLE123-banner-b.jpg);\nbackground-position:50% 50%;\nbackground-attachment:scroll;\n}\n<\/style>\n<div id='av_section_1'  class='avia-section av-av_section-1f0cdcab9d7a800713d9eef3becfe778 main_color avia-section-small avia-no-border-styling  avia-builder-el-0  el_before_av_section  avia-builder-el-first  avia-full-stretch avia-bg-style-scroll av-minimum-height av-minimum-height-custom  container_wrap sidebar_right'  data-section-bg-repeat='stretch' data-av_minimum_height_px='70'><div class='container av-section-cont-open' style='height:70px'><main  role=\"main\" itemprop=\"mainContentOfPage\"  class='template-page content  av-content-small alpha units'><div class='post-entry post-entry-type-page post-entry-1490'><div class='entry-content-wrapper clearfix'>\n<\/div><\/div><\/main><!-- close content main element --><\/div><\/div><div id='av_section_2'  class='avia-section av-av_section-d18d8c2c81d10022ebd21ffa95322c35 main_color avia-section-default avia-no-shadow  avia-builder-el-1  el_after_av_section  el_before_av_section  avia-bg-style-scroll container_wrap sidebar_right'  ><div class='container av-section-cont-open' ><div class='template-page content  av-content-small alpha units'><div class='post-entry post-entry-type-page post-entry-1490'><div class='entry-content-wrapper clearfix'>\n\n<style type=\"text\/css\" data-created_by=\"avia_inline_auto\" id=\"style-css-av-av_one_half-352b07ef7d3bc99b2e9f92e7a9e06bdb\">\n.flex_column.av-av_one_half-352b07ef7d3bc99b2e9f92e7a9e06bdb{\n-webkit-border-radius:0px 0px 0px 0px;\n-moz-border-radius:0px 0px 0px 0px;\nborder-radius:0px 0px 0px 0px;\npadding:0px 0px 0px 0px;\n}\n<\/style>\n<div class='flex_column av-av_one_half-352b07ef7d3bc99b2e9f92e7a9e06bdb av_one_half  avia-builder-el-2  el_before_av_one_half  avia-builder-el-first  first flex_column_div av-zero-column-padding '     ><p>\n<style type=\"text\/css\" data-created_by=\"avia_inline_auto\" id=\"style-css-av-av_hr-e4693b4901147da204a5974270f2c5a0\">\n#top .hr.hr-invisible.av-av_hr-e4693b4901147da204a5974270f2c5a0{\nheight:10px;\n}\n<\/style>\n<div  class='hr av-av_hr-e4693b4901147da204a5974270f2c5a0 hr-invisible  avia-builder-el-3  el_before_av_textblock  avia-builder-el-first '><span class='hr-inner '><span class=\"hr-inner-style\"><\/span><\/span><\/div><br \/>\n<section  class='av_textblock_section av-av_textblock-35972167d9f102c5ddaec0c531c98b9e'  itemscope=\"itemscope\" itemtype=\"https:\/\/schema.org\/CreativeWork\" ><div class='avia_textblock'  itemprop=\"text\" ><h2><span style=\"font-family: matador;\">CON NInOS<br \/>\n<\/span><\/h2>\n<\/div><\/section><br \/>\n\n<style type=\"text\/css\" data-created_by=\"avia_inline_auto\" id=\"style-css-av-av_hr-3b0395e8253e23586bb1d92584a8ba3c\">\n#top .hr.av-av_hr-3b0395e8253e23586bb1d92584a8ba3c{\nmargin-top:30px;\nmargin-bottom:30px;\n}\n.hr.av-av_hr-3b0395e8253e23586bb1d92584a8ba3c .hr-inner{\nwidth:50px;\nborder-color:#000000;\nmax-width:45%;\n}\n.hr.av-av_hr-3b0395e8253e23586bb1d92584a8ba3c .av-seperator-icon{\ncolor:#000000;\n}\n<\/style>\n<div  class='hr av-av_hr-3b0395e8253e23586bb1d92584a8ba3c hr-custom  avia-builder-el-5  el_after_av_textblock  el_before_av_textblock  hr-left hr-icon-yes'><span class='hr-inner inner-border-av-border-thin'><span class=\"hr-inner-style\"><\/span><\/span><span class='av-seperator-icon' aria-hidden='true' data-av_icon='\ue866' data-av_iconfont='entypo-fontello'><\/span><span class='hr-inner inner-border-av-border-thin'><span class=\"hr-inner-style\"><\/span><\/span><\/div><br \/>\n<section  class='av_textblock_section av-av_textblock-35972167d9f102c5ddaec0c531c98b9e'  itemscope=\"itemscope\" itemtype=\"https:\/\/schema.org\/CreativeWork\" ><div class='avia_textblock'  itemprop=\"text\" ><p>Nuestra casa es perfecta para los ni\u00f1os en cualquier estaci\u00f3n. El terreno tiene f\u00e1cil visibilidad y est\u00e1 vallado, contamos con una agradable \u2014y si lo necesitas, templada\u2014 piscina de la que no podr\u00e1s sacarlos y en algunos sitios pueden jugar a f\u00fatbol o tenis de mesa. Tambi\u00e9n pueden dibujar en las mesas repartidas por todos los lados o urdir su pr\u00f3xima travesura en los peque\u00f1os rincones. Contamos adem\u00e1s con una zona de relajaci\u00f3n con instrumentos musicales para aquellos que sepan tocar. Y disponemos de cunas y tronas.<\/p>\n<p>Nuestra parte de la Costa Brava tambi\u00e9n es de ambiente familiar. Vivimos a 30 minutos de extensas playas y de sus restaurantes, donde se pueden pedir sardinas a la parrilla. Hay parques acu\u00e1ticos en los que no ver\u00e1s a tus hijos durante todo el d\u00eda. No hay nada m\u00e1s divertido que ver sus caras en el Museo Dal\u00ed, de Figueres, o en la primera casa de Salvador Dal\u00ed, en Cadaqu\u00e9s. Y tanto para los adolescentes como para los m\u00e1s peque\u00f1os, la vibrante Barcelona est\u00e1 a menos de una hora en coche.<\/p>\n<p>Podr\u00eda decirse que nuestra casa tiene todas las ventajas de un campamento sin serlo. Un n\u00famero de familias, suficientes ni\u00f1os para jugar y una mesa de menores para las noches en las que cocinamos para ti, con men\u00fas saludables pero infantiles. O simplemente, juega a algo con tu hijo o leed un libro juntos en una de las hamacas. Y, por supuesto, hay conexi\u00f3n Wi-Fi en todos lados.<\/p>\n<p>Si est\u00e1s pensando en visitarnos durante los meses de invierno, t\u00fa y tu familia encontrar\u00e9is pistas de esqu\u00ed a hora y media de la mas\u00eda. Los chicos aficionados al golf y sus padres pueden practicar su <em>swing<\/em> en el campo a 10 minutos de nuestra casa. Y tambi\u00e9n se puede cabalgar, hacer excursiones en burro, en bicicleta o caminatas m\u00e1s aventureras. Durante los meses de verano daremos vida a las divertidas noches de los viernes con lecciones de flamenco.<\/p>\n<\/div><\/section><\/p><\/div>\n<style type=\"text\/css\" data-created_by=\"avia_inline_auto\" id=\"style-css-av-av_one_half-2a64de42b738552fe666ca889af77e28\">\n.flex_column.av-av_one_half-2a64de42b738552fe666ca889af77e28{\n-webkit-border-radius:0px 0px 0px 0px;\n-moz-border-radius:0px 0px 0px 0px;\nborder-radius:0px 0px 0px 0px;\npadding:0px 0px 0px 0px;\n}\n<\/style>\n<div class='flex_column av-av_one_half-2a64de42b738552fe666ca889af77e28 av_one_half  avia-builder-el-7  el_after_av_one_half  avia-builder-el-last  flex_column_div av-zero-column-padding '     ><p>\n<style type=\"text\/css\" data-created_by=\"avia_inline_auto\" id=\"style-css-av-av_gallery-051fdae94f5a66e4bab5ed9f3276a0ad\">\n#top .avia-gallery.av-av_gallery-051fdae94f5a66e4bab5ed9f3276a0ad .avia-gallery-thumb a{\nwidth:20%;\n}\n<\/style>\n<div  class='avia-gallery av-av_gallery-051fdae94f5a66e4bab5ed9f3276a0ad avia_animate_when_visible  avia-builder-el-8  el_before_av_hr  avia-builder-el-first  deactivate_avia_lazyload avia-gallery-animate avia-gallery-1'  itemprop=\"image\" itemscope=\"itemscope\" itemtype=\"https:\/\/schema.org\/ImageObject\" ><meta itemprop=\"contentURL\" content=\"https:\/\/www.123ole.nl\/es\/con-ninos\/\"><a class='avia-gallery-big fakeLightbox lightbox avia-gallery-big-crop-thumb ' href=\"https:\/\/www.123ole.nl\/wp-content\/uploads\/2016\/02\/voor-wie-met-kinderen-9-1030x684.jpg\"  data-onclick='1' title='voor-wie-met-kinderen-9' ><span class='avia-gallery-big-inner'  itemprop=\"thumbnailUrl\" ><img width='495' height='400' src='https:\/\/www.123ole.nl\/wp-content\/uploads\/2016\/02\/voor-wie-met-kinderen-9-495x400.jpg' title='voor-wie-met-kinderen-9' alt='' \/><\/span><\/a><div class='avia-gallery-thumb'><a href=\"https:\/\/www.123ole.nl\/wp-content\/uploads\/2016\/02\/voor-wie-met-kinderen-9-1030x684.jpg\" data-rel='gallery-1' data-prev-img='https:\/\/www.123ole.nl\/wp-content\/uploads\/2016\/02\/voor-wie-met-kinderen-9-495x400.jpg' class='first_thumb lightbox ' data-onclick='1' title='voor-wie-met-kinderen-9'  itemprop=\"thumbnailUrl\"  ><img  src='https:\/\/www.123ole.nl\/wp-content\/uploads\/2016\/02\/voor-wie-met-kinderen-9-495x400.jpg' width='495' height='400'  title='voor-wie-met-kinderen-9' alt='' \/><div class='big-prev-fake'><img width='495' height='400' src='https:\/\/www.123ole.nl\/wp-content\/uploads\/2016\/02\/voor-wie-met-kinderen-9-495x400.jpg' title='voor-wie-met-kinderen-9' alt='' \/><\/div><\/a><a href=\"https:\/\/www.123ole.nl\/wp-content\/uploads\/2016\/02\/voor-wie-met-kinderen-3-1030x773.jpg\" data-rel='gallery-1' data-prev-img='https:\/\/www.123ole.nl\/wp-content\/uploads\/2016\/02\/voor-wie-met-kinderen-3-495x400.jpg' class='lightbox ' data-onclick='2' title='voor-wie-met-kinderen-3'  itemprop=\"thumbnailUrl\"  ><img  src='https:\/\/www.123ole.nl\/wp-content\/uploads\/2016\/02\/voor-wie-met-kinderen-3-495x400.jpg' width='495' height='400'  title='voor-wie-met-kinderen-3' alt='' \/><div class='big-prev-fake'><img width='495' height='400' src='https:\/\/www.123ole.nl\/wp-content\/uploads\/2016\/02\/voor-wie-met-kinderen-3-495x400.jpg' title='voor-wie-met-kinderen-3' alt='' \/><\/div><\/a><a href=\"https:\/\/www.123ole.nl\/wp-content\/uploads\/2016\/02\/voor-wie-met-kinderen-2-773x1030.jpg\" data-rel='gallery-1' data-prev-img='https:\/\/www.123ole.nl\/wp-content\/uploads\/2016\/02\/voor-wie-met-kinderen-2-495x400.jpg' class='lightbox ' data-onclick='3' title='voor-wie-met-kinderen-2'  itemprop=\"thumbnailUrl\"  ><img  src='https:\/\/www.123ole.nl\/wp-content\/uploads\/2016\/02\/voor-wie-met-kinderen-2-495x400.jpg' width='495' height='400'  title='voor-wie-met-kinderen-2' alt='' \/><div class='big-prev-fake'><img width='495' height='400' src='https:\/\/www.123ole.nl\/wp-content\/uploads\/2016\/02\/voor-wie-met-kinderen-2-495x400.jpg' title='voor-wie-met-kinderen-2' alt='' \/><\/div><\/a><a href=\"https:\/\/www.123ole.nl\/wp-content\/uploads\/2016\/02\/voor-wie-met-kinderen-4-1030x773.jpg\" data-rel='gallery-1' data-prev-img='https:\/\/www.123ole.nl\/wp-content\/uploads\/2016\/02\/voor-wie-met-kinderen-4-495x400.jpg' class='lightbox ' data-onclick='4' title='voor-wie-met-kinderen-4'  itemprop=\"thumbnailUrl\"  ><img  src='https:\/\/www.123ole.nl\/wp-content\/uploads\/2016\/02\/voor-wie-met-kinderen-4-495x400.jpg' width='495' height='400'  title='voor-wie-met-kinderen-4' alt='' \/><div class='big-prev-fake'><img width='495' height='400' src='https:\/\/www.123ole.nl\/wp-content\/uploads\/2016\/02\/voor-wie-met-kinderen-4-495x400.jpg' title='voor-wie-met-kinderen-4' alt='' \/><\/div><\/a><a href=\"https:\/\/www.123ole.nl\/wp-content\/uploads\/2016\/02\/voor-wie-met-kinderen-8-1030x773.jpg\" data-rel='gallery-1' data-prev-img='https:\/\/www.123ole.nl\/wp-content\/uploads\/2016\/02\/voor-wie-met-kinderen-8-495x400.jpg' class='lightbox ' data-onclick='5' title='voor-wie-met-kinderen-8'  itemprop=\"thumbnailUrl\"  ><img  src='https:\/\/www.123ole.nl\/wp-content\/uploads\/2016\/02\/voor-wie-met-kinderen-8-495x400.jpg' width='495' height='400'  title='voor-wie-met-kinderen-8' alt='' \/><div class='big-prev-fake'><img width='495' height='400' src='https:\/\/www.123ole.nl\/wp-content\/uploads\/2016\/02\/voor-wie-met-kinderen-8-495x400.jpg' title='voor-wie-met-kinderen-8' alt='' \/><\/div><\/a><\/div><\/div><br \/>\n\n<style type=\"text\/css\" data-created_by=\"avia_inline_auto\" id=\"style-css-av-av_hr-a07f7596b1fca85f6595a75d593069df\">\n#top .hr.hr-invisible.av-av_hr-a07f7596b1fca85f6595a75d593069df{\nheight:40px;\n}\n<\/style>\n<div  class='hr av-av_hr-a07f7596b1fca85f6595a75d593069df hr-invisible  avia-builder-el-9  el_after_av_gallery  avia-builder-el-last '><span class='hr-inner '><span class=\"hr-inner-style\"><\/span><\/span><\/div><\/p><\/div><\/div><\/div><\/div><!-- close content main div --><\/div><\/div>\n<style type=\"text\/css\" data-created_by=\"avia_inline_auto\" id=\"style-css-av-av_section-c669eb898479911e34664401d1422df4\">\n.avia-section.av-av_section-c669eb898479911e34664401d1422df4{\nbackground-repeat:no-repeat;\nbackground-image:url(https:\/\/www.123ole.nl\/wp-content\/uploads\/2015\/12\/OLE123-banner-f.jpg);\nbackground-position:50% 50%;\nbackground-attachment:scroll;\n}\n<\/style>\n<div id='av_section_3'  class='avia-section av-av_section-c669eb898479911e34664401d1422df4 main_color avia-section-small avia-no-border-styling  avia-builder-el-10  el_after_av_section  avia-builder-el-last  avia-full-stretch avia-bg-style-scroll av-minimum-height av-minimum-height-custom  container_wrap sidebar_right'  data-section-bg-repeat='stretch' data-av_minimum_height_px='70'><div class='container av-section-cont-open' style='height:70px'><div class='template-page content  av-content-small alpha units'><div class='post-entry post-entry-type-page post-entry-1490'><div class='entry-content-wrapper clearfix'><\/div><\/div><\/div><!-- close content main div --><\/div><\/div><div id='after_section_3'  class='main_color av_default_container_wrap container_wrap sidebar_right'  ><div class='container av-section-cont-open' ><div class='template-page content  av-content-small alpha units'><div class='post-entry post-entry-type-page post-entry-1490'><div class='entry-content-wrapper clearfix'><\/p>\n","protected":false},"excerpt":{"rendered":"","protected":false},"author":12,"featured_media":0,"parent":0,"menu_order":0,"comment_status":"closed","ping_status":"closed","template":"","meta":{"footnotes":""},"class_list":["post-1490","page","type-page","status-publish","hentry"],"yoast_head":"<!-- This site is optimized with the Yoast SEO plugin v26.5 - https:\/\/yoast.com\/wordpress\/plugins\/seo\/ -->\n<title>Con ni\u00f1os - Variee ole!<\/title>\n<meta name=\"robots\" content=\"index, follow, max-snippet:-1, max-image-preview:large, max-video-preview:-1\" \/>\n<link rel=\"canonical\" href=\"https:\/\/www.123ole.nl\/es\/con-ninos\/\" \/>\n<meta property=\"og:locale\" content=\"es_ES\" \/>\n<meta property=\"og:type\" content=\"article\" \/>\n<meta property=\"og:title\" content=\"Con ni\u00f1os - Variee ole!\" \/>\n<meta property=\"og:url\" content=\"https:\/\/www.123ole.nl\/es\/con-ninos\/\" \/>\n<meta property=\"og:site_name\" content=\"Variee ole!\" \/>\n<meta property=\"article:publisher\" content=\"https:\/\/www.facebook.com\/123ole\/\" \/>\n<meta property=\"og:image\" content=\"https:\/\/www.123ole.nl\/wp-content\/uploads\/2015\/04\/Can-Portell-Spanje.jpg\" \/>\n\t<meta property=\"og:image:width\" content=\"1500\" \/>\n\t<meta property=\"og:image:height\" content=\"996\" \/>\n\t<meta property=\"og:image:type\" content=\"image\/jpeg\" \/>\n<meta name=\"twitter:card\" content=\"summary_large_image\" \/>\n<meta name=\"twitter:label1\" content=\"Est. reading time\" \/>\n\t<meta name=\"twitter:data1\" content=\"4 minutos\" \/>\n<script type=\"application\/ld+json\" class=\"yoast-schema-graph\">{\"@context\":\"https:\/\/schema.org\",\"@graph\":[{\"@type\":\"WebPage\",\"@id\":\"https:\/\/www.123ole.nl\/es\/con-ninos\/\",\"url\":\"https:\/\/www.123ole.nl\/es\/con-ninos\/\",\"name\":\"Con ni\u00f1os - Variee ole!\",\"isPartOf\":{\"@id\":\"https:\/\/www.123ole.nl\/ca\/#website\"},\"datePublished\":\"2016-04-20T07:49:02+00:00\",\"breadcrumb\":{\"@id\":\"https:\/\/www.123ole.nl\/es\/con-ninos\/#breadcrumb\"},\"inLanguage\":\"es-ES\",\"potentialAction\":[{\"@type\":\"ReadAction\",\"target\":[\"https:\/\/www.123ole.nl\/es\/con-ninos\/\"]}]},{\"@type\":\"BreadcrumbList\",\"@id\":\"https:\/\/www.123ole.nl\/es\/con-ninos\/#breadcrumb\",\"itemListElement\":[{\"@type\":\"ListItem\",\"position\":1,\"name\":\"Home\",\"item\":\"https:\/\/www.123ole.nl\/es\/home\/\"},{\"@type\":\"ListItem\",\"position\":2,\"name\":\"Con ni\u00f1os\"}]},{\"@type\":\"WebSite\",\"@id\":\"https:\/\/www.123ole.nl\/ca\/#website\",\"url\":\"https:\/\/www.123ole.nl\/ca\/\",\"name\":\"Variee ole!\",\"description\":\"&quot;123 ole!&quot;\",\"potentialAction\":[{\"@type\":\"SearchAction\",\"target\":{\"@type\":\"EntryPoint\",\"urlTemplate\":\"https:\/\/www.123ole.nl\/ca\/?s={search_term_string}\"},\"query-input\":{\"@type\":\"PropertyValueSpecification\",\"valueRequired\":true,\"valueName\":\"search_term_string\"}}],\"inLanguage\":\"es-ES\"}]}<\/script>\n<!-- \/ Yoast SEO plugin. -->","yoast_head_json":{"title":"Con ni\u00f1os - Variee ole!","robots":{"index":"index","follow":"follow","max-snippet":"max-snippet:-1","max-image-preview":"max-image-preview:large","max-video-preview":"max-video-preview:-1"},"canonical":"https:\/\/www.123ole.nl\/es\/con-ninos\/","og_locale":"es_ES","og_type":"article","og_title":"Con ni\u00f1os - Variee ole!","og_url":"https:\/\/www.123ole.nl\/es\/con-ninos\/","og_site_name":"Variee ole!","article_publisher":"https:\/\/www.facebook.com\/123ole\/","og_image":[{"width":1500,"height":996,"url":"https:\/\/www.123ole.nl\/wp-content\/uploads\/2015\/04\/Can-Portell-Spanje.jpg","type":"image\/jpeg"}],"twitter_card":"summary_large_image","twitter_misc":{"Est. reading time":"4 minutos"},"schema":{"@context":"https:\/\/schema.org","@graph":[{"@type":"WebPage","@id":"https:\/\/www.123ole.nl\/es\/con-ninos\/","url":"https:\/\/www.123ole.nl\/es\/con-ninos\/","name":"Con ni\u00f1os - Variee ole!","isPartOf":{"@id":"https:\/\/www.123ole.nl\/ca\/#website"},"datePublished":"2016-04-20T07:49:02+00:00","breadcrumb":{"@id":"https:\/\/www.123ole.nl\/es\/con-ninos\/#breadcrumb"},"inLanguage":"es-ES","potentialAction":[{"@type":"ReadAction","target":["https:\/\/www.123ole.nl\/es\/con-ninos\/"]}]},{"@type":"BreadcrumbList","@id":"https:\/\/www.123ole.nl\/es\/con-ninos\/#breadcrumb","itemListElement":[{"@type":"ListItem","position":1,"name":"Home","item":"https:\/\/www.123ole.nl\/es\/home\/"},{"@type":"ListItem","position":2,"name":"Con ni\u00f1os"}]},{"@type":"WebSite","@id":"https:\/\/www.123ole.nl\/ca\/#website","url":"https:\/\/www.123ole.nl\/ca\/","name":"Variee ole!","description":"&quot;123 ole!&quot;","potentialAction":[{"@type":"SearchAction","target":{"@type":"EntryPoint","urlTemplate":"https:\/\/www.123ole.nl\/ca\/?s={search_term_string}"},"query-input":{"@type":"PropertyValueSpecification","valueRequired":true,"valueName":"search_term_string"}}],"inLanguage":"es-ES"}]}},"_links":{"self":[{"href":"https:\/\/www.123ole.nl\/es\/wp-json\/wp\/v2\/pages\/1490","targetHints":{"allow":["GET"]}}],"collection":[{"href":"https:\/\/www.123ole.nl\/es\/wp-json\/wp\/v2\/pages"}],"about":[{"href":"https:\/\/www.123ole.nl\/es\/wp-json\/wp\/v2\/types\/page"}],"author":[{"embeddable":true,"href":"https:\/\/www.123ole.nl\/es\/wp-json\/wp\/v2\/users\/12"}],"replies":[{"embeddable":true,"href":"https:\/\/www.123ole.nl\/es\/wp-json\/wp\/v2\/comments?post=1490"}],"version-history":[{"count":0,"href":"https:\/\/www.123ole.nl\/es\/wp-json\/wp\/v2\/pages\/1490\/revisions"}],"wp:attachment":[{"href":"https:\/\/www.123ole.nl\/es\/wp-json\/wp\/v2\/media?parent=1490"}],"curies":[{"name":"wp","href":"https:\/\/api.w.org\/{rel}","templated":true}]}}