{"id":1485,"date":"2016-04-20T07:58:37","date_gmt":"2016-04-20T06:58:37","guid":{"rendered":"https:\/\/www.123ole.nl\/es\/?page_id=1485"},"modified":"2016-04-20T11:39:42","modified_gmt":"2016-04-20T10:39:42","slug":"besalu","status":"publish","type":"page","link":"https:\/\/www.123ole.nl\/es\/situacion-y-comarca\/comarca\/besalu\/","title":{"rendered":"Besal\u00f9"},"content":{"rendered":"\n<style type=\"text\/css\" data-created_by=\"avia_inline_auto\" id=\"style-css-av-av_section-1f0cdcab9d7a800713d9eef3becfe778\">\n.avia-section.av-av_section-1f0cdcab9d7a800713d9eef3becfe778{\nbackground-repeat:no-repeat;\nbackground-image:url(https:\/\/www.123ole.nl\/wp-content\/uploads\/2015\/12\/OLE123-banner-b.jpg);\nbackground-position:50% 50%;\nbackground-attachment:scroll;\n}\n<\/style>\n<div id='av_section_1'  class='avia-section av-av_section-1f0cdcab9d7a800713d9eef3becfe778 main_color avia-section-small avia-no-border-styling  avia-builder-el-0  el_before_av_section  avia-builder-el-first  avia-full-stretch avia-bg-style-scroll av-minimum-height av-minimum-height-custom  container_wrap sidebar_right'  data-section-bg-repeat='stretch' data-av_minimum_height_px='70'><div class='container av-section-cont-open' style='height:70px'><main  role=\"main\" itemprop=\"mainContentOfPage\"  class='template-page content  av-content-small alpha units'><div class='post-entry post-entry-type-page post-entry-1485'><div class='entry-content-wrapper clearfix'>\n<\/div><\/div><\/main><!-- close content main element --><\/div><\/div><div id='av_section_2'  class='avia-section av-av_section-d18d8c2c81d10022ebd21ffa95322c35 main_color avia-section-default avia-no-shadow  avia-builder-el-1  el_after_av_section  el_before_av_section  avia-bg-style-scroll container_wrap sidebar_right'  ><div class='container av-section-cont-open' ><div class='template-page content  av-content-small alpha units'><div class='post-entry post-entry-type-page post-entry-1485'><div class='entry-content-wrapper clearfix'>\n\n<style type=\"text\/css\" data-created_by=\"avia_inline_auto\" id=\"style-css-av-av_one_half-352b07ef7d3bc99b2e9f92e7a9e06bdb\">\n.flex_column.av-av_one_half-352b07ef7d3bc99b2e9f92e7a9e06bdb{\n-webkit-border-radius:0px 0px 0px 0px;\n-moz-border-radius:0px 0px 0px 0px;\nborder-radius:0px 0px 0px 0px;\npadding:0px 0px 0px 0px;\n}\n<\/style>\n<div class='flex_column av-av_one_half-352b07ef7d3bc99b2e9f92e7a9e06bdb av_one_half  avia-builder-el-2  el_before_av_one_half  avia-builder-el-first  first flex_column_div av-zero-column-padding '     ><p>\n<style type=\"text\/css\" data-created_by=\"avia_inline_auto\" id=\"style-css-av-av_hr-e4693b4901147da204a5974270f2c5a0\">\n#top .hr.hr-invisible.av-av_hr-e4693b4901147da204a5974270f2c5a0{\nheight:10px;\n}\n<\/style>\n<div  class='hr av-av_hr-e4693b4901147da204a5974270f2c5a0 hr-invisible  avia-builder-el-3  el_before_av_textblock  avia-builder-el-first '><span class='hr-inner '><span class=\"hr-inner-style\"><\/span><\/span><\/div><br \/>\n<section  class='av_textblock_section av-av_textblock-35972167d9f102c5ddaec0c531c98b9e'  itemscope=\"itemscope\" itemtype=\"https:\/\/schema.org\/CreativeWork\" ><div class='avia_textblock'  itemprop=\"text\" ><h2><span style=\"font-family: matador;\">Besal\u00f9<br \/>\n<\/span><\/h2>\n<\/div><\/section><br \/>\n\n<style type=\"text\/css\" data-created_by=\"avia_inline_auto\" id=\"style-css-av-av_hr-3b0395e8253e23586bb1d92584a8ba3c\">\n#top .hr.av-av_hr-3b0395e8253e23586bb1d92584a8ba3c{\nmargin-top:30px;\nmargin-bottom:30px;\n}\n.hr.av-av_hr-3b0395e8253e23586bb1d92584a8ba3c .hr-inner{\nwidth:50px;\nborder-color:#000000;\nmax-width:45%;\n}\n.hr.av-av_hr-3b0395e8253e23586bb1d92584a8ba3c .av-seperator-icon{\ncolor:#000000;\n}\n<\/style>\n<div  class='hr av-av_hr-3b0395e8253e23586bb1d92584a8ba3c hr-custom  avia-builder-el-5  el_after_av_textblock  el_before_av_textblock  hr-left hr-icon-yes'><span class='hr-inner inner-border-av-border-thin'><span class=\"hr-inner-style\"><\/span><\/span><span class='av-seperator-icon' aria-hidden='true' data-av_icon='\ue866' data-av_iconfont='entypo-fontello'><\/span><span class='hr-inner inner-border-av-border-thin'><span class=\"hr-inner-style\"><\/span><\/span><\/div><br \/>\n<section  class='av_textblock_section av-av_textblock-35972167d9f102c5ddaec0c531c98b9e'  itemscope=\"itemscope\" itemtype=\"https:\/\/schema.org\/CreativeWork\" ><div class='avia_textblock'  itemprop=\"text\" ><p>Besal\u00fa est\u00e1 situado a 20 minutos en coche de Can Portell y se puede encontrar aparcamiento gratuito en las afueras de la poblaci\u00f3n.\u00a0A la pinturesca y medieval localidad de Besal\u00fa se entra por un puente de arco con un portal fortificado y una curva en medio. El bonito paseo por el pueblo te llevar\u00e1 a la verde orilla del Borr\u00f3, algo m\u00e1s alejado, desde donde se obtienen unas vistas del puente todav\u00eda m\u00e1s espectaculares.<\/p>\n<p>La localidad est\u00e1 repleta de calles tortuosas donde encontrar\u00e1s tiendas, restaurantes y unas pocas plazoletas de ambiente agradable y evocador.\u00a0Vale la pena visitar el antiguo <em>micv\u00e9<\/em>, situado bajo tierra en el barrio jud\u00edo. Traducido literalmente, <em>mikweh<\/em> significa \u00abagua viva\u00bb, y constituye un ritual de purificaci\u00f3n importante en el juda\u00edsmo. En el centro de Besal\u00fa se encuentra el museo Micromundi, donde, con la ayuda de una lupa, podr\u00e1s maravillarte con, por ejemplo, carruajes completos del tama\u00f1o de una cabeza de alfiler.<\/p>\n<p><strong>Nuestras cinco recomendaciones en Besal\u00fa:<\/strong><\/p>\n<ol>\n<li>Micromundi, el museo de miniaturas para el que necesitar\u00e1s una lupa.<\/li>\n<li>Enfrentarse al puente medieval.<\/li>\n<li>Pasear por la localidad.<\/li>\n<li>Visitar el centro hist\u00f3rico y tomar un caf\u00e9 en la Pla\u00e7a Major.<\/li>\n<li>Comer en la Cureia Reial, en la Pla\u00e7a de la Llibertat.<\/li>\n<\/ol>\n<\/div><\/section><br \/>\n\n<style type=\"text\/css\" data-created_by=\"avia_inline_auto\" id=\"style-css-av-av_hr-d06ff6b155852022dd2afb4b3ca0ceb6\">\n#top .hr.hr-invisible.av-av_hr-d06ff6b155852022dd2afb4b3ca0ceb6{\nheight:50px;\n}\n<\/style>\n<div  class='hr av-av_hr-d06ff6b155852022dd2afb4b3ca0ceb6 hr-invisible  avia-builder-el-7  el_after_av_textblock  el_before_av_textblock '><span class='hr-inner '><span class=\"hr-inner-style\"><\/span><\/span><\/div><br \/>\n\n<style type=\"text\/css\" data-created_by=\"avia_inline_auto\" id=\"style-css-av-av_textblock-6763aea0c97f3484dbd068e780623504\">\n#top .av_textblock_section.av-av_textblock-6763aea0c97f3484dbd068e780623504 .avia_textblock{\ncolor:#000000;\n}\n<\/style>\n<section  class='av_textblock_section av-av_textblock-6763aea0c97f3484dbd068e780623504'  itemscope=\"itemscope\" itemtype=\"https:\/\/schema.org\/CreativeWork\" ><div class='avia_textblock av_inherit_color'  itemprop=\"text\" ><p style=\"text-align: center;\"><a href=\"https:\/\/www.123ole.nl\/es\/situacion-y-comarca\/comarca\/\"><span style=\"font-size: 12pt;\"><span style=\"text-decoration: underline;\"><span style=\"font-family: blokletters;\">Volver a Comarca &lt;&lt;<\/span><\/span><\/span><\/a><\/p>\n<\/div><\/section><\/p><\/div>\n<style type=\"text\/css\" data-created_by=\"avia_inline_auto\" id=\"style-css-av-av_one_half-2a64de42b738552fe666ca889af77e28\">\n.flex_column.av-av_one_half-2a64de42b738552fe666ca889af77e28{\n-webkit-border-radius:0px 0px 0px 0px;\n-moz-border-radius:0px 0px 0px 0px;\nborder-radius:0px 0px 0px 0px;\npadding:0px 0px 0px 0px;\n}\n<\/style>\n<div class='flex_column av-av_one_half-2a64de42b738552fe666ca889af77e28 av_one_half  avia-builder-el-9  el_after_av_one_half  avia-builder-el-last  flex_column_div av-zero-column-padding '     ><p>\n<style type=\"text\/css\" data-created_by=\"avia_inline_auto\" id=\"style-css-av-av_gallery-637d710eb5f347953b73b9c5b2e68b00\">\n#top .avia-gallery.av-av_gallery-637d710eb5f347953b73b9c5b2e68b00 .avia-gallery-thumb a{\nwidth:20%;\n}\n<\/style>\n<div  class='avia-gallery av-av_gallery-637d710eb5f347953b73b9c5b2e68b00 avia_animate_when_visible  avia-builder-el-10  el_before_av_hr  avia-builder-el-first  deactivate_avia_lazyload avia-gallery-animate avia-gallery-1'  itemprop=\"image\" itemscope=\"itemscope\" itemtype=\"https:\/\/schema.org\/ImageObject\" ><meta itemprop=\"contentURL\" content=\"https:\/\/www.123ole.nl\/es\/situacion-y-comarca\/comarca\/besalu\/\"><a class='avia-gallery-big fakeLightbox lightbox avia-gallery-big-crop-thumb ' href=\"https:\/\/www.123ole.nl\/wp-content\/uploads\/2016\/02\/besalu2-123ole-1030x773.jpg\"  data-onclick='1' title='besalu2-123ole' ><span class='avia-gallery-big-inner'  itemprop=\"thumbnailUrl\" ><img width='495' height='400' src='https:\/\/www.123ole.nl\/wp-content\/uploads\/2016\/02\/besalu2-123ole-495x400.jpg' title='besalu2-123ole' alt='' \/><\/span><\/a><div class='avia-gallery-thumb'><a href=\"https:\/\/www.123ole.nl\/wp-content\/uploads\/2016\/02\/besalu2-123ole-1030x773.jpg\" data-rel='gallery-1' data-prev-img='https:\/\/www.123ole.nl\/wp-content\/uploads\/2016\/02\/besalu2-123ole-495x400.jpg' class='first_thumb lightbox ' data-onclick='1' title='besalu2-123ole'  itemprop=\"thumbnailUrl\"  ><img  src='https:\/\/www.123ole.nl\/wp-content\/uploads\/2016\/02\/besalu2-123ole-495x400.jpg' width='495' height='400'  title='besalu2-123ole' alt='' \/><div class='big-prev-fake'><img width='495' height='400' src='https:\/\/www.123ole.nl\/wp-content\/uploads\/2016\/02\/besalu2-123ole-495x400.jpg' title='besalu2-123ole' alt='' \/><\/div><\/a><a href=\"https:\/\/www.123ole.nl\/wp-content\/uploads\/2016\/02\/besalu1-123ole-977x1030.jpg\" data-rel='gallery-1' data-prev-img='https:\/\/www.123ole.nl\/wp-content\/uploads\/2016\/02\/besalu1-123ole-495x400.jpg' class='lightbox ' data-onclick='2' title='besalu1-123ole'  itemprop=\"thumbnailUrl\"  ><img  src='https:\/\/www.123ole.nl\/wp-content\/uploads\/2016\/02\/besalu1-123ole-495x400.jpg' width='495' height='400'  title='besalu1-123ole' alt='' \/><div class='big-prev-fake'><img width='495' height='400' src='https:\/\/www.123ole.nl\/wp-content\/uploads\/2016\/02\/besalu1-123ole-495x400.jpg' title='besalu1-123ole' alt='' \/><\/div><\/a><\/div><\/div><br \/>\n\n<style type=\"text\/css\" data-created_by=\"avia_inline_auto\" id=\"style-css-av-av_hr-a07f7596b1fca85f6595a75d593069df\">\n#top .hr.hr-invisible.av-av_hr-a07f7596b1fca85f6595a75d593069df{\nheight:40px;\n}\n<\/style>\n<div  class='hr av-av_hr-a07f7596b1fca85f6595a75d593069df hr-invisible  avia-builder-el-11  el_after_av_gallery  avia-builder-el-last '><span class='hr-inner '><span class=\"hr-inner-style\"><\/span><\/span><\/div><\/p><\/div><\/div><\/div><\/div><!-- close content main div --><\/div><\/div>\n<style type=\"text\/css\" data-created_by=\"avia_inline_auto\" id=\"style-css-av-av_section-c669eb898479911e34664401d1422df4\">\n.avia-section.av-av_section-c669eb898479911e34664401d1422df4{\nbackground-repeat:no-repeat;\nbackground-image:url(https:\/\/www.123ole.nl\/wp-content\/uploads\/2015\/12\/OLE123-banner-f.jpg);\nbackground-position:50% 50%;\nbackground-attachment:scroll;\n}\n<\/style>\n<div id='av_section_3'  class='avia-section av-av_section-c669eb898479911e34664401d1422df4 main_color avia-section-small avia-no-border-styling  avia-builder-el-12  el_after_av_section  avia-builder-el-last  avia-full-stretch avia-bg-style-scroll av-minimum-height av-minimum-height-custom  container_wrap sidebar_right'  data-section-bg-repeat='stretch' data-av_minimum_height_px='70'><div class='container av-section-cont-open' style='height:70px'><div class='template-page content  av-content-small alpha units'><div class='post-entry post-entry-type-page post-entry-1485'><div class='entry-content-wrapper clearfix'><\/div><\/div><\/div><!-- close content main div --><\/div><\/div><div id='after_section_3'  class='main_color av_default_container_wrap container_wrap sidebar_right'  ><div class='container av-section-cont-open' ><div class='template-page content  av-content-small alpha units'><div class='post-entry post-entry-type-page post-entry-1485'><div class='entry-content-wrapper clearfix'><\/p>\n","protected":false},"excerpt":{"rendered":"","protected":false},"author":12,"featured_media":0,"parent":1482,"menu_order":0,"comment_status":"closed","ping_status":"closed","template":"","meta":{"footnotes":""},"class_list":["post-1485","page","type-page","status-publish","hentry"],"yoast_head":"<!-- This site is optimized with the Yoast SEO plugin v26.5 - https:\/\/yoast.com\/wordpress\/plugins\/seo\/ -->\n<title>Besal\u00f9 - Variee ole!<\/title>\n<meta name=\"robots\" content=\"index, follow, max-snippet:-1, max-image-preview:large, max-video-preview:-1\" \/>\n<link rel=\"canonical\" href=\"https:\/\/www.123ole.nl\/es\/situacion-y-comarca\/comarca\/besalu\/\" \/>\n<meta property=\"og:locale\" content=\"es_ES\" \/>\n<meta property=\"og:type\" content=\"article\" \/>\n<meta property=\"og:title\" content=\"Besal\u00f9 - Variee ole!\" \/>\n<meta property=\"og:url\" content=\"https:\/\/www.123ole.nl\/es\/situacion-y-comarca\/comarca\/besalu\/\" \/>\n<meta property=\"og:site_name\" content=\"Variee ole!\" \/>\n<meta property=\"article:publisher\" content=\"https:\/\/www.facebook.com\/123ole\/\" \/>\n<meta property=\"article:modified_time\" content=\"2016-04-20T10:39:42+00:00\" \/>\n<meta property=\"og:image\" content=\"https:\/\/www.123ole.nl\/wp-content\/uploads\/2015\/04\/Can-Portell-Spanje.jpg\" \/>\n\t<meta property=\"og:image:width\" content=\"1500\" \/>\n\t<meta property=\"og:image:height\" content=\"996\" \/>\n\t<meta property=\"og:image:type\" content=\"image\/jpeg\" \/>\n<meta name=\"twitter:card\" content=\"summary_large_image\" \/>\n<meta name=\"twitter:label1\" content=\"Est. reading time\" \/>\n\t<meta name=\"twitter:data1\" content=\"4 minutos\" \/>\n<script type=\"application\/ld+json\" class=\"yoast-schema-graph\">{\"@context\":\"https:\/\/schema.org\",\"@graph\":[{\"@type\":\"WebPage\",\"@id\":\"https:\/\/www.123ole.nl\/es\/situacion-y-comarca\/comarca\/besalu\/\",\"url\":\"https:\/\/www.123ole.nl\/es\/situacion-y-comarca\/comarca\/besalu\/\",\"name\":\"Besal\u00f9 - Variee ole!\",\"isPartOf\":{\"@id\":\"https:\/\/www.123ole.nl\/ca\/#website\"},\"datePublished\":\"2016-04-20T06:58:37+00:00\",\"dateModified\":\"2016-04-20T10:39:42+00:00\",\"breadcrumb\":{\"@id\":\"https:\/\/www.123ole.nl\/es\/situacion-y-comarca\/comarca\/besalu\/#breadcrumb\"},\"inLanguage\":\"es-ES\",\"potentialAction\":[{\"@type\":\"ReadAction\",\"target\":[\"https:\/\/www.123ole.nl\/es\/situacion-y-comarca\/comarca\/besalu\/\"]}]},{\"@type\":\"BreadcrumbList\",\"@id\":\"https:\/\/www.123ole.nl\/es\/situacion-y-comarca\/comarca\/besalu\/#breadcrumb\",\"itemListElement\":[{\"@type\":\"ListItem\",\"position\":1,\"name\":\"Home\",\"item\":\"https:\/\/www.123ole.nl\/es\/home\/\"},{\"@type\":\"ListItem\",\"position\":2,\"name\":\"Situaci\u00f3n y comarca\",\"item\":\"https:\/\/www.123ole.nl\/es\/situacion-y-comarca\/\"},{\"@type\":\"ListItem\",\"position\":3,\"name\":\"Comarca\",\"item\":\"https:\/\/www.123ole.nl\/es\/situacion-y-comarca\/comarca\/\"},{\"@type\":\"ListItem\",\"position\":4,\"name\":\"Besal\u00f9\"}]},{\"@type\":\"WebSite\",\"@id\":\"https:\/\/www.123ole.nl\/ca\/#website\",\"url\":\"https:\/\/www.123ole.nl\/ca\/\",\"name\":\"Variee ole!\",\"description\":\"&quot;123 ole!&quot;\",\"potentialAction\":[{\"@type\":\"SearchAction\",\"target\":{\"@type\":\"EntryPoint\",\"urlTemplate\":\"https:\/\/www.123ole.nl\/ca\/?s={search_term_string}\"},\"query-input\":{\"@type\":\"PropertyValueSpecification\",\"valueRequired\":true,\"valueName\":\"search_term_string\"}}],\"inLanguage\":\"es-ES\"}]}<\/script>\n<!-- \/ Yoast SEO plugin. -->","yoast_head_json":{"title":"Besal\u00f9 - Variee ole!","robots":{"index":"index","follow":"follow","max-snippet":"max-snippet:-1","max-image-preview":"max-image-preview:large","max-video-preview":"max-video-preview:-1"},"canonical":"https:\/\/www.123ole.nl\/es\/situacion-y-comarca\/comarca\/besalu\/","og_locale":"es_ES","og_type":"article","og_title":"Besal\u00f9 - Variee ole!","og_url":"https:\/\/www.123ole.nl\/es\/situacion-y-comarca\/comarca\/besalu\/","og_site_name":"Variee ole!","article_publisher":"https:\/\/www.facebook.com\/123ole\/","article_modified_time":"2016-04-20T10:39:42+00:00","og_image":[{"width":1500,"height":996,"url":"https:\/\/www.123ole.nl\/wp-content\/uploads\/2015\/04\/Can-Portell-Spanje.jpg","type":"image\/jpeg"}],"twitter_card":"summary_large_image","twitter_misc":{"Est. reading time":"4 minutos"},"schema":{"@context":"https:\/\/schema.org","@graph":[{"@type":"WebPage","@id":"https:\/\/www.123ole.nl\/es\/situacion-y-comarca\/comarca\/besalu\/","url":"https:\/\/www.123ole.nl\/es\/situacion-y-comarca\/comarca\/besalu\/","name":"Besal\u00f9 - Variee ole!","isPartOf":{"@id":"https:\/\/www.123ole.nl\/ca\/#website"},"datePublished":"2016-04-20T06:58:37+00:00","dateModified":"2016-04-20T10:39:42+00:00","breadcrumb":{"@id":"https:\/\/www.123ole.nl\/es\/situacion-y-comarca\/comarca\/besalu\/#breadcrumb"},"inLanguage":"es-ES","potentialAction":[{"@type":"ReadAction","target":["https:\/\/www.123ole.nl\/es\/situacion-y-comarca\/comarca\/besalu\/"]}]},{"@type":"BreadcrumbList","@id":"https:\/\/www.123ole.nl\/es\/situacion-y-comarca\/comarca\/besalu\/#breadcrumb","itemListElement":[{"@type":"ListItem","position":1,"name":"Home","item":"https:\/\/www.123ole.nl\/es\/home\/"},{"@type":"ListItem","position":2,"name":"Situaci\u00f3n y comarca","item":"https:\/\/www.123ole.nl\/es\/situacion-y-comarca\/"},{"@type":"ListItem","position":3,"name":"Comarca","item":"https:\/\/www.123ole.nl\/es\/situacion-y-comarca\/comarca\/"},{"@type":"ListItem","position":4,"name":"Besal\u00f9"}]},{"@type":"WebSite","@id":"https:\/\/www.123ole.nl\/ca\/#website","url":"https:\/\/www.123ole.nl\/ca\/","name":"Variee ole!","description":"&quot;123 ole!&quot;","potentialAction":[{"@type":"SearchAction","target":{"@type":"EntryPoint","urlTemplate":"https:\/\/www.123ole.nl\/ca\/?s={search_term_string}"},"query-input":{"@type":"PropertyValueSpecification","valueRequired":true,"valueName":"search_term_string"}}],"inLanguage":"es-ES"}]}},"_links":{"self":[{"href":"https:\/\/www.123ole.nl\/es\/wp-json\/wp\/v2\/pages\/1485","targetHints":{"allow":["GET"]}}],"collection":[{"href":"https:\/\/www.123ole.nl\/es\/wp-json\/wp\/v2\/pages"}],"about":[{"href":"https:\/\/www.123ole.nl\/es\/wp-json\/wp\/v2\/types\/page"}],"author":[{"embeddable":true,"href":"https:\/\/www.123ole.nl\/es\/wp-json\/wp\/v2\/users\/12"}],"replies":[{"embeddable":true,"href":"https:\/\/www.123ole.nl\/es\/wp-json\/wp\/v2\/comments?post=1485"}],"version-history":[{"count":0,"href":"https:\/\/www.123ole.nl\/es\/wp-json\/wp\/v2\/pages\/1485\/revisions"}],"up":[{"embeddable":true,"href":"https:\/\/www.123ole.nl\/es\/wp-json\/wp\/v2\/pages\/1482"}],"wp:attachment":[{"href":"https:\/\/www.123ole.nl\/es\/wp-json\/wp\/v2\/media?parent=1485"}],"curies":[{"name":"wp","href":"https:\/\/api.w.org\/{rel}","templated":true}]}}