{"id":1603,"date":"2016-04-20T15:32:28","date_gmt":"2016-04-20T14:32:28","guid":{"rendered":"https:\/\/www.123ole.nl\/ca\/?page_id=1603"},"modified":"2024-01-19T12:51:07","modified_gmt":"2024-01-19T11:51:07","slug":"la-gitana","status":"publish","type":"page","link":"https:\/\/www.123ole.nl\/ca\/habitacions\/la-gitana\/","title":{"rendered":"La Gitana"},"content":{"rendered":"\n<style type=\"text\/css\" data-created_by=\"avia_inline_auto\" id=\"style-css-av-pwwzvn-5c87121e337b520f46bd7b8182523869\">\n.avia-section.av-pwwzvn-5c87121e337b520f46bd7b8182523869{\nbackground-repeat:no-repeat;\nbackground-image:url(https:\/\/www.123ole.nl\/wp-content\/uploads\/2015\/10\/OLE123-banner.jpg);\nbackground-position:50% 50%;\nbackground-attachment:scroll;\n}\n<\/style>\n<div id='av_section_1'  class='avia-section av-pwwzvn-5c87121e337b520f46bd7b8182523869 main_color avia-section-small avia-no-border-styling  avia-builder-el-0  el_before_av_section  avia-builder-el-first  avia-full-stretch avia-bg-style-scroll av-minimum-height av-minimum-height-custom  container_wrap sidebar_right'  data-section-bg-repeat='stretch' data-av_minimum_height_px='70'><div class='container av-section-cont-open' style='height:70px'><main  role=\"main\" itemprop=\"mainContentOfPage\"  class='template-page content  av-content-small alpha units'><div class='post-entry post-entry-type-page post-entry-1603'><div class='entry-content-wrapper clearfix'>\n<\/div><\/div><\/main><!-- close content main element --><\/div><\/div><div id='av_section_2'  class='avia-section av-o7e9xv-e3e77d34ccda4f19d09200a594491876 main_color avia-section-default avia-no-shadow  avia-builder-el-1  el_after_av_section  el_before_av_section  avia-bg-style-scroll container_wrap sidebar_right'  ><div class='container av-section-cont-open' ><div class='template-page content  av-content-small alpha units'><div class='post-entry post-entry-type-page post-entry-1603'><div class='entry-content-wrapper clearfix'>\n\n<style type=\"text\/css\" data-created_by=\"avia_inline_auto\" id=\"style-css-av-lzwh8z-1b6af930c09910ac419895b257724de8\">\n.flex_column.av-lzwh8z-1b6af930c09910ac419895b257724de8{\n-webkit-border-radius:0px 0px 0px 0px;\n-moz-border-radius:0px 0px 0px 0px;\nborder-radius:0px 0px 0px 0px;\npadding:0px 0px 0px 0px;\n}\n<\/style>\n<div class='flex_column av-lzwh8z-1b6af930c09910ac419895b257724de8 av_one_half  avia-builder-el-2  el_before_av_one_half  avia-builder-el-first  first flex_column_div av-zero-column-padding '     ><p>\n<style type=\"text\/css\" data-created_by=\"avia_inline_auto\" id=\"style-css-av-l2x2c3-3d762095d0fd5fad250cfd5f4ce8c732\">\n#top .hr.hr-invisible.av-l2x2c3-3d762095d0fd5fad250cfd5f4ce8c732{\nheight:10px;\n}\n<\/style>\n<div  class='hr av-l2x2c3-3d762095d0fd5fad250cfd5f4ce8c732 hr-invisible  avia-builder-el-3  el_before_av_textblock  avia-builder-el-first '><span class='hr-inner '><span class=\"hr-inner-style\"><\/span><\/span><\/div><br \/>\n<section  class='av_textblock_section av-ivyrsz-f0bc3e33906e9c929c4c0d4b4d80c1cf'  itemscope=\"itemscope\" itemtype=\"https:\/\/schema.org\/CreativeWork\" ><div class='avia_textblock'  itemprop=\"text\" ><h2><span style=\"font-family: matador;\">LA GITANA<\/span><\/h2>\n<\/div><\/section><br \/>\n\n<style type=\"text\/css\" data-created_by=\"avia_inline_auto\" id=\"style-css-av-h3udyb-67523f7ba84077de0e6c4bca0b48359e\">\n#top .hr.av-h3udyb-67523f7ba84077de0e6c4bca0b48359e{\nmargin-top:30px;\nmargin-bottom:30px;\n}\n.hr.av-h3udyb-67523f7ba84077de0e6c4bca0b48359e .hr-inner{\nwidth:50px;\nborder-color:#000000;\nmax-width:45%;\n}\n.hr.av-h3udyb-67523f7ba84077de0e6c4bca0b48359e .av-seperator-icon{\ncolor:#000000;\n}\n<\/style>\n<div  class='hr av-h3udyb-67523f7ba84077de0e6c4bca0b48359e hr-custom  avia-builder-el-5  el_after_av_textblock  el_before_av_textblock  hr-left hr-icon-yes'><span class='hr-inner inner-border-av-border-thin'><span class=\"hr-inner-style\"><\/span><\/span><span class='av-seperator-icon' aria-hidden='true' data-av_icon='\ue866' data-av_iconfont='entypo-fontello'><\/span><span class='hr-inner inner-border-av-border-thin'><span class=\"hr-inner-style\"><\/span><\/span><\/div><br \/>\n<section  class='av_textblock_section av-l9qkul3q-c36aadeee20c022ef1efa2f56f480063'  itemscope=\"itemscope\" itemtype=\"https:\/\/schema.org\/CreativeWork\" ><div class='avia_textblock'  itemprop=\"text\" ><ul>\n<li>A la masia<\/li>\n<li>M\u00e0xim 3 persones<\/li>\n<li>Des de \u20ac 160<\/li>\n<li>20 m\u00b2<\/li>\n<\/ul>\n<\/div><\/section><br \/>\n<section  class='av_textblock_section av-gb6d6b-9b0ebb1754f79d8ada3f29012c7ecdbf'  itemscope=\"itemscope\" itemtype=\"https:\/\/schema.org\/CreativeWork\" ><div class='avia_textblock'  itemprop=\"text\" ><p>La Gitana es troba a la planta baixa i recorda a una carreta gitana, amb el seu estuc groc de fusta i la mosquitera vermella. Aquesta cambra \u00e9s plena de detalls aut\u00e8ntics. Quan obres la cristallera al balc\u00f3, els raigs del sol del mat\u00ed penetraran i podr\u00e0s gaudir d\u2019una agradable vista al verd jard\u00ed i a l\u2019encisador camp catal\u00e0. Disposa d\u2019un llit doble <em>queen-size<\/em> i d\u2019un individual. L\u2019habitaci\u00f3 t\u00e9 acc\u00e9s directe al sal\u00f3-biblioteca de 100 m<sup>2<\/sup> i compta amb un bonic bany enrajolat amb dutxa i inodor. (L\u2019habitaci\u00f3 adjunta, El Mirall blau, tamb\u00e9 t\u00e9 acc\u00e9s a la biblioteca.)<\/p>\n<\/div><\/section><br \/>\n\n<style type=\"text\/css\" data-created_by=\"avia_inline_auto\" id=\"style-css-av-eqqwgj-6490e23c61bbd597c946f5ba74aebffe\">\n#top .hr.hr-invisible.av-eqqwgj-6490e23c61bbd597c946f5ba74aebffe{\nheight:50px;\n}\n<\/style>\n<div  class='hr av-eqqwgj-6490e23c61bbd597c946f5ba74aebffe hr-invisible  avia-builder-el-8  el_after_av_textblock  el_before_av_button '><span class='hr-inner '><span class=\"hr-inner-style\"><\/span><\/span><\/div><br \/>\n<div  class='avia-button-wrap av-d4humr-e4d7f98d05c6a3d628b3bf1b1f93aaa3-wrap avia-button-center  avia-builder-el-9  el_after_av_hr  el_before_av_hr '>\n<style type=\"text\/css\" data-created_by=\"avia_inline_auto\" id=\"style-css-av-d4humr-e4d7f98d05c6a3d628b3bf1b1f93aaa3\">\n#top #wrap_all .avia-button.av-d4humr-e4d7f98d05c6a3d628b3bf1b1f93aaa3{\nbackground-color:#eeccd0;\nborder-color:#eeccd0;\ncolor:#000000;\n-webkit-transition:all 0.4s ease-in-out;\n-moz-transition:all 0.4s ease-in-out;\n-ms-transition:all 0.4s ease-in-out;\n-o-transition:all 0.4s ease-in-out;\ntransition:all 0.4s ease-in-out;\n}\n<\/style>\n<a href='https:\/\/www.123ole.nl\/ca\/reserves\/'  class='avia-button av-d4humr-e4d7f98d05c6a3d628b3bf1b1f93aaa3 avia-icon_select-yes-left-icon avia-size-medium avia-position-center'  ><span class='avia_button_icon avia_button_icon_left' aria-hidden='true' data-av_icon='\ue805' data-av_iconfont='entypo-fontello'><\/span><span class='avia_iconbox_title' >VEURE DISPONIBILITAT<\/span><\/a><\/div><br \/>\n\n<style type=\"text\/css\" data-created_by=\"avia_inline_auto\" id=\"style-css-av-bc4gpf-293eaa3cecfb5855c556040fef003f9b\">\n#top .hr.hr-invisible.av-bc4gpf-293eaa3cecfb5855c556040fef003f9b{\nheight:50px;\n}\n<\/style>\n<div  class='hr av-bc4gpf-293eaa3cecfb5855c556040fef003f9b hr-invisible  avia-builder-el-10  el_after_av_button  el_before_av_textblock '><span class='hr-inner '><span class=\"hr-inner-style\"><\/span><\/span><\/div><br \/>\n\n<style type=\"text\/css\" data-created_by=\"avia_inline_auto\" id=\"style-css-av-uscxf-88d308595cbae22cf9709d3ac1a2fa6e\">\n#top .av_textblock_section.av-uscxf-88d308595cbae22cf9709d3ac1a2fa6e .avia_textblock{\ncolor:#000000;\n}\n<\/style>\n<section  class='av_textblock_section av-uscxf-88d308595cbae22cf9709d3ac1a2fa6e'  itemscope=\"itemscope\" itemtype=\"https:\/\/schema.org\/CreativeWork\" ><div class='avia_textblock av_inherit_color'  itemprop=\"text\" ><p style=\"text-align: center;\"><span style=\"font-size: 12pt;\"><a href=\"https:\/\/www.123ole.nl\/ca\/habitacions\/\"><span style=\"text-decoration: underline;\"><span style=\"font-family: blokletters;\">Tornar a Habitacions&lt;&lt;<\/span><\/span><\/a><\/span><\/p>\n<\/div><\/section><\/p><\/div>\n<style type=\"text\/css\" data-created_by=\"avia_inline_auto\" id=\"style-css-av-7qqbsz-f5135198f576e3588f3b1272d3a5557a\">\n.flex_column.av-7qqbsz-f5135198f576e3588f3b1272d3a5557a{\n-webkit-border-radius:0px 0px 0px 0px;\n-moz-border-radius:0px 0px 0px 0px;\nborder-radius:0px 0px 0px 0px;\npadding:0px 0px 0px 0px;\n}\n<\/style>\n<div class='flex_column av-7qqbsz-f5135198f576e3588f3b1272d3a5557a av_one_half  avia-builder-el-12  el_after_av_one_half  avia-builder-el-last  flex_column_div av-zero-column-padding '     ><p>\n<style type=\"text\/css\" data-created_by=\"avia_inline_auto\" id=\"style-css-av-5so91v-8066a508f477db57a8dd45290b204a98\">\n#top .avia-gallery.av-5so91v-8066a508f477db57a8dd45290b204a98 .avia-gallery-thumb a{\nwidth:20%;\n}\n<\/style>\n<div  class='avia-gallery av-5so91v-8066a508f477db57a8dd45290b204a98 avia_animate_when_visible  avia-builder-el-13  el_before_av_hr  avia-builder-el-first  deactivate_avia_lazyload avia-gallery-animate avia-gallery-1'  itemprop=\"image\" itemscope=\"itemscope\" itemtype=\"https:\/\/schema.org\/ImageObject\" ><meta itemprop=\"contentURL\" content=\"https:\/\/www.123ole.nl\/ca\/habitacions\/la-gitana\/\"><a class='avia-gallery-big fakeLightbox lightbox avia-gallery-big-crop-thumb ' href=\"https:\/\/www.123ole.nl\/wp-content\/uploads\/2015\/12\/De-Zigeunerin-2-1030x684.jpg\"  data-onclick='1' title='De Zigeunerin (2)' ><span class='avia-gallery-big-inner'  itemprop=\"thumbnailUrl\" ><img width='495' height='400' src='https:\/\/www.123ole.nl\/wp-content\/uploads\/2015\/12\/De-Zigeunerin-2-495x400.jpg' title='De Zigeunerin (2)' alt='' \/><\/span><\/a><div class='avia-gallery-thumb'><a href=\"https:\/\/www.123ole.nl\/wp-content\/uploads\/2015\/12\/De-Zigeunerin-2-1030x684.jpg\" data-rel='gallery-1' data-prev-img='https:\/\/www.123ole.nl\/wp-content\/uploads\/2015\/12\/De-Zigeunerin-2-495x400.jpg' class='first_thumb lightbox ' data-onclick='1' title='De Zigeunerin (2)'  itemprop=\"thumbnailUrl\"  ><img  src='https:\/\/www.123ole.nl\/wp-content\/uploads\/2015\/12\/De-Zigeunerin-2-495x400.jpg' width='495' height='400'  title='De Zigeunerin (2)' alt='' \/><div class='big-prev-fake'><img width='495' height='400' src='https:\/\/www.123ole.nl\/wp-content\/uploads\/2015\/12\/De-Zigeunerin-2-495x400.jpg' title='De Zigeunerin (2)' alt='' \/><\/div><\/a><a href=\"https:\/\/www.123ole.nl\/wp-content\/uploads\/2015\/12\/De-Zigeunerin-11-773x1030.jpg\" data-rel='gallery-1' data-prev-img='https:\/\/www.123ole.nl\/wp-content\/uploads\/2015\/12\/De-Zigeunerin-11-495x400.jpg' class='lightbox ' data-onclick='2' title='De-Zigeunerin-(11)'  itemprop=\"thumbnailUrl\"  ><img  src='https:\/\/www.123ole.nl\/wp-content\/uploads\/2015\/12\/De-Zigeunerin-11-495x400.jpg' width='495' height='400'  title='De-Zigeunerin-(11)' alt='' \/><div class='big-prev-fake'><img width='495' height='400' src='https:\/\/www.123ole.nl\/wp-content\/uploads\/2015\/12\/De-Zigeunerin-11-495x400.jpg' title='De-Zigeunerin-(11)' alt='' \/><\/div><\/a><a href=\"https:\/\/www.123ole.nl\/wp-content\/uploads\/2015\/12\/De-Zigeunerin-3-1030x684.jpg\" data-rel='gallery-1' data-prev-img='https:\/\/www.123ole.nl\/wp-content\/uploads\/2015\/12\/De-Zigeunerin-3-495x400.jpg' class='lightbox ' data-onclick='3' title='De Zigeunerin (3)'  itemprop=\"thumbnailUrl\"  ><img  src='https:\/\/www.123ole.nl\/wp-content\/uploads\/2015\/12\/De-Zigeunerin-3-495x400.jpg' width='495' height='400'  title='De Zigeunerin (3)' alt='' \/><div class='big-prev-fake'><img width='495' height='400' src='https:\/\/www.123ole.nl\/wp-content\/uploads\/2015\/12\/De-Zigeunerin-3-495x400.jpg' title='De Zigeunerin (3)' alt='' \/><\/div><\/a><a href=\"https:\/\/www.123ole.nl\/wp-content\/uploads\/2015\/12\/De-Zigeunerin-8-1030x684.jpg\" data-rel='gallery-1' data-prev-img='https:\/\/www.123ole.nl\/wp-content\/uploads\/2015\/12\/De-Zigeunerin-8-495x400.jpg' class='lightbox ' data-onclick='4' title='De Zigeunerin (8)'  itemprop=\"thumbnailUrl\"  ><img  src='https:\/\/www.123ole.nl\/wp-content\/uploads\/2015\/12\/De-Zigeunerin-8-495x400.jpg' width='495' height='400'  title='De Zigeunerin (8)' alt='' \/><div class='big-prev-fake'><img width='495' height='400' src='https:\/\/www.123ole.nl\/wp-content\/uploads\/2015\/12\/De-Zigeunerin-8-495x400.jpg' title='De Zigeunerin (8)' alt='' \/><\/div><\/a><a href=\"https:\/\/www.123ole.nl\/wp-content\/uploads\/2015\/12\/De-Zigeunerin-7-687x1030.jpg\" data-rel='gallery-1' data-prev-img='https:\/\/www.123ole.nl\/wp-content\/uploads\/2015\/12\/De-Zigeunerin-7-495x400.jpg' class='lightbox ' data-onclick='5' title='De Zigeunerin (7)'  itemprop=\"thumbnailUrl\"  ><img  src='https:\/\/www.123ole.nl\/wp-content\/uploads\/2015\/12\/De-Zigeunerin-7-495x400.jpg' width='495' height='400'  title='De Zigeunerin (7)' alt='' \/><div class='big-prev-fake'><img width='495' height='400' src='https:\/\/www.123ole.nl\/wp-content\/uploads\/2015\/12\/De-Zigeunerin-7-495x400.jpg' title='De Zigeunerin (7)' alt='' \/><\/div><\/a><\/div><\/div><br \/>\n\n<style type=\"text\/css\" data-created_by=\"avia_inline_auto\" id=\"style-css-av-3kcntv-42da699354854d3566cf022fb1e9720f\">\n#top .hr.hr-invisible.av-3kcntv-42da699354854d3566cf022fb1e9720f{\nheight:40px;\n}\n<\/style>\n<div  class='hr av-3kcntv-42da699354854d3566cf022fb1e9720f hr-invisible  avia-builder-el-14  el_after_av_gallery  avia-builder-el-last '><span class='hr-inner '><span class=\"hr-inner-style\"><\/span><\/span><\/div><\/p><\/div><\/div><\/div><\/div><!-- close content main div --><\/div><\/div>\n<style type=\"text\/css\" data-created_by=\"avia_inline_auto\" id=\"style-css-av-1vidir-d9e725a63ed52a34e69d85bd73d4ae50\">\n.avia-section.av-1vidir-d9e725a63ed52a34e69d85bd73d4ae50{\nbackground-repeat:no-repeat;\nbackground-image:url(https:\/\/www.123ole.nl\/wp-content\/uploads\/2015\/12\/OLE123-banner-f.jpg);\nbackground-position:50% 50%;\nbackground-attachment:scroll;\n}\n<\/style>\n<div id='av_section_3'  class='avia-section av-1vidir-d9e725a63ed52a34e69d85bd73d4ae50 main_color avia-section-small avia-no-border-styling  avia-builder-el-15  el_after_av_section  avia-builder-el-last  avia-full-stretch avia-bg-style-scroll av-minimum-height av-minimum-height-custom  container_wrap sidebar_right'  data-section-bg-repeat='stretch' data-av_minimum_height_px='70'><div class='container av-section-cont-open' style='height:70px'><div class='template-page content  av-content-small alpha units'><div class='post-entry post-entry-type-page post-entry-1603'><div class='entry-content-wrapper clearfix'><\/div><\/div><\/div><!-- close content main div --><\/div><\/div><div id='after_section_3'  class='main_color av_default_container_wrap container_wrap sidebar_right'  ><div class='container av-section-cont-open' ><div class='template-page content  av-content-small alpha units'><div class='post-entry post-entry-type-page post-entry-1603'><div class='entry-content-wrapper clearfix'><\/p>\n","protected":false},"excerpt":{"rendered":"","protected":false},"author":12,"featured_media":0,"parent":1597,"menu_order":0,"comment_status":"closed","ping_status":"closed","template":"","meta":{"footnotes":""},"class_list":["post-1603","page","type-page","status-publish","hentry"],"yoast_head":"<!-- This site is optimized with the Yoast SEO plugin v26.5 - https:\/\/yoast.com\/wordpress\/plugins\/seo\/ -->\n<title>La Gitana - Variee ole!<\/title>\n<meta name=\"robots\" content=\"index, follow, max-snippet:-1, max-image-preview:large, max-video-preview:-1\" \/>\n<link rel=\"canonical\" href=\"https:\/\/www.123ole.nl\/ca\/habitacions\/la-gitana\/\" \/>\n<meta property=\"og:locale\" content=\"ca_ES\" \/>\n<meta property=\"og:type\" content=\"article\" \/>\n<meta property=\"og:title\" content=\"La Gitana - Variee ole!\" \/>\n<meta property=\"og:url\" content=\"https:\/\/www.123ole.nl\/ca\/habitacions\/la-gitana\/\" \/>\n<meta property=\"og:site_name\" content=\"Variee ole!\" \/>\n<meta property=\"article:publisher\" content=\"https:\/\/www.facebook.com\/123ole\/\" \/>\n<meta property=\"article:modified_time\" content=\"2024-01-19T11:51:07+00:00\" \/>\n<meta property=\"og:image\" content=\"https:\/\/www.123ole.nl\/wp-content\/uploads\/2015\/04\/Can-Portell-Spanje.jpg\" \/>\n\t<meta property=\"og:image:width\" content=\"1500\" \/>\n\t<meta property=\"og:image:height\" content=\"996\" \/>\n\t<meta property=\"og:image:type\" content=\"image\/jpeg\" \/>\n<meta name=\"twitter:card\" content=\"summary_large_image\" \/>\n<meta name=\"twitter:label1\" content=\"Est. reading time\" \/>\n\t<meta name=\"twitter:data1\" content=\"3 minuts\" \/>\n<script type=\"application\/ld+json\" class=\"yoast-schema-graph\">{\"@context\":\"https:\/\/schema.org\",\"@graph\":[{\"@type\":\"WebPage\",\"@id\":\"https:\/\/www.123ole.nl\/ca\/habitacions\/la-gitana\/\",\"url\":\"https:\/\/www.123ole.nl\/ca\/habitacions\/la-gitana\/\",\"name\":\"La Gitana - Variee ole!\",\"isPartOf\":{\"@id\":\"https:\/\/www.123ole.nl\/ca\/#website\"},\"datePublished\":\"2016-04-20T14:32:28+00:00\",\"dateModified\":\"2024-01-19T11:51:07+00:00\",\"breadcrumb\":{\"@id\":\"https:\/\/www.123ole.nl\/ca\/habitacions\/la-gitana\/#breadcrumb\"},\"inLanguage\":\"ca\",\"potentialAction\":[{\"@type\":\"ReadAction\",\"target\":[\"https:\/\/www.123ole.nl\/ca\/habitacions\/la-gitana\/\"]}]},{\"@type\":\"BreadcrumbList\",\"@id\":\"https:\/\/www.123ole.nl\/ca\/habitacions\/la-gitana\/#breadcrumb\",\"itemListElement\":[{\"@type\":\"ListItem\",\"position\":1,\"name\":\"Home\",\"item\":\"https:\/\/www.123ole.nl\/ca\/home\/\"},{\"@type\":\"ListItem\",\"position\":2,\"name\":\"Habitacions\",\"item\":\"https:\/\/www.123ole.nl\/ca\/habitacions\/\"},{\"@type\":\"ListItem\",\"position\":3,\"name\":\"La Gitana\"}]},{\"@type\":\"WebSite\",\"@id\":\"https:\/\/www.123ole.nl\/ca\/#website\",\"url\":\"https:\/\/www.123ole.nl\/ca\/\",\"name\":\"Variee ole!\",\"description\":\"&quot;123 ole!&quot;\",\"potentialAction\":[{\"@type\":\"SearchAction\",\"target\":{\"@type\":\"EntryPoint\",\"urlTemplate\":\"https:\/\/www.123ole.nl\/ca\/?s={search_term_string}\"},\"query-input\":{\"@type\":\"PropertyValueSpecification\",\"valueRequired\":true,\"valueName\":\"search_term_string\"}}],\"inLanguage\":\"ca\"}]}<\/script>\n<!-- \/ Yoast SEO plugin. -->","yoast_head_json":{"title":"La Gitana - Variee ole!","robots":{"index":"index","follow":"follow","max-snippet":"max-snippet:-1","max-image-preview":"max-image-preview:large","max-video-preview":"max-video-preview:-1"},"canonical":"https:\/\/www.123ole.nl\/ca\/habitacions\/la-gitana\/","og_locale":"ca_ES","og_type":"article","og_title":"La Gitana - Variee ole!","og_url":"https:\/\/www.123ole.nl\/ca\/habitacions\/la-gitana\/","og_site_name":"Variee ole!","article_publisher":"https:\/\/www.facebook.com\/123ole\/","article_modified_time":"2024-01-19T11:51:07+00:00","og_image":[{"width":1500,"height":996,"url":"https:\/\/www.123ole.nl\/wp-content\/uploads\/2015\/04\/Can-Portell-Spanje.jpg","type":"image\/jpeg"}],"twitter_card":"summary_large_image","twitter_misc":{"Est. reading time":"3 minuts"},"schema":{"@context":"https:\/\/schema.org","@graph":[{"@type":"WebPage","@id":"https:\/\/www.123ole.nl\/ca\/habitacions\/la-gitana\/","url":"https:\/\/www.123ole.nl\/ca\/habitacions\/la-gitana\/","name":"La Gitana - Variee ole!","isPartOf":{"@id":"https:\/\/www.123ole.nl\/ca\/#website"},"datePublished":"2016-04-20T14:32:28+00:00","dateModified":"2024-01-19T11:51:07+00:00","breadcrumb":{"@id":"https:\/\/www.123ole.nl\/ca\/habitacions\/la-gitana\/#breadcrumb"},"inLanguage":"ca","potentialAction":[{"@type":"ReadAction","target":["https:\/\/www.123ole.nl\/ca\/habitacions\/la-gitana\/"]}]},{"@type":"BreadcrumbList","@id":"https:\/\/www.123ole.nl\/ca\/habitacions\/la-gitana\/#breadcrumb","itemListElement":[{"@type":"ListItem","position":1,"name":"Home","item":"https:\/\/www.123ole.nl\/ca\/home\/"},{"@type":"ListItem","position":2,"name":"Habitacions","item":"https:\/\/www.123ole.nl\/ca\/habitacions\/"},{"@type":"ListItem","position":3,"name":"La Gitana"}]},{"@type":"WebSite","@id":"https:\/\/www.123ole.nl\/ca\/#website","url":"https:\/\/www.123ole.nl\/ca\/","name":"Variee ole!","description":"&quot;123 ole!&quot;","potentialAction":[{"@type":"SearchAction","target":{"@type":"EntryPoint","urlTemplate":"https:\/\/www.123ole.nl\/ca\/?s={search_term_string}"},"query-input":{"@type":"PropertyValueSpecification","valueRequired":true,"valueName":"search_term_string"}}],"inLanguage":"ca"}]}},"_links":{"self":[{"href":"https:\/\/www.123ole.nl\/ca\/wp-json\/wp\/v2\/pages\/1603","targetHints":{"allow":["GET"]}}],"collection":[{"href":"https:\/\/www.123ole.nl\/ca\/wp-json\/wp\/v2\/pages"}],"about":[{"href":"https:\/\/www.123ole.nl\/ca\/wp-json\/wp\/v2\/types\/page"}],"author":[{"embeddable":true,"href":"https:\/\/www.123ole.nl\/ca\/wp-json\/wp\/v2\/users\/12"}],"replies":[{"embeddable":true,"href":"https:\/\/www.123ole.nl\/ca\/wp-json\/wp\/v2\/comments?post=1603"}],"version-history":[{"count":0,"href":"https:\/\/www.123ole.nl\/ca\/wp-json\/wp\/v2\/pages\/1603\/revisions"}],"up":[{"embeddable":true,"href":"https:\/\/www.123ole.nl\/ca\/wp-json\/wp\/v2\/pages\/1597"}],"wp:attachment":[{"href":"https:\/\/www.123ole.nl\/ca\/wp-json\/wp\/v2\/media?parent=1603"}],"curies":[{"name":"wp","href":"https:\/\/api.w.org\/{rel}","templated":true}]}}