{"id":1599,"date":"2016-04-20T15:23:27","date_gmt":"2016-04-20T14:23:27","guid":{"rendered":"https:\/\/www.123ole.nl\/ca\/?page_id=1599"},"modified":"2025-09-08T09:16:18","modified_gmt":"2025-09-08T08:16:18","slug":"la-santissima-verge","status":"publish","type":"page","link":"https:\/\/www.123ole.nl\/ca\/habitacions\/la-santissima-verge\/","title":{"rendered":"La Sant\u00edssima Verge"},"content":{"rendered":"\n<style type=\"text\/css\" data-created_by=\"avia_inline_auto\" id=\"style-css-av-p1m8lr-7dcbc179ab516d14e5e18638b5beeb00\">\n.avia-section.av-p1m8lr-7dcbc179ab516d14e5e18638b5beeb00{\nbackground-repeat:no-repeat;\nbackground-image:url(https:\/\/www.123ole.nl\/wp-content\/uploads\/2015\/10\/OLE123-banner.jpg);\nbackground-position:50% 50%;\nbackground-attachment:scroll;\n}\n<\/style>\n<div id='av_section_1'  class='avia-section av-p1m8lr-7dcbc179ab516d14e5e18638b5beeb00 main_color avia-section-small avia-no-border-styling  avia-builder-el-0  el_before_av_section  avia-builder-el-first  avia-full-stretch avia-bg-style-scroll av-minimum-height av-minimum-height-custom  container_wrap sidebar_right'  data-section-bg-repeat='stretch' data-av_minimum_height_px='70'><div class='container av-section-cont-open' style='height:70px'><main  role=\"main\" itemprop=\"mainContentOfPage\"  class='template-page content  av-content-small alpha units'><div class='post-entry post-entry-type-page post-entry-1599'><div class='entry-content-wrapper clearfix'>\n<\/div><\/div><\/main><!-- close content main element --><\/div><\/div><div id='av_section_2'  class='avia-section av-ng0z9b-99ce009eca8e71dcac92700095fea911 main_color avia-section-default avia-no-shadow  avia-builder-el-1  el_after_av_section  el_before_av_section  avia-bg-style-scroll container_wrap sidebar_right'  ><div class='container av-section-cont-open' ><div class='template-page content  av-content-small alpha units'><div class='post-entry post-entry-type-page post-entry-1599'><div class='entry-content-wrapper clearfix'>\n\n<style type=\"text\/css\" data-created_by=\"avia_inline_auto\" id=\"style-css-av-lxmdzz-ca14caa21777ffa266fb91589cd2744b\">\n.flex_column.av-lxmdzz-ca14caa21777ffa266fb91589cd2744b{\n-webkit-border-radius:0px 0px 0px 0px;\n-moz-border-radius:0px 0px 0px 0px;\nborder-radius:0px 0px 0px 0px;\npadding:0px 0px 0px 0px;\n}\n<\/style>\n<div class='flex_column av-lxmdzz-ca14caa21777ffa266fb91589cd2744b av_one_half  avia-builder-el-2  el_before_av_one_half  avia-builder-el-first  first flex_column_div av-zero-column-padding '     ><p>\n<style type=\"text\/css\" data-created_by=\"avia_inline_auto\" id=\"style-css-av-l3jkin-2128af1c45e97b6b7c6c26e99b39edc7\">\n#top .hr.hr-invisible.av-l3jkin-2128af1c45e97b6b7c6c26e99b39edc7{\nheight:10px;\n}\n<\/style>\n<div  class='hr av-l3jkin-2128af1c45e97b6b7c6c26e99b39edc7 hr-invisible  avia-builder-el-3  el_before_av_textblock  avia-builder-el-first '><span class='hr-inner '><span class=\"hr-inner-style\"><\/span><\/span><\/div><br \/>\n<section  class='av_textblock_section av-j13ygv-015cc8fbd8e9e86a7f9f707b963e4d00'  itemscope=\"itemscope\" itemtype=\"https:\/\/schema.org\/CreativeWork\" ><div class='avia_textblock'  itemprop=\"text\" ><h2><span style=\"font-family: matador;\"><strong>LA SANT\u00cdSSIMA VERGE<\/strong><\/span><\/h2>\n<\/div><\/section><br \/>\n\n<style type=\"text\/css\" data-created_by=\"avia_inline_auto\" id=\"style-css-av-gw76jj-b65903771e45e80ca38b2255ab49f3d9\">\n#top .hr.av-gw76jj-b65903771e45e80ca38b2255ab49f3d9{\nmargin-top:30px;\nmargin-bottom:30px;\n}\n.hr.av-gw76jj-b65903771e45e80ca38b2255ab49f3d9 .hr-inner{\nwidth:50px;\nborder-color:#000000;\nmax-width:45%;\n}\n.hr.av-gw76jj-b65903771e45e80ca38b2255ab49f3d9 .av-seperator-icon{\ncolor:#000000;\n}\n<\/style>\n<div  class='hr av-gw76jj-b65903771e45e80ca38b2255ab49f3d9 hr-custom  avia-builder-el-5  el_after_av_textblock  el_before_av_textblock  hr-left hr-icon-yes'><span class='hr-inner inner-border-av-border-thin'><span class=\"hr-inner-style\"><\/span><\/span><span class='av-seperator-icon' aria-hidden='true' data-av_icon='\ue866' data-av_iconfont='entypo-fontello'><\/span><span class='hr-inner inner-border-av-border-thin'><span class=\"hr-inner-style\"><\/span><\/span><\/div><br \/>\n<section  class='av_textblock_section av-l9qkvk8c-6d2d17e492d588f45114767a3ae4aed5'  itemscope=\"itemscope\" itemtype=\"https:\/\/schema.org\/CreativeWork\" ><div class='avia_textblock'  itemprop=\"text\" ><ul>\n<li>A la masia<\/li>\n<li>M\u00e0xim 2 persones<\/li>\n<li>Des de \u20ac 135<\/li>\n<li>14 m<sup>2<\/sup><\/li>\n<\/ul>\n<\/div><\/section><br \/>\n<section  class='av_textblock_section av-gdggf3-2e6d22c2747cfc0ae2161d12974cab88'  itemscope=\"itemscope\" itemtype=\"https:\/\/schema.org\/CreativeWork\" ><div class='avia_textblock'  itemprop=\"text\" ><p>Un acollidor dormitori amb molta llum i vistes al jard\u00ed i al c\u00e0lid camp mediterrani. L\u2019habitaci\u00f3 disposa de dos llits individuals que es poden unir. El bany es troba al creuar el vest\u00edbul i t\u00e9 banyera, dutxa, inodor i rentamans. Si llogues aquesta habitaci\u00f3 amb El Plaer verd, disposar\u00e0s del bany privat d\u2019aquesta cambra.<\/p>\n<\/div><\/section><br \/>\n\n<style type=\"text\/css\" data-created_by=\"avia_inline_auto\" id=\"style-css-av-ei31lr-5d04ab727436bdde0c6d8ddd72a4b1a7\">\n#top .hr.hr-invisible.av-ei31lr-5d04ab727436bdde0c6d8ddd72a4b1a7{\nheight:50px;\n}\n<\/style>\n<div  class='hr av-ei31lr-5d04ab727436bdde0c6d8ddd72a4b1a7 hr-invisible  avia-builder-el-8  el_after_av_textblock  el_before_av_button '><span class='hr-inner '><span class=\"hr-inner-style\"><\/span><\/span><\/div><br \/>\n<div  class='avia-button-wrap av-csbyqn-522f958bec598dc91fa9a9cee3c08633-wrap avia-button-center  avia-builder-el-9  el_after_av_hr  el_before_av_hr '>\n<style type=\"text\/css\" data-created_by=\"avia_inline_auto\" id=\"style-css-av-csbyqn-522f958bec598dc91fa9a9cee3c08633\">\n#top #wrap_all .avia-button.av-csbyqn-522f958bec598dc91fa9a9cee3c08633{\nbackground-color:#eeccd0;\nborder-color:#eeccd0;\ncolor:#000000;\n-webkit-transition:all 0.4s ease-in-out;\n-moz-transition:all 0.4s ease-in-out;\n-ms-transition:all 0.4s ease-in-out;\n-o-transition:all 0.4s ease-in-out;\ntransition:all 0.4s ease-in-out;\n}\n<\/style>\n<a href='https:\/\/www.123ole.nl\/ca\/reserves\/'  class='avia-button av-csbyqn-522f958bec598dc91fa9a9cee3c08633 avia-icon_select-yes-left-icon avia-size-medium avia-position-center'  ><span class='avia_button_icon avia_button_icon_left' aria-hidden='true' data-av_icon='\ue805' data-av_iconfont='entypo-fontello'><\/span><span class='avia_iconbox_title' >VEURE DISPONIBILITAT<\/span><\/a><\/div><br \/>\n\n<style type=\"text\/css\" data-created_by=\"avia_inline_auto\" id=\"style-css-av-bjzllr-764720a3c4129dea7906d95d89feecb6\">\n#top .hr.hr-invisible.av-bjzllr-764720a3c4129dea7906d95d89feecb6{\nheight:50px;\n}\n<\/style>\n<div  class='hr av-bjzllr-764720a3c4129dea7906d95d89feecb6 hr-invisible  avia-builder-el-10  el_after_av_button  el_before_av_textblock '><span class='hr-inner '><span class=\"hr-inner-style\"><\/span><\/span><\/div><br \/>\n\n<style type=\"text\/css\" data-created_by=\"avia_inline_auto\" id=\"style-css-av-9orren-bced2e76a1b0ed54df99e6afc491d879\">\n#top .av_textblock_section.av-9orren-bced2e76a1b0ed54df99e6afc491d879 .avia_textblock{\ncolor:#000000;\n}\n<\/style>\n<section  class='av_textblock_section av-9orren-bced2e76a1b0ed54df99e6afc491d879'  itemscope=\"itemscope\" itemtype=\"https:\/\/schema.org\/CreativeWork\" ><div class='avia_textblock av_inherit_color'  itemprop=\"text\" ><p style=\"text-align: center;\"><span style=\"font-size: 12pt;\"><a href=\"https:\/\/www.123ole.nl\/ca\/habitacions\/\"><span style=\"text-decoration: underline;\"><span style=\"font-family: blokletters;\">Tornar a Habitacions&lt;&lt;<\/span><\/span><\/a><\/span><\/p>\n<\/div><\/section><\/p><\/div>\n<style type=\"text\/css\" data-created_by=\"avia_inline_auto\" id=\"style-css-av-7y013j-12a3b97c1c8193e4a1844f9d7be68d20\">\n.flex_column.av-7y013j-12a3b97c1c8193e4a1844f9d7be68d20{\n-webkit-border-radius:0px 0px 0px 0px;\n-moz-border-radius:0px 0px 0px 0px;\nborder-radius:0px 0px 0px 0px;\npadding:0px 0px 0px 0px;\n}\n<\/style>\n<div class='flex_column av-7y013j-12a3b97c1c8193e4a1844f9d7be68d20 av_one_half  avia-builder-el-12  el_after_av_one_half  avia-builder-el-last  flex_column_div av-zero-column-padding '     ><p>\n<style type=\"text\/css\" data-created_by=\"avia_inline_auto\" id=\"style-css-av-63uccv-06e864bbf378e9b839f0f1bb780ac6d6\">\n#top .avia-gallery.av-63uccv-06e864bbf378e9b839f0f1bb780ac6d6 .avia-gallery-thumb a{\nwidth:20%;\n}\n<\/style>\n<div  class='avia-gallery av-63uccv-06e864bbf378e9b839f0f1bb780ac6d6 avia_animate_when_visible  avia-builder-el-13  el_before_av_hr  avia-builder-el-first  deactivate_avia_lazyload avia-gallery-animate avia-gallery-1'  itemprop=\"image\" itemscope=\"itemscope\" itemtype=\"https:\/\/schema.org\/ImageObject\" ><meta itemprop=\"contentURL\" content=\"https:\/\/www.123ole.nl\/ca\/habitacions\/la-santissima-verge\/\"><a class='avia-gallery-big fakeLightbox lightbox avia-gallery-big-crop-thumb ' href=\"https:\/\/www.123ole.nl\/wp-content\/uploads\/2015\/12\/De-Heilige-Maagd-1030x684.jpg\"  data-onclick='1' title='De Heilige Maagd' ><span class='avia-gallery-big-inner'  itemprop=\"thumbnailUrl\" ><img width='495' height='400' src='https:\/\/www.123ole.nl\/wp-content\/uploads\/2015\/12\/De-Heilige-Maagd-495x400.jpg' title='De Heilige Maagd' alt='' \/><\/span><\/a><div class='avia-gallery-thumb'><a href=\"https:\/\/www.123ole.nl\/wp-content\/uploads\/2015\/12\/De-Heilige-Maagd-1030x684.jpg\" data-rel='gallery-1' data-prev-img='https:\/\/www.123ole.nl\/wp-content\/uploads\/2015\/12\/De-Heilige-Maagd-495x400.jpg' class='first_thumb lightbox ' data-onclick='1' title='De Heilige Maagd'  itemprop=\"thumbnailUrl\"  ><img  src='https:\/\/www.123ole.nl\/wp-content\/uploads\/2015\/12\/De-Heilige-Maagd-495x400.jpg' width='495' height='400'  title='De Heilige Maagd' alt='' \/><div class='big-prev-fake'><img width='495' height='400' src='https:\/\/www.123ole.nl\/wp-content\/uploads\/2015\/12\/De-Heilige-Maagd-495x400.jpg' title='De Heilige Maagd' alt='' \/><\/div><\/a><a href=\"https:\/\/www.123ole.nl\/wp-content\/uploads\/2015\/12\/De-Heilige-Maagd-4-1030x684.jpg\" data-rel='gallery-1' data-prev-img='https:\/\/www.123ole.nl\/wp-content\/uploads\/2015\/12\/De-Heilige-Maagd-4-495x400.jpg' class='lightbox ' data-onclick='2' title='De-Heilige-Maagd-(4)'  itemprop=\"thumbnailUrl\"  ><img  src='https:\/\/www.123ole.nl\/wp-content\/uploads\/2015\/12\/De-Heilige-Maagd-4-495x400.jpg' width='495' height='400'  title='De-Heilige-Maagd-(4)' alt='' \/><div class='big-prev-fake'><img width='495' height='400' src='https:\/\/www.123ole.nl\/wp-content\/uploads\/2015\/12\/De-Heilige-Maagd-4-495x400.jpg' title='De-Heilige-Maagd-(4)' alt='' \/><\/div><\/a><a href=\"https:\/\/www.123ole.nl\/wp-content\/uploads\/2015\/12\/De-Heilige-Maagd-5-1030x684.jpg\" data-rel='gallery-1' data-prev-img='https:\/\/www.123ole.nl\/wp-content\/uploads\/2015\/12\/De-Heilige-Maagd-5-495x400.jpg' class='lightbox ' data-onclick='3' title='De-Heilige-Maagd-(5)'  itemprop=\"thumbnailUrl\"  ><img  src='https:\/\/www.123ole.nl\/wp-content\/uploads\/2015\/12\/De-Heilige-Maagd-5-495x400.jpg' width='495' height='400'  title='De-Heilige-Maagd-(5)' alt='' \/><div class='big-prev-fake'><img width='495' height='400' src='https:\/\/www.123ole.nl\/wp-content\/uploads\/2015\/12\/De-Heilige-Maagd-5-495x400.jpg' title='De-Heilige-Maagd-(5)' alt='' \/><\/div><\/a><a href=\"https:\/\/www.123ole.nl\/wp-content\/uploads\/2015\/12\/De-Heilige-Maagd-3-684x1030.jpg\" data-rel='gallery-1' data-prev-img='https:\/\/www.123ole.nl\/wp-content\/uploads\/2015\/12\/De-Heilige-Maagd-3-495x400.jpg' class='lightbox ' data-onclick='4' title='De Heilige Maagd (3)'  itemprop=\"thumbnailUrl\"  ><img  src='https:\/\/www.123ole.nl\/wp-content\/uploads\/2015\/12\/De-Heilige-Maagd-3-495x400.jpg' width='495' height='400'  title='De Heilige Maagd (3)' alt='' \/><div class='big-prev-fake'><img width='495' height='400' src='https:\/\/www.123ole.nl\/wp-content\/uploads\/2015\/12\/De-Heilige-Maagd-3-495x400.jpg' title='De Heilige Maagd (3)' alt='' \/><\/div><\/a><a href=\"https:\/\/www.123ole.nl\/wp-content\/uploads\/2015\/12\/De-Heilige-Maagd-6-1030x684.jpg\" data-rel='gallery-1' data-prev-img='https:\/\/www.123ole.nl\/wp-content\/uploads\/2015\/12\/De-Heilige-Maagd-6-495x400.jpg' class='lightbox ' data-onclick='5' title='De-Heilige-Maagd-(6)'  itemprop=\"thumbnailUrl\"  ><img  src='https:\/\/www.123ole.nl\/wp-content\/uploads\/2015\/12\/De-Heilige-Maagd-6-495x400.jpg' width='495' height='400'  title='De-Heilige-Maagd-(6)' alt='' \/><div class='big-prev-fake'><img width='495' height='400' src='https:\/\/www.123ole.nl\/wp-content\/uploads\/2015\/12\/De-Heilige-Maagd-6-495x400.jpg' title='De-Heilige-Maagd-(6)' alt='' \/><\/div><\/a><\/div><\/div><br \/>\n\n<style type=\"text\/css\" data-created_by=\"avia_inline_auto\" id=\"style-css-av-4tqqzj-34cb3c34ccb62707101d03851edaa038\">\n#top .hr.hr-invisible.av-4tqqzj-34cb3c34ccb62707101d03851edaa038{\nheight:40px;\n}\n<\/style>\n<div  class='hr av-4tqqzj-34cb3c34ccb62707101d03851edaa038 hr-invisible  avia-builder-el-14  el_after_av_gallery  avia-builder-el-last '><span class='hr-inner '><span class=\"hr-inner-style\"><\/span><\/span><\/div><\/p><\/div><\/div><\/div><\/div><!-- close content main div --><\/div><\/div>\n<style type=\"text\/css\" data-created_by=\"avia_inline_auto\" id=\"style-css-av-1ya973-373dd3e5166345f6565298ba30c02eeb\">\n.avia-section.av-1ya973-373dd3e5166345f6565298ba30c02eeb{\nbackground-repeat:no-repeat;\nbackground-image:url(https:\/\/www.123ole.nl\/wp-content\/uploads\/2015\/12\/OLE123-banner-f.jpg);\nbackground-position:50% 50%;\nbackground-attachment:scroll;\n}\n<\/style>\n<div id='av_section_3'  class='avia-section av-1ya973-373dd3e5166345f6565298ba30c02eeb main_color avia-section-small avia-no-border-styling  avia-builder-el-15  el_after_av_section  avia-builder-el-last  avia-full-stretch avia-bg-style-scroll av-minimum-height av-minimum-height-custom  container_wrap sidebar_right'  data-section-bg-repeat='stretch' data-av_minimum_height_px='70'><div class='container av-section-cont-open' style='height:70px'><div class='template-page content  av-content-small alpha units'><div class='post-entry post-entry-type-page post-entry-1599'><div class='entry-content-wrapper clearfix'><\/div><\/div><\/div><!-- close content main div --><\/div><\/div><div id='after_section_3'  class='main_color av_default_container_wrap container_wrap sidebar_right'  ><div class='container av-section-cont-open' ><div class='template-page content  av-content-small alpha units'><div class='post-entry post-entry-type-page post-entry-1599'><div class='entry-content-wrapper clearfix'><\/p>\n","protected":false},"excerpt":{"rendered":"","protected":false},"author":12,"featured_media":0,"parent":1597,"menu_order":0,"comment_status":"closed","ping_status":"closed","template":"","meta":{"footnotes":""},"class_list":["post-1599","page","type-page","status-publish","hentry"],"yoast_head":"<!-- This site is optimized with the Yoast SEO plugin v26.5 - https:\/\/yoast.com\/wordpress\/plugins\/seo\/ -->\n<title>La Sant\u00edssima Verge - Variee ole!<\/title>\n<meta name=\"robots\" content=\"index, follow, max-snippet:-1, max-image-preview:large, max-video-preview:-1\" \/>\n<link rel=\"canonical\" href=\"https:\/\/www.123ole.nl\/ca\/habitacions\/la-santissima-verge\/\" \/>\n<meta property=\"og:locale\" content=\"ca_ES\" \/>\n<meta property=\"og:type\" content=\"article\" \/>\n<meta property=\"og:title\" content=\"La Sant\u00edssima Verge - Variee ole!\" \/>\n<meta property=\"og:url\" content=\"https:\/\/www.123ole.nl\/ca\/habitacions\/la-santissima-verge\/\" \/>\n<meta property=\"og:site_name\" content=\"Variee ole!\" \/>\n<meta property=\"article:publisher\" content=\"https:\/\/www.facebook.com\/123ole\/\" \/>\n<meta property=\"article:modified_time\" content=\"2025-09-08T08:16:18+00:00\" \/>\n<meta property=\"og:image\" content=\"https:\/\/www.123ole.nl\/wp-content\/uploads\/2015\/04\/Can-Portell-Spanje.jpg\" \/>\n\t<meta property=\"og:image:width\" content=\"1500\" \/>\n\t<meta property=\"og:image:height\" content=\"996\" \/>\n\t<meta property=\"og:image:type\" content=\"image\/jpeg\" \/>\n<meta name=\"twitter:card\" content=\"summary_large_image\" \/>\n<meta name=\"twitter:label1\" content=\"Est. reading time\" \/>\n\t<meta name=\"twitter:data1\" content=\"3 minuts\" \/>\n<script type=\"application\/ld+json\" class=\"yoast-schema-graph\">{\"@context\":\"https:\/\/schema.org\",\"@graph\":[{\"@type\":\"WebPage\",\"@id\":\"https:\/\/www.123ole.nl\/ca\/habitacions\/la-santissima-verge\/\",\"url\":\"https:\/\/www.123ole.nl\/ca\/habitacions\/la-santissima-verge\/\",\"name\":\"La Sant\u00edssima Verge - Variee ole!\",\"isPartOf\":{\"@id\":\"https:\/\/www.123ole.nl\/ca\/#website\"},\"datePublished\":\"2016-04-20T14:23:27+00:00\",\"dateModified\":\"2025-09-08T08:16:18+00:00\",\"breadcrumb\":{\"@id\":\"https:\/\/www.123ole.nl\/ca\/habitacions\/la-santissima-verge\/#breadcrumb\"},\"inLanguage\":\"ca\",\"potentialAction\":[{\"@type\":\"ReadAction\",\"target\":[\"https:\/\/www.123ole.nl\/ca\/habitacions\/la-santissima-verge\/\"]}]},{\"@type\":\"BreadcrumbList\",\"@id\":\"https:\/\/www.123ole.nl\/ca\/habitacions\/la-santissima-verge\/#breadcrumb\",\"itemListElement\":[{\"@type\":\"ListItem\",\"position\":1,\"name\":\"Home\",\"item\":\"https:\/\/www.123ole.nl\/ca\/home\/\"},{\"@type\":\"ListItem\",\"position\":2,\"name\":\"Habitacions\",\"item\":\"https:\/\/www.123ole.nl\/ca\/habitacions\/\"},{\"@type\":\"ListItem\",\"position\":3,\"name\":\"La Sant\u00edssima Verge\"}]},{\"@type\":\"WebSite\",\"@id\":\"https:\/\/www.123ole.nl\/ca\/#website\",\"url\":\"https:\/\/www.123ole.nl\/ca\/\",\"name\":\"Variee ole!\",\"description\":\"&quot;123 ole!&quot;\",\"potentialAction\":[{\"@type\":\"SearchAction\",\"target\":{\"@type\":\"EntryPoint\",\"urlTemplate\":\"https:\/\/www.123ole.nl\/ca\/?s={search_term_string}\"},\"query-input\":{\"@type\":\"PropertyValueSpecification\",\"valueRequired\":true,\"valueName\":\"search_term_string\"}}],\"inLanguage\":\"ca\"}]}<\/script>\n<!-- \/ Yoast SEO plugin. -->","yoast_head_json":{"title":"La Sant\u00edssima Verge - Variee ole!","robots":{"index":"index","follow":"follow","max-snippet":"max-snippet:-1","max-image-preview":"max-image-preview:large","max-video-preview":"max-video-preview:-1"},"canonical":"https:\/\/www.123ole.nl\/ca\/habitacions\/la-santissima-verge\/","og_locale":"ca_ES","og_type":"article","og_title":"La Sant\u00edssima Verge - Variee ole!","og_url":"https:\/\/www.123ole.nl\/ca\/habitacions\/la-santissima-verge\/","og_site_name":"Variee ole!","article_publisher":"https:\/\/www.facebook.com\/123ole\/","article_modified_time":"2025-09-08T08:16:18+00:00","og_image":[{"width":1500,"height":996,"url":"https:\/\/www.123ole.nl\/wp-content\/uploads\/2015\/04\/Can-Portell-Spanje.jpg","type":"image\/jpeg"}],"twitter_card":"summary_large_image","twitter_misc":{"Est. reading time":"3 minuts"},"schema":{"@context":"https:\/\/schema.org","@graph":[{"@type":"WebPage","@id":"https:\/\/www.123ole.nl\/ca\/habitacions\/la-santissima-verge\/","url":"https:\/\/www.123ole.nl\/ca\/habitacions\/la-santissima-verge\/","name":"La Sant\u00edssima Verge - Variee ole!","isPartOf":{"@id":"https:\/\/www.123ole.nl\/ca\/#website"},"datePublished":"2016-04-20T14:23:27+00:00","dateModified":"2025-09-08T08:16:18+00:00","breadcrumb":{"@id":"https:\/\/www.123ole.nl\/ca\/habitacions\/la-santissima-verge\/#breadcrumb"},"inLanguage":"ca","potentialAction":[{"@type":"ReadAction","target":["https:\/\/www.123ole.nl\/ca\/habitacions\/la-santissima-verge\/"]}]},{"@type":"BreadcrumbList","@id":"https:\/\/www.123ole.nl\/ca\/habitacions\/la-santissima-verge\/#breadcrumb","itemListElement":[{"@type":"ListItem","position":1,"name":"Home","item":"https:\/\/www.123ole.nl\/ca\/home\/"},{"@type":"ListItem","position":2,"name":"Habitacions","item":"https:\/\/www.123ole.nl\/ca\/habitacions\/"},{"@type":"ListItem","position":3,"name":"La Sant\u00edssima Verge"}]},{"@type":"WebSite","@id":"https:\/\/www.123ole.nl\/ca\/#website","url":"https:\/\/www.123ole.nl\/ca\/","name":"Variee ole!","description":"&quot;123 ole!&quot;","potentialAction":[{"@type":"SearchAction","target":{"@type":"EntryPoint","urlTemplate":"https:\/\/www.123ole.nl\/ca\/?s={search_term_string}"},"query-input":{"@type":"PropertyValueSpecification","valueRequired":true,"valueName":"search_term_string"}}],"inLanguage":"ca"}]}},"_links":{"self":[{"href":"https:\/\/www.123ole.nl\/ca\/wp-json\/wp\/v2\/pages\/1599","targetHints":{"allow":["GET"]}}],"collection":[{"href":"https:\/\/www.123ole.nl\/ca\/wp-json\/wp\/v2\/pages"}],"about":[{"href":"https:\/\/www.123ole.nl\/ca\/wp-json\/wp\/v2\/types\/page"}],"author":[{"embeddable":true,"href":"https:\/\/www.123ole.nl\/ca\/wp-json\/wp\/v2\/users\/12"}],"replies":[{"embeddable":true,"href":"https:\/\/www.123ole.nl\/ca\/wp-json\/wp\/v2\/comments?post=1599"}],"version-history":[{"count":0,"href":"https:\/\/www.123ole.nl\/ca\/wp-json\/wp\/v2\/pages\/1599\/revisions"}],"up":[{"embeddable":true,"href":"https:\/\/www.123ole.nl\/ca\/wp-json\/wp\/v2\/pages\/1597"}],"wp:attachment":[{"href":"https:\/\/www.123ole.nl\/ca\/wp-json\/wp\/v2\/media?parent=1599"}],"curies":[{"name":"wp","href":"https:\/\/api.w.org\/{rel}","templated":true}]}}