{"id":1574,"date":"2016-04-20T14:04:20","date_gmt":"2016-04-20T13:04:20","guid":{"rendered":"https:\/\/www.123ole.nl\/ca\/?page_id=1574"},"modified":"2016-04-25T08:26:55","modified_gmt":"2016-04-25T07:26:55","slug":"esports","status":"publish","type":"page","link":"https:\/\/www.123ole.nl\/ca\/activitats\/esports\/","title":{"rendered":"Esports"},"content":{"rendered":"\n<style type=\"text\/css\" data-created_by=\"avia_inline_auto\" id=\"style-css-av-av_section-1f0cdcab9d7a800713d9eef3becfe778\">\n.avia-section.av-av_section-1f0cdcab9d7a800713d9eef3becfe778{\nbackground-repeat:no-repeat;\nbackground-image:url(https:\/\/www.123ole.nl\/wp-content\/uploads\/2015\/12\/OLE123-banner-b.jpg);\nbackground-position:50% 50%;\nbackground-attachment:scroll;\n}\n<\/style>\n<div id='av_section_1'  class='avia-section av-av_section-1f0cdcab9d7a800713d9eef3becfe778 main_color avia-section-small avia-no-border-styling  avia-builder-el-0  el_before_av_section  avia-builder-el-first  avia-full-stretch avia-bg-style-scroll av-minimum-height av-minimum-height-custom  container_wrap sidebar_right'  data-section-bg-repeat='stretch' data-av_minimum_height_px='70'><div class='container av-section-cont-open' style='height:70px'><main  role=\"main\" itemprop=\"mainContentOfPage\"  class='template-page content  av-content-small alpha units'><div class='post-entry post-entry-type-page post-entry-1574'><div class='entry-content-wrapper clearfix'>\n<\/div><\/div><\/main><!-- close content main element --><\/div><\/div><div id='av_section_2'  class='avia-section av-av_section-d18d8c2c81d10022ebd21ffa95322c35 main_color avia-section-default avia-no-shadow  avia-builder-el-1  el_after_av_section  el_before_av_section  avia-bg-style-scroll container_wrap sidebar_right'  ><div class='container av-section-cont-open' ><div class='template-page content  av-content-small alpha units'><div class='post-entry post-entry-type-page post-entry-1574'><div class='entry-content-wrapper clearfix'>\n\n<style type=\"text\/css\" data-created_by=\"avia_inline_auto\" id=\"style-css-av-av_one_half-352b07ef7d3bc99b2e9f92e7a9e06bdb\">\n.flex_column.av-av_one_half-352b07ef7d3bc99b2e9f92e7a9e06bdb{\n-webkit-border-radius:0px 0px 0px 0px;\n-moz-border-radius:0px 0px 0px 0px;\nborder-radius:0px 0px 0px 0px;\npadding:0px 0px 0px 0px;\n}\n<\/style>\n<div class='flex_column av-av_one_half-352b07ef7d3bc99b2e9f92e7a9e06bdb av_one_half  avia-builder-el-2  el_before_av_one_half  avia-builder-el-first  first flex_column_div av-zero-column-padding '     ><p>\n<style type=\"text\/css\" data-created_by=\"avia_inline_auto\" id=\"style-css-av-av_hr-e4693b4901147da204a5974270f2c5a0\">\n#top .hr.hr-invisible.av-av_hr-e4693b4901147da204a5974270f2c5a0{\nheight:10px;\n}\n<\/style>\n<div  class='hr av-av_hr-e4693b4901147da204a5974270f2c5a0 hr-invisible  avia-builder-el-3  el_before_av_textblock  avia-builder-el-first '><span class='hr-inner '><span class=\"hr-inner-style\"><\/span><\/span><\/div><br \/>\n<section  class='av_textblock_section av-av_textblock-35972167d9f102c5ddaec0c531c98b9e'  itemscope=\"itemscope\" itemtype=\"https:\/\/schema.org\/CreativeWork\" ><div class='avia_textblock'  itemprop=\"text\" ><h2><span style=\"font-family: matador;\">ESPORTS<\/span><\/h2>\n<\/div><\/section><br \/>\n\n<style type=\"text\/css\" data-created_by=\"avia_inline_auto\" id=\"style-css-av-av_hr-3b0395e8253e23586bb1d92584a8ba3c\">\n#top .hr.av-av_hr-3b0395e8253e23586bb1d92584a8ba3c{\nmargin-top:30px;\nmargin-bottom:30px;\n}\n.hr.av-av_hr-3b0395e8253e23586bb1d92584a8ba3c .hr-inner{\nwidth:50px;\nborder-color:#000000;\nmax-width:45%;\n}\n.hr.av-av_hr-3b0395e8253e23586bb1d92584a8ba3c .av-seperator-icon{\ncolor:#000000;\n}\n<\/style>\n<div  class='hr av-av_hr-3b0395e8253e23586bb1d92584a8ba3c hr-custom  avia-builder-el-5  el_after_av_textblock  el_before_av_tab_container  hr-left hr-icon-yes'><span class='hr-inner inner-border-av-border-thin'><span class=\"hr-inner-style\"><\/span><\/span><span class='av-seperator-icon' aria-hidden='true' data-av_icon='\ue866' data-av_iconfont='entypo-fontello'><\/span><span class='hr-inner inner-border-av-border-thin'><span class=\"hr-inner-style\"><\/span><\/span><\/div><br \/>\n<div  class='tabcontainer av-av_tab_container-c6186b1bbdb198dff191a1c44373dafe top_tab  avia-builder-el-6  el_after_av_hr  el_before_av_hr ' role='tablist'>\n<section class='av_tab_section av_tab_section av-av_tab-e7aba773e468a39c9eb5f8d6ffbffa66'  itemscope=\"itemscope\" itemtype=\"https:\/\/schema.org\/CreativeWork\" ><div class='tab active_tab' role='tab' tabindex='0' data-fake-id='#tab-id-1' aria-controls='tab-id-1-content'  itemprop=\"headline\" >Caminades<\/div><div id='tab-id-1-content' class='tab_content active_tab_content' aria-hidden=\"false\"><div class='tab_inner_content invers-color'  itemprop=\"text\" ><p>Aquesta regi\u00f3, amb muntanyes, turons i el mar, que s\u2019entrecreuen de la manera m\u00e9s fortu\u00efta, sembla estar feta per a caminar. Nom\u00e9s sortir per la porta principal, et trobar\u00e0s a viaranys rurals que et portaran a turons, arbredes i paisatges campestres, travessant alguns dels llocs m\u00e9s bonics que ofereixen les vistes m\u00e9s sobtades i sorprenents. No \u00e9s habitual topar-se amb alg\u00fa pel cam\u00ed. Hem elaborat un mapa de diverses rutes des de 3,5 a 18 km, encara que, b\u00e0sicament, les dist\u00e0ncies aqu\u00ed s\u00f3n inacabables.\u00a0A pocs minuts en cotxe es troba la zona del llac de Banyoles o la muntanya de la Rocacorba, ideal per practicar senderisme. Una mica m\u00e9s lluny, t\u2019esperen els solitaris embassaments de Susqueda i Sau. O tamb\u00e9 pots dirigir-te cap a la mar i seguir el cam\u00ed costaner, el Cam\u00ed de ronda, que et portar\u00e0 a descobrir platges desertes i caletes ocultes.<\/p>\n<\/div><\/div><\/section>\n<section class='av_tab_section av_tab_section av-av_tab-fbe05877c25147d039a0cdf6e17ad68c'  itemscope=\"itemscope\" itemtype=\"https:\/\/schema.org\/CreativeWork\" ><div class='tab' role='tab' tabindex='0' data-fake-id='#tab-id-2' aria-controls='tab-id-2-content'  itemprop=\"headline\" >Bicicleta<\/div><div id='tab-id-2-content' class='tab_content' aria-hidden=\"true\"><div class='tab_inner_content invers-color'  itemprop=\"text\" ><p>Tant el ciclisme com les passejades en bici s\u00f3n agradables i variades en aquesta regi\u00f3. Sense exagerar, podr\u00edem dir que es pot contemplar qualsevol tipus de paisatge en aquesta zona relativament petita, des de serralades a terres baixes o litoral. \u00c9s sens dubte per aquesta ra\u00f3 que, molts cops, alguns equips de ciclisme professional organitzen els seus entrenaments aqu\u00ed, amb la Rocacorba com l\u2019alternativa perfecta al Mont Ventoux. A m\u00e9s, la via f\u00e8rria Olot-Tossa de Mar \u00e9s, avui en dia, una ruta ciclista de 144 km. Si no pots portar la teva bicicleta, podem aconseguir-ne una, amb o sense guia. Aix\u00ed mateix, si desitges realitzar parades a llocs d\u2019inter\u00e8s durant les teves sortides, estarem encantats d\u2019ajudar-te.<\/p>\n<\/div><\/div><\/section>\n<section class='av_tab_section av_tab_section av-av_tab-1c07ffedff612fd1b425250ba03ee6b0'  itemscope=\"itemscope\" itemtype=\"https:\/\/schema.org\/CreativeWork\" ><div class='tab' role='tab' tabindex='0' data-fake-id='#tab-id-3' aria-controls='tab-id-3-content'  itemprop=\"headline\" >Golf<\/div><div id='tab-id-3-content' class='tab_content' aria-hidden=\"true\"><div class='tab_inner_content invers-color'  itemprop=\"text\" ><p>Els afeccionats al golf tamb\u00e9 trobaran el que busquen, amb tal varietat de camps que en podrien rec\u00f3rrer un per dia. A continuaci\u00f3 enumerem els m\u00e9s importants: Club de Golf de Girona, PGA Catalunya Resort, Club de Golf Peralada, Club de Golf Torremirona, Par3 Gualta, Empord\u00e0 Golf Resort, Club de Golf Costa Brava, Golf Platja de Pals. Si desitges jugar al golf en grup, ens plaur\u00e0 organitzar el viatge d\u2019anada i tornada al camp.<\/p>\n<\/div><\/div><\/section>\n<section class='av_tab_section av_tab_section av-av_tab-098ba0a86dc4617e24b43d488765f0a6'  itemscope=\"itemscope\" itemtype=\"https:\/\/schema.org\/CreativeWork\" ><div class='tab' role='tab' tabindex='0' data-fake-id='#tab-id-4' aria-controls='tab-id-4-content'  itemprop=\"headline\" >Esports d\u2019aigua<\/div><div id='tab-id-4-content' class='tab_content' aria-hidden=\"true\"><div class='tab_inner_content invers-color'  itemprop=\"text\" ><p>Sens dubte, el litoral ofereix nombroses oportunitats per a la pr\u00e0ctica d\u2019esports d\u2019aigua. Pots capbussar-te amb tub o fer submarinisme a Tamariu i els voltants de les Illes Medes, llogar un catamar\u00e0 a L\u2019Escala i fer <em>kitesurf<\/em> a Sant Pere Pescador. O si prefereixes, pots sopar a L\u2019Estartit. Lloga una canoa a Tamariu o Calella de Palafrugell per explorar les cales dels voltants. Tamb\u00e9 a l\u2019interior, els rius de r\u00e0pid caudal s\u00f3n perfectes per practicar rem o descens de r\u00e0pids. Per altra banda, el llac de Banyoles disposa de barques de rems i resulta ideal per a una sessi\u00f3 de nataci\u00f3, seguida d\u2019un relaxat descans en una de les terrasses de la seva riba.<\/p>\n<\/div><\/div><\/section>\n<section class='av_tab_section av_tab_section av-av_tab-be07cd7b60bada773151aaa8e3e544ef'  itemscope=\"itemscope\" itemtype=\"https:\/\/schema.org\/CreativeWork\" ><div class='tab' role='tab' tabindex='0' data-fake-id='#tab-id-5' aria-controls='tab-id-5-content'  itemprop=\"headline\" >Cavalcar<\/div><div id='tab-id-5-content' class='tab_content' aria-hidden=\"true\"><div class='tab_inner_content invers-color'  itemprop=\"text\" ><p>Catalunya \u00e9s un pa\u00eds de cavalls. Els amants d\u2019aquests animals trobaran molts estables a la regi\u00f3, perfecta per muntar i passar un dia fabul\u00f3s trotant per la campanya.<\/p>\n<\/div><\/div><\/section>\n<\/div><br \/>\n\n<style type=\"text\/css\" data-created_by=\"avia_inline_auto\" id=\"style-css-av-av_hr-d06ff6b155852022dd2afb4b3ca0ceb6\">\n#top .hr.hr-invisible.av-av_hr-d06ff6b155852022dd2afb4b3ca0ceb6{\nheight:50px;\n}\n<\/style>\n<div  class='hr av-av_hr-d06ff6b155852022dd2afb4b3ca0ceb6 hr-invisible  avia-builder-el-7  el_after_av_tab_container  el_before_av_textblock '><span class='hr-inner '><span class=\"hr-inner-style\"><\/span><\/span><\/div><br \/>\n\n<style type=\"text\/css\" data-created_by=\"avia_inline_auto\" id=\"style-css-av-av_textblock-6763aea0c97f3484dbd068e780623504\">\n#top .av_textblock_section.av-av_textblock-6763aea0c97f3484dbd068e780623504 .avia_textblock{\ncolor:#000000;\n}\n<\/style>\n<section  class='av_textblock_section av-av_textblock-6763aea0c97f3484dbd068e780623504'  itemscope=\"itemscope\" itemtype=\"https:\/\/schema.org\/CreativeWork\" ><div class='avia_textblock av_inherit_color'  itemprop=\"text\" ><p style=\"text-align: center;\"><span style=\"font-size: 12pt;\"><a href=\"https:\/\/www.123ole.nl\/ca\/activitats\/\"><span style=\"text-decoration: underline;\"><span style=\"font-family: blokletters;\">Tornar a Activitats&lt;&lt;<\/span><\/span><\/a><\/span><\/p>\n<\/div><\/section><\/p><\/div>\n<style type=\"text\/css\" data-created_by=\"avia_inline_auto\" id=\"style-css-av-av_one_half-2a64de42b738552fe666ca889af77e28\">\n.flex_column.av-av_one_half-2a64de42b738552fe666ca889af77e28{\n-webkit-border-radius:0px 0px 0px 0px;\n-moz-border-radius:0px 0px 0px 0px;\nborder-radius:0px 0px 0px 0px;\npadding:0px 0px 0px 0px;\n}\n<\/style>\n<div class='flex_column av-av_one_half-2a64de42b738552fe666ca889af77e28 av_one_half  avia-builder-el-9  el_after_av_one_half  avia-builder-el-last  flex_column_div av-zero-column-padding '     ><p>\n<style type=\"text\/css\" data-created_by=\"avia_inline_auto\" id=\"style-css-av-av_gallery-3fb863da66b8dc71b5fc3faf67144fbf\">\n#top .avia-gallery.av-av_gallery-3fb863da66b8dc71b5fc3faf67144fbf .avia-gallery-thumb a{\nwidth:20%;\n}\n<\/style>\n<div  class='avia-gallery av-av_gallery-3fb863da66b8dc71b5fc3faf67144fbf avia_animate_when_visible  avia-builder-el-10  el_before_av_hr  avia-builder-el-first  deactivate_avia_lazyload avia-gallery-animate avia-gallery-1'  itemprop=\"image\" itemscope=\"itemscope\" itemtype=\"https:\/\/schema.org\/ImageObject\" ><meta itemprop=\"contentURL\" content=\"https:\/\/www.123ole.nl\/ca\/activitats\/esports\/\"><a class='avia-gallery-big fakeLightbox lightbox avia-gallery-big-crop-thumb ' href=\"https:\/\/www.123ole.nl\/wp-content\/uploads\/2016\/02\/wandelen-1-123ole-1030x769.jpg\"  data-onclick='1' title='wandelen-1-123ole' ><span class='avia-gallery-big-inner'  itemprop=\"thumbnailUrl\" ><img width='495' height='400' src='https:\/\/www.123ole.nl\/wp-content\/uploads\/2016\/02\/wandelen-1-123ole-495x400.jpg' title='wandelen-1-123ole' alt='' \/><\/span><\/a><div class='avia-gallery-thumb'><a href=\"https:\/\/www.123ole.nl\/wp-content\/uploads\/2016\/02\/wandelen-1-123ole-1030x769.jpg\" data-rel='gallery-1' data-prev-img='https:\/\/www.123ole.nl\/wp-content\/uploads\/2016\/02\/wandelen-1-123ole-495x400.jpg' class='first_thumb lightbox ' data-onclick='1' title='wandelen-1-123ole'  itemprop=\"thumbnailUrl\"  ><img  src='https:\/\/www.123ole.nl\/wp-content\/uploads\/2016\/02\/wandelen-1-123ole-495x400.jpg' width='495' height='400'  title='wandelen-1-123ole' alt='' \/><div class='big-prev-fake'><img width='495' height='400' src='https:\/\/www.123ole.nl\/wp-content\/uploads\/2016\/02\/wandelen-1-123ole-495x400.jpg' title='wandelen-1-123ole' alt='' \/><\/div><\/a><a href=\"https:\/\/www.123ole.nl\/wp-content\/uploads\/2016\/02\/fietsen1-123ole-1030x687.jpg\" data-rel='gallery-1' data-prev-img='https:\/\/www.123ole.nl\/wp-content\/uploads\/2016\/02\/fietsen1-123ole-495x400.jpg' class='lightbox ' data-onclick='2' title='fietsen1-123ole'  itemprop=\"thumbnailUrl\"  ><img  src='https:\/\/www.123ole.nl\/wp-content\/uploads\/2016\/02\/fietsen1-123ole-495x400.jpg' width='495' height='400'  title='fietsen1-123ole' alt='' \/><div class='big-prev-fake'><img width='495' height='400' src='https:\/\/www.123ole.nl\/wp-content\/uploads\/2016\/02\/fietsen1-123ole-495x400.jpg' title='fietsen1-123ole' alt='' \/><\/div><\/a><a href=\"https:\/\/www.123ole.nl\/wp-content\/uploads\/2016\/02\/golfen1-123ole-1030x687.jpg\" data-rel='gallery-1' data-prev-img='https:\/\/www.123ole.nl\/wp-content\/uploads\/2016\/02\/golfen1-123ole-495x400.jpg' class='lightbox ' data-onclick='3' title='golfen1-123ole'  itemprop=\"thumbnailUrl\"  ><img  src='https:\/\/www.123ole.nl\/wp-content\/uploads\/2016\/02\/golfen1-123ole-495x400.jpg' width='495' height='400'  title='golfen1-123ole' alt='' \/><div class='big-prev-fake'><img width='495' height='400' src='https:\/\/www.123ole.nl\/wp-content\/uploads\/2016\/02\/golfen1-123ole-495x400.jpg' title='golfen1-123ole' alt='' \/><\/div><\/a><a href=\"https:\/\/www.123ole.nl\/wp-content\/uploads\/2016\/02\/fietsen2-123ole-1030x687.jpg\" data-rel='gallery-1' data-prev-img='https:\/\/www.123ole.nl\/wp-content\/uploads\/2016\/02\/fietsen2-123ole-495x400.jpg' class='lightbox ' data-onclick='4' title='fietsen2-123ole'  itemprop=\"thumbnailUrl\"  ><img  src='https:\/\/www.123ole.nl\/wp-content\/uploads\/2016\/02\/fietsen2-123ole-495x400.jpg' width='495' height='400'  title='fietsen2-123ole' alt='' \/><div class='big-prev-fake'><img width='495' height='400' src='https:\/\/www.123ole.nl\/wp-content\/uploads\/2016\/02\/fietsen2-123ole-495x400.jpg' title='fietsen2-123ole' alt='' \/><\/div><\/a><a href=\"https:\/\/www.123ole.nl\/wp-content\/uploads\/2016\/02\/wandelen-2-123ole-1030x769.jpg\" data-rel='gallery-1' data-prev-img='https:\/\/www.123ole.nl\/wp-content\/uploads\/2016\/02\/wandelen-2-123ole-495x400.jpg' class='lightbox ' data-onclick='5' title='wandelen-2-123ole'  itemprop=\"thumbnailUrl\"  ><img  src='https:\/\/www.123ole.nl\/wp-content\/uploads\/2016\/02\/wandelen-2-123ole-495x400.jpg' width='495' height='400'  title='wandelen-2-123ole' alt='' \/><div class='big-prev-fake'><img width='495' height='400' src='https:\/\/www.123ole.nl\/wp-content\/uploads\/2016\/02\/wandelen-2-123ole-495x400.jpg' title='wandelen-2-123ole' alt='' \/><\/div><\/a><\/div><\/div><br \/>\n\n<style type=\"text\/css\" data-created_by=\"avia_inline_auto\" id=\"style-css-av-av_hr-a07f7596b1fca85f6595a75d593069df\">\n#top .hr.hr-invisible.av-av_hr-a07f7596b1fca85f6595a75d593069df{\nheight:40px;\n}\n<\/style>\n<div  class='hr av-av_hr-a07f7596b1fca85f6595a75d593069df hr-invisible  avia-builder-el-11  el_after_av_gallery  avia-builder-el-last '><span class='hr-inner '><span class=\"hr-inner-style\"><\/span><\/span><\/div><\/p><\/div><\/div><\/div><\/div><!-- close content main div --><\/div><\/div>\n<style type=\"text\/css\" data-created_by=\"avia_inline_auto\" id=\"style-css-av-av_section-c669eb898479911e34664401d1422df4\">\n.avia-section.av-av_section-c669eb898479911e34664401d1422df4{\nbackground-repeat:no-repeat;\nbackground-image:url(https:\/\/www.123ole.nl\/wp-content\/uploads\/2015\/12\/OLE123-banner-f.jpg);\nbackground-position:50% 50%;\nbackground-attachment:scroll;\n}\n<\/style>\n<div id='av_section_3'  class='avia-section av-av_section-c669eb898479911e34664401d1422df4 main_color avia-section-small avia-no-border-styling  avia-builder-el-12  el_after_av_section  avia-builder-el-last  avia-full-stretch avia-bg-style-scroll av-minimum-height av-minimum-height-custom  container_wrap sidebar_right'  data-section-bg-repeat='stretch' data-av_minimum_height_px='70'><div class='container av-section-cont-open' style='height:70px'><div class='template-page content  av-content-small alpha units'><div class='post-entry post-entry-type-page post-entry-1574'><div class='entry-content-wrapper clearfix'><\/div><\/div><\/div><!-- close content main div --><\/div><\/div><div id='after_section_3'  class='main_color av_default_container_wrap container_wrap sidebar_right'  ><div class='container av-section-cont-open' ><div class='template-page content  av-content-small alpha units'><div class='post-entry post-entry-type-page post-entry-1574'><div class='entry-content-wrapper clearfix'><\/p>\n","protected":false},"excerpt":{"rendered":"","protected":false},"author":12,"featured_media":0,"parent":1573,"menu_order":0,"comment_status":"closed","ping_status":"closed","template":"","meta":{"footnotes":""},"class_list":["post-1574","page","type-page","status-publish","hentry"],"yoast_head":"<!-- This site is optimized with the Yoast SEO plugin v26.5 - https:\/\/yoast.com\/wordpress\/plugins\/seo\/ -->\n<title>Esports - Variee ole!<\/title>\n<meta name=\"robots\" content=\"index, follow, max-snippet:-1, max-image-preview:large, max-video-preview:-1\" \/>\n<link rel=\"canonical\" href=\"https:\/\/www.123ole.nl\/ca\/activitats\/esports\/\" \/>\n<meta property=\"og:locale\" content=\"ca_ES\" \/>\n<meta property=\"og:type\" content=\"article\" \/>\n<meta property=\"og:title\" content=\"Esports - Variee ole!\" \/>\n<meta property=\"og:url\" content=\"https:\/\/www.123ole.nl\/ca\/activitats\/esports\/\" \/>\n<meta property=\"og:site_name\" content=\"Variee ole!\" \/>\n<meta property=\"article:publisher\" content=\"https:\/\/www.facebook.com\/123ole\/\" \/>\n<meta property=\"article:modified_time\" content=\"2016-04-25T07:26:55+00:00\" \/>\n<meta property=\"og:image\" content=\"https:\/\/www.123ole.nl\/wp-content\/uploads\/2015\/04\/Can-Portell-Spanje.jpg\" \/>\n\t<meta property=\"og:image:width\" content=\"1500\" \/>\n\t<meta property=\"og:image:height\" content=\"996\" \/>\n\t<meta property=\"og:image:type\" content=\"image\/jpeg\" \/>\n<meta name=\"twitter:card\" content=\"summary_large_image\" \/>\n<meta name=\"twitter:label1\" content=\"Est. reading time\" \/>\n\t<meta name=\"twitter:data1\" content=\"6 minuts\" \/>\n<script type=\"application\/ld+json\" class=\"yoast-schema-graph\">{\"@context\":\"https:\/\/schema.org\",\"@graph\":[{\"@type\":\"WebPage\",\"@id\":\"https:\/\/www.123ole.nl\/ca\/activitats\/esports\/\",\"url\":\"https:\/\/www.123ole.nl\/ca\/activitats\/esports\/\",\"name\":\"Esports - Variee ole!\",\"isPartOf\":{\"@id\":\"https:\/\/www.123ole.nl\/ca\/#website\"},\"datePublished\":\"2016-04-20T13:04:20+00:00\",\"dateModified\":\"2016-04-25T07:26:55+00:00\",\"breadcrumb\":{\"@id\":\"https:\/\/www.123ole.nl\/ca\/activitats\/esports\/#breadcrumb\"},\"inLanguage\":\"ca\",\"potentialAction\":[{\"@type\":\"ReadAction\",\"target\":[\"https:\/\/www.123ole.nl\/ca\/activitats\/esports\/\"]}]},{\"@type\":\"BreadcrumbList\",\"@id\":\"https:\/\/www.123ole.nl\/ca\/activitats\/esports\/#breadcrumb\",\"itemListElement\":[{\"@type\":\"ListItem\",\"position\":1,\"name\":\"Home\",\"item\":\"https:\/\/www.123ole.nl\/ca\/home\/\"},{\"@type\":\"ListItem\",\"position\":2,\"name\":\"Activitats\",\"item\":\"https:\/\/www.123ole.nl\/ca\/activitats\/\"},{\"@type\":\"ListItem\",\"position\":3,\"name\":\"Esports\"}]},{\"@type\":\"WebSite\",\"@id\":\"https:\/\/www.123ole.nl\/ca\/#website\",\"url\":\"https:\/\/www.123ole.nl\/ca\/\",\"name\":\"Variee ole!\",\"description\":\"&quot;123 ole!&quot;\",\"potentialAction\":[{\"@type\":\"SearchAction\",\"target\":{\"@type\":\"EntryPoint\",\"urlTemplate\":\"https:\/\/www.123ole.nl\/ca\/?s={search_term_string}\"},\"query-input\":{\"@type\":\"PropertyValueSpecification\",\"valueRequired\":true,\"valueName\":\"search_term_string\"}}],\"inLanguage\":\"ca\"}]}<\/script>\n<!-- \/ Yoast SEO plugin. -->","yoast_head_json":{"title":"Esports - Variee ole!","robots":{"index":"index","follow":"follow","max-snippet":"max-snippet:-1","max-image-preview":"max-image-preview:large","max-video-preview":"max-video-preview:-1"},"canonical":"https:\/\/www.123ole.nl\/ca\/activitats\/esports\/","og_locale":"ca_ES","og_type":"article","og_title":"Esports - Variee ole!","og_url":"https:\/\/www.123ole.nl\/ca\/activitats\/esports\/","og_site_name":"Variee ole!","article_publisher":"https:\/\/www.facebook.com\/123ole\/","article_modified_time":"2016-04-25T07:26:55+00:00","og_image":[{"width":1500,"height":996,"url":"https:\/\/www.123ole.nl\/wp-content\/uploads\/2015\/04\/Can-Portell-Spanje.jpg","type":"image\/jpeg"}],"twitter_card":"summary_large_image","twitter_misc":{"Est. reading time":"6 minuts"},"schema":{"@context":"https:\/\/schema.org","@graph":[{"@type":"WebPage","@id":"https:\/\/www.123ole.nl\/ca\/activitats\/esports\/","url":"https:\/\/www.123ole.nl\/ca\/activitats\/esports\/","name":"Esports - Variee ole!","isPartOf":{"@id":"https:\/\/www.123ole.nl\/ca\/#website"},"datePublished":"2016-04-20T13:04:20+00:00","dateModified":"2016-04-25T07:26:55+00:00","breadcrumb":{"@id":"https:\/\/www.123ole.nl\/ca\/activitats\/esports\/#breadcrumb"},"inLanguage":"ca","potentialAction":[{"@type":"ReadAction","target":["https:\/\/www.123ole.nl\/ca\/activitats\/esports\/"]}]},{"@type":"BreadcrumbList","@id":"https:\/\/www.123ole.nl\/ca\/activitats\/esports\/#breadcrumb","itemListElement":[{"@type":"ListItem","position":1,"name":"Home","item":"https:\/\/www.123ole.nl\/ca\/home\/"},{"@type":"ListItem","position":2,"name":"Activitats","item":"https:\/\/www.123ole.nl\/ca\/activitats\/"},{"@type":"ListItem","position":3,"name":"Esports"}]},{"@type":"WebSite","@id":"https:\/\/www.123ole.nl\/ca\/#website","url":"https:\/\/www.123ole.nl\/ca\/","name":"Variee ole!","description":"&quot;123 ole!&quot;","potentialAction":[{"@type":"SearchAction","target":{"@type":"EntryPoint","urlTemplate":"https:\/\/www.123ole.nl\/ca\/?s={search_term_string}"},"query-input":{"@type":"PropertyValueSpecification","valueRequired":true,"valueName":"search_term_string"}}],"inLanguage":"ca"}]}},"_links":{"self":[{"href":"https:\/\/www.123ole.nl\/ca\/wp-json\/wp\/v2\/pages\/1574","targetHints":{"allow":["GET"]}}],"collection":[{"href":"https:\/\/www.123ole.nl\/ca\/wp-json\/wp\/v2\/pages"}],"about":[{"href":"https:\/\/www.123ole.nl\/ca\/wp-json\/wp\/v2\/types\/page"}],"author":[{"embeddable":true,"href":"https:\/\/www.123ole.nl\/ca\/wp-json\/wp\/v2\/users\/12"}],"replies":[{"embeddable":true,"href":"https:\/\/www.123ole.nl\/ca\/wp-json\/wp\/v2\/comments?post=1574"}],"version-history":[{"count":0,"href":"https:\/\/www.123ole.nl\/ca\/wp-json\/wp\/v2\/pages\/1574\/revisions"}],"up":[{"embeddable":true,"href":"https:\/\/www.123ole.nl\/ca\/wp-json\/wp\/v2\/pages\/1573"}],"wp:attachment":[{"href":"https:\/\/www.123ole.nl\/ca\/wp-json\/wp\/v2\/media?parent=1574"}],"curies":[{"name":"wp","href":"https:\/\/api.w.org\/{rel}","templated":true}]}}